{"id":132,"date":"2023-04-11T17:07:36","date_gmt":"2023-04-11T16:07:36","guid":{"rendered":"https:\/\/ambbrazzaville.esteri.itchi-siamo\/"},"modified":"2025-04-02T10:25:56","modified_gmt":"2025-04-02T09:25:56","slug":"chi-siamo","status":"publish","type":"page","link":"https:\/\/ambbrazzaville.esteri.it\/fr\/chi-siamo\/","title":{"rendered":"Qui nous sommes"},"content":{"rendered":"<p style=\"text-align: justify;\">Les relations diplomatiques entre l&rsquo;Italie et le Congo remontent \u00e0 1965, peu apr\u00e8s l&rsquo;ind\u00e9pendance du pays africain. Les deux premiers ambassadeurs r\u00e9sidaient \u00e0 Yaound\u00e9 (Cameroun).<\/p>\n<p style=\"text-align: justify;\">Le Chef de Mission est l&rsquo;Ambassadeur Enrico Nunziata.<\/p>\n<p style=\"text-align: justify;\">L&rsquo;Ambassade \u00e0 Brazzaville coordonne les activit\u00e9s du Consulat honoraire de Pointe-Noire. Le personnel de l&rsquo;Ambassade, compos\u00e9 de plusieurs bureaux, est constitu\u00e9 d&rsquo;agents du Minist\u00e8re des Affaires Etrang\u00e8res, d&rsquo;agents contractuels locaux et de personnel de l\u2019Arme des Carabiniers.<\/p>\n<p style=\"text-align: justify;\">Par l&rsquo;interm\u00e9diaire de sa Chancellerie consulaire, l&rsquo;Ambassade d&rsquo;Italie \u00e0 Brazzaville fournit \u00e9galement un ensemble de services consulaires aux citoyens italiens et \u00e9trangers r\u00e9sidant sur le territoire de sa circonscription.<\/p>\n<p style=\"text-align: center;\"><strong><span style=\"text-align: center;\">Ambassadeurs d&rsquo;Italie accr\u00e9dit\u00e9s en R\u00e9publique du Congo<\/span><\/strong><\/p>\n<p style=\"text-align: center;\"><span style=\"text-align: center;\">Francesco Paolo CAMPANELLA, ambasciatore con L. C. (\u00e0 Yaound\u00e9) \u2026\u2026. 20 aprile 1965<br \/>\nArmando MARCHETTI, ambasciatore con L. C. (\u00e0 Yaound\u00e9) \u2026\u2026\u2026\u2026\u2026\u2026\u2026 21 maggio 1968<br \/>\nGaleazzo PINI, ambasciatore con L. C. \u2026\u2026\u2026\u2026\u2026\u2026\u2026\u2026\u2026\u2026\u2026\u2026\u2026\u2026\u2026\u2026\u2026\u2026\u2026\u2026\u2026\u2026\u2026.. 9 luglio 1973<br \/>\nAntonio BIASI, ambasciatore con L. C\u2026\u2026\u2026\u2026\u2026\u2026\u2026\u2026\u2026\u2026\u2026\u2026\u2026\u2026\u2026\u2026\u2026\u2026\u2026\u2026\u2026\u2026\u2026\u2026 30 gennaio 1977<br \/>\nSergio EMINA, incaricato d\u2019affari con L. C\u2026\u2026\u2026\u2026\u2026\u2026\u2026\u2026\u2026\u2026\u2026\u2026\u2026\u2026\u2026\u2026\u2026\u2026\u2026\u2026\u2026.. 14 giugno 1979<br \/>\nSergio EMINA, ambasciatore con L. C. \u2026\u2026\u2026\u2026\u2026\u2026\u2026\u2026\u2026\u2026\u2026\u2026\u2026\u2026\u2026\u2026\u2026\u2026\u2026\u2026\u2026\u2026\u2026.. 11 marzo 1980<br \/>\nVittorio FUMO, ambasciatore con L. C. \u2026\u2026\u2026\u2026\u2026\u2026\u2026\u2026\u2026\u2026\u2026\u2026\u2026\u2026\u2026\u2026\u2026\u2026\u2026\u2026\u2026\u2026\u2026. 2 agosto 1984<br \/>\nTibor HOOR TEMPIS LIVI, ambasciatore con L. C\u2026\u2026\u2026\u2026\u2026\u2026\u2026\u2026\u2026\u2026\u2026\u2026\u2026\u2026\u2026\u2026\u2026\u2026. 9 giugno 1988<br \/>\nFausto Maria PENNACCHIO, ambasciatore con L. C. \u2026\u2026\u2026\u2026\u2026\u2026\u2026\u2026\u2026\u2026\u2026\u2026\u2026\u2026\u2026\u2026.. 31 marzo 1994<br \/>\nRubens Anna FEDELE, incaricato d\u2019affari con L.C. \u2026\u2026\u2026\u2026\u2026\u2026\u2026\u2026\u2026\u2026\u2026\u2026\u2026\u2026\u2026\u2026\u2026. 1\u00b0 luglio 1998<br \/>\nRubens Anna FEDELE, ambasciatore con L. C\u2026\u2026\u2026\u2026\u2026\u2026\u2026\u2026\u2026\u2026\u2026\u2026\u2026\u2026\u2026\u2026\u2026\u2026\u2026\u2026 5 novembre 1998<br \/>\nGaetano LA PIANA, incaricato d\u2019affari con L.C. \u2026\u2026\u2026\u2026\u2026\u2026\u2026\u2026\u2026\u2026\u2026\u2026\u2026\u2026\u2026\u2026\u2026\u2026\u2026 5 agosto 2002<br \/>\nGaetano LA PIANA, ambasciatore con L. C\u2026\u2026\u2026\u2026\u2026\u2026\u2026\u2026\u2026\u2026\u2026\u2026\u2026\u2026\u2026\u2026\u2026\u2026\u2026\u2026\u2026.. 25 febbraio 2005<br \/>\nAngelo TRAVAGLINI, ambasciatore con L. C\u2026\u2026\u2026\u2026\u2026\u2026\u2026\u2026\u2026\u2026\u2026\u2026\u2026\u2026\u2026\u2026\u2026\u2026\u2026\u2026.. 22 febbraio 2007<br \/>\nFrancesco Paolo VENIER, ambasciatore con L. C. \u2026\u2026\u2026\u2026\u2026\u2026\u2026\u2026\u2026\u2026\u2026\u2026\u2026\u2026\u2026\u2026\u2026\u2026 26 agosto 2009<br \/>\nNicol\u00f2 TASSONI ESTENSE DI CASTELVECCHIO, incaricato d\u2019affari con L.C. \u2026\u2026\u2026\u2026. 10 settembre 2011<br \/>\nNicol\u00f2 TASSONI ESTENSE DI CASTELVECCHIO, ambasciatore con L. C. \u2026\u2026\u2026\u2026\u2026\u2026. 25 maggio 2012<br \/>\nAndrea MAZZELLA, incaricato d\u2019affari con L. C. \u2026\u2026\u2026\u2026\u2026\u2026\u2026\u2026\u2026\u2026\u2026\u2026\u2026\u2026\u2026\u2026\u2026\u2026. 8 settembre 2014<br \/>\nStefano DE LEO, ambasciatore con L. C. \u2026. \u2026\u2026\u2026\u2026\u2026\u2026\u2026\u2026\u2026\u2026\u2026\u2026\u2026\u2026\u2026\u2026\u2026\u2026\u2026\u2026\u2026 14 dicembre 2018<br \/>\nLuigi DIODATI, ambasciatore con L. C. \u2026\u2026\u2026\u2026\u2026\u2026\u2026\u2026\u2026\u2026\u2026\u2026\u2026\u2026\u2026\u2026\u2026\u2026\u2026\u2026\u2026\u2026\u2026 7 febbraio 2022<br \/>\nEnrico NUNZIATA, ambasciatore con L. C. \u2026\u2026\u2026\u2026\u2026\u2026\u2026\u2026\u2026\u2026\u2026\u2026\u2026\u2026\u2026\u2026\u2026\u2026\u2026\u2026\u2026. 14 luglio 2023\u00a0<\/span><\/p>\n","protected":false},"excerpt":{"rendered":"Les relations diplomatiques entre l&rsquo;Italie et le Congo remontent \u00e0 1965, peu apr\u00e8s l&rsquo;ind\u00e9pendance du pays africain. Les deux premiers ambassadeurs r\u00e9sidaient \u00e0 Yaound\u00e9 (Cameroun). Le Chef de Mission est l&rsquo;Ambassadeur Enrico Nunziata. L&rsquo;Ambassade \u00e0 Brazzaville coordonne les activit\u00e9s du Consulat honoraire de Pointe-Noire. Le personnel de l&rsquo;Ambassade, compos\u00e9 de plusieurs bureaux, est constitu\u00e9 d&rsquo;agents [&hellip;]","protected":false},"author":1,"featured_media":0,"parent":0,"menu_order":2,"comment_status":"closed","ping_status":"closed","template":"","meta":{"footnotes":""},"class_list":["post-132","page","type-page","status-publish","hentry"],"_links":{"self":[{"href":"https:\/\/ambbrazzaville.esteri.it\/fr\/wp-json\/wp\/v2\/pages\/132","targetHints":{"allow":["GET"]}}],"collection":[{"href":"https:\/\/ambbrazzaville.esteri.it\/fr\/wp-json\/wp\/v2\/pages"}],"about":[{"href":"https:\/\/ambbrazzaville.esteri.it\/fr\/wp-json\/wp\/v2\/types\/page"}],"author":[{"embeddable":true,"href":"https:\/\/ambbrazzaville.esteri.it\/fr\/wp-json\/wp\/v2\/users\/1"}],"replies":[{"embeddable":true,"href":"https:\/\/ambbrazzaville.esteri.it\/fr\/wp-json\/wp\/v2\/comments?post=132"}],"version-history":[{"count":4,"href":"https:\/\/ambbrazzaville.esteri.it\/fr\/wp-json\/wp\/v2\/pages\/132\/revisions"}],"predecessor-version":[{"id":1582,"href":"https:\/\/ambbrazzaville.esteri.it\/fr\/wp-json\/wp\/v2\/pages\/132\/revisions\/1582"}],"wp:attachment":[{"href":"https:\/\/ambbrazzaville.esteri.it\/fr\/wp-json\/wp\/v2\/media?parent=132"}],"curies":[{"name":"wp","href":"https:\/\/api.w.org\/{rel}","templated":true}]}}