{"id":141,"date":"2023-04-11T18:10:30","date_gmt":"2023-04-11T17:10:30","guid":{"rendered":"https:\/\/ambbrazzaville.esteri.itdiplomazia-economica\/"},"modified":"2025-04-30T13:28:34","modified_gmt":"2025-04-30T12:28:34","slug":"diplomazia-economica","status":"publish","type":"page","link":"https:\/\/ambbrazzaville.esteri.it\/fr\/italia-e-congo\/diplomazia-economica\/","title":{"rendered":"Diplomatie \u00e9conomique"},"content":{"rendered":"<p style=\"text-align: justify;\">L&rsquo;Italie est le deuxi\u00e8me partenaire europ\u00e9en de la R\u00e9publique du Congo, apr\u00e8s la France. Les \u00e9changes commerciaux avec l&rsquo;Italie ont atteint 270 millions d&rsquo;euros en 2024. Les exportations italiennes, avec 185 millions, sont tr\u00e8s diversifi\u00e9es et se composent principalement de machines et d&rsquo;\u00e9quipements industriels, de produits agroalimentaires, de produits chimiques et de meubles. Les importations sont principalement li\u00e9es aux secteurs minier et m\u00e9tallurgique.<\/p>\n<p style=\"text-align: justify;\">Plusieurs entreprises italiennes ont r\u00e9alis\u00e9 des investissements productifs dans le pays, \u00e0 commencer par ENI, qui a accompagn\u00e9 les politiques de d\u00e9veloppement industriel et \u00e9nerg\u00e9tique du Congo depuis les premi\u00e8res ann\u00e9es de l&rsquo;ind\u00e9pendance et qui est aujourd&rsquo;hui l&rsquo;un des principaux acteurs dans le cadre de ses ambitieux programmes de diversification et de relance \u00e9conomique (p\u00e9riode quinquennale 2022-2026). La coop\u00e9ration \u00e9conomique italo-congolaise s&rsquo;est encore approfondie avec une r\u00e9f\u00e9rence particuli\u00e8re aux secteurs de la construction, des transports, de la sant\u00e9, de l&rsquo;agroalimentaire et des services, comme en t\u00e9moigne le succ\u00e8s du forum bilat\u00e9ral d\u00e9di\u00e9 aux Petites et Moyennes Entreprises qui s&rsquo;est tenu \u00e0 Rome du 31 janvier au 2 f\u00e9vrier 2024.<\/p>\n<p style=\"text-align: justify;\">L&rsquo;Italie investit fortement pour soutenir les activit\u00e9s des op\u00e9rateurs nationaux, en offrant un syst\u00e8me italien pr\u00eat \u00e0 les informer, \u00e0 les assister et \u00e0 am\u00e9liorer leur comp\u00e9titivit\u00e9. Le Bureau Commercial de l&rsquo;Ambassade d&rsquo;Italie \u00e0 Brazzaville est responsable des relations \u00e9conomico-commerciales avec la R\u00e9publique du Congo et offre des services aux entreprises italiennes et aux op\u00e9rateurs \u00e9conomiques qui ont l&rsquo;intention de poursuivre des opportunit\u00e9s d&rsquo;affaires dans le pays. Un Point de Correspondance ICE est \u00e9galement pr\u00e9sent \u00e0 l&rsquo;Ambassade (Tel : +242 222 810108 ; e-mail : <a href=\"mailto:brazzaville@ice.it\">brazzaville@ice.it<\/a>\u00a0 ; Website : <a href=\"https:\/\/www.ice.it\/it\/mercati\/repubblica-del-congo\/punto-di-corrispondenza-di-brazzaville\">https:\/\/www.ice.it\/it\/mercati\/repubblica-del-congo\/punto-di-corrispondenza-di-brazzaville<\/a>).<\/p>\n<p style=\"text-align: justify;\">Pour soumettre une demande d&rsquo;assistance \u00e0 la section entreprises, vous pouvez utiliser la plateforme NEXUS, en cliquant ici, ou \u00e9crire \u00e0 <a href=\"mailto:amb.brazzaville@esteri.it\">amb.brazzaville@esteri.it<\/a> .<\/p>\n","protected":false},"excerpt":{"rendered":"L&rsquo;Italie est le deuxi\u00e8me partenaire europ\u00e9en de la R\u00e9publique du Congo, apr\u00e8s la France. Les \u00e9changes commerciaux avec l&rsquo;Italie ont atteint 270 millions d&rsquo;euros en 2024. Les exportations italiennes, avec 185 millions, sont tr\u00e8s diversifi\u00e9es et se composent principalement de machines et d&rsquo;\u00e9quipements industriels, de produits agroalimentaires, de produits chimiques et de meubles. Les importations [&hellip;]","protected":false},"author":1,"featured_media":0,"parent":153,"menu_order":0,"comment_status":"closed","ping_status":"closed","template":"","meta":{"footnotes":""},"class_list":["post-141","page","type-page","status-publish","hentry"],"_links":{"self":[{"href":"https:\/\/ambbrazzaville.esteri.it\/fr\/wp-json\/wp\/v2\/pages\/141","targetHints":{"allow":["GET"]}}],"collection":[{"href":"https:\/\/ambbrazzaville.esteri.it\/fr\/wp-json\/wp\/v2\/pages"}],"about":[{"href":"https:\/\/ambbrazzaville.esteri.it\/fr\/wp-json\/wp\/v2\/types\/page"}],"author":[{"embeddable":true,"href":"https:\/\/ambbrazzaville.esteri.it\/fr\/wp-json\/wp\/v2\/users\/1"}],"replies":[{"embeddable":true,"href":"https:\/\/ambbrazzaville.esteri.it\/fr\/wp-json\/wp\/v2\/comments?post=141"}],"version-history":[{"count":4,"href":"https:\/\/ambbrazzaville.esteri.it\/fr\/wp-json\/wp\/v2\/pages\/141\/revisions"}],"predecessor-version":[{"id":1733,"href":"https:\/\/ambbrazzaville.esteri.it\/fr\/wp-json\/wp\/v2\/pages\/141\/revisions\/1733"}],"up":[{"embeddable":true,"href":"https:\/\/ambbrazzaville.esteri.it\/fr\/wp-json\/wp\/v2\/pages\/153"}],"wp:attachment":[{"href":"https:\/\/ambbrazzaville.esteri.it\/fr\/wp-json\/wp\/v2\/media?parent=141"}],"curies":[{"name":"wp","href":"https:\/\/api.w.org\/{rel}","templated":true}]}}