{"id":142,"date":"2023-04-11T18:24:01","date_gmt":"2023-04-11T17:24:01","guid":{"rendered":"https:\/\/ambbrazzaville.esteri.itdiplomazia-economica\/fare-affari-in-italia\/"},"modified":"2025-04-01T18:20:28","modified_gmt":"2025-04-01T17:20:28","slug":"fare-affari-in-italia","status":"publish","type":"page","link":"https:\/\/ambbrazzaville.esteri.it\/fr\/italia-e-congo\/diplomazia-economica\/fare-affari-in-italia\/","title":{"rendered":"Faire des affaires en Italie"},"content":{"rendered":"<p>L&rsquo;Italie est le sixi\u00e8me pays de la zone OCDE et le quatri\u00e8me de la zone europ\u00e9enne en termes de valeur du produit int\u00e9rieur brut. Elle est membre fondateur de l&rsquo;Union europ\u00e9enne, de la zone euro, de l&rsquo;OCDE, du G7 et du G20 et est le dixi\u00e8me exportateur mondial, avec plus de 600 milliards d&rsquo;euros d&rsquo;exportations en 2019. La production italienne repr\u00e9sente plus de 13 % du PIB de l&rsquo;Union europ\u00e9enne. En termes de structure de production, la composition italienne par secteur d&rsquo;activit\u00e9 \u00e9conomique est similaire \u00e0 celle des principaux pays europ\u00e9ens, avec 27,7 % de la production dans l&rsquo;industrie manufacturi\u00e8re et la construction et pr\u00e8s de 70 % dans les services. Dans ce dernier secteur, le commerce, les transports et les communications absorbent une part plus importante du PIB que la moyenne des pays europ\u00e9ens.<\/p>\n<p>Le pays entretient des liens commerciaux \u00e9troits avec l&rsquo;Union europ\u00e9enne, avec laquelle il r\u00e9alise environ 59 % de son commerce total.\u00a0 L&rsquo;Italie produit et exporte des machines, des v\u00e9hicules, des produits pharmaceutiques, des meubles, des produits alimentaires, des v\u00eatements et des robots. Elle est connue pour son secteur commercial innovant, son secteur agricole industrieux et comp\u00e9titif (l&rsquo;Italie est le premier producteur mondial de vin) et sa production de produits de haute qualit\u00e9 et de design, notamment des automobiles, des navires, des appareils m\u00e9nagers et des articles de haute couture.<\/p>\n<p>L&rsquo;Italie est le plus grand centre \u00e9conomique pour les produits de luxe en Europe et le troisi\u00e8me au niveau mondial.<\/p>\n<p>Le \u00ab Made in Italy \u00bb ne se limite pas \u00e0 la mode, aux produits alimentaires et au mobilier : l&rsquo;ing\u00e9nierie, les produits pharmaceutiques et les produits de haute technologie connaissent une croissance continue et sont devenus d&rsquo;importantes industries nationales.<\/p>\n<p>Situ\u00e9e au c\u0153ur de la M\u00e9diterran\u00e9e, l&rsquo;Italie est une plaque tournante cruciale pour les liaisons routi\u00e8res, maritimes et a\u00e9riennes entre le nord et le sud de l&rsquo;Europe. Le march\u00e9 italien offre d&rsquo;innombrables possibilit\u00e9s aux entreprises en expansion, avec pr\u00e8s de 60 millions de consommateurs et un PIB qui se classe au quatri\u00e8me rang en Europe. Gr\u00e2ce \u00e0 sa position strat\u00e9gique, l&rsquo;Italie permet d&rsquo;atteindre facilement les 396 millions de consommateurs des autres pays de l&rsquo;UE et les 240 millions de l&rsquo;Afrique du Nord et du Moyen-Orient.<\/p>\n<p>Il existe de nombreuses incitations financi\u00e8res dans le pays pour accro\u00eetre l&rsquo;attractivit\u00e9 des investissements \u00e9trangers en encourageant la recherche et le d\u00e9veloppement et en favorisant la croissance de nouvelles entreprises. Les investissements \u00e9trangers en Italie s&rsquo;\u00e9l\u00e8vent \u00e0 30 milliards d&rsquo;euros. La l\u00e9gislation soutient \u00e9galement un \u00e9cosyst\u00e8me de start-ups innovantes et de haute technologie. Des subventions de l&rsquo;\u00c9tat et des garanties de pr\u00eat sont disponibles pour ceux qui souhaitent d\u00e9velopper leur entreprise et acheter de nouvelles machines, installations ou \u00e9quipements.<\/p>\n<p>L&rsquo;Italie offre un environnement de recherche et de d\u00e9veloppement de pointe, avec des investissements s&rsquo;\u00e9levant \u00e0 20 milliards d&rsquo;euros, ce qui place le pays au quatri\u00e8me rang en Europe. Les chercheurs italiens sont \u00e9galement les plus productifs au monde en termes de nombre d&rsquo;articles publi\u00e9s.<\/p>\n<p>La production manufacturi\u00e8re a toujours \u00e9t\u00e9 le moteur de l&rsquo;\u00e9conomie italienne, y compris en termes d&rsquo;innovation technologique : 25 % des entreprises du secteur utilisent la robotique dans leurs processus de production. Mais ce sont les secteurs de l&rsquo;a\u00e9rospatiale et de la biotechnologie qui enregistrent la plus forte croissance, tant en termes d&rsquo;investissements que de chiffre d&rsquo;affaires.<\/p>\n","protected":false},"excerpt":{"rendered":"L&rsquo;Italie est le sixi\u00e8me pays de la zone OCDE et le quatri\u00e8me de la zone europ\u00e9enne en termes de valeur du produit int\u00e9rieur brut. Elle est membre fondateur de l&rsquo;Union europ\u00e9enne, de la zone euro, de l&rsquo;OCDE, du G7 et du G20 et est le dixi\u00e8me exportateur mondial, avec plus de 600 milliards d&rsquo;euros d&rsquo;exportations [&hellip;]","protected":false},"author":1,"featured_media":0,"parent":141,"menu_order":0,"comment_status":"closed","ping_status":"closed","template":"","meta":{"footnotes":""},"class_list":["post-142","page","type-page","status-publish","hentry"],"_links":{"self":[{"href":"https:\/\/ambbrazzaville.esteri.it\/fr\/wp-json\/wp\/v2\/pages\/142","targetHints":{"allow":["GET"]}}],"collection":[{"href":"https:\/\/ambbrazzaville.esteri.it\/fr\/wp-json\/wp\/v2\/pages"}],"about":[{"href":"https:\/\/ambbrazzaville.esteri.it\/fr\/wp-json\/wp\/v2\/types\/page"}],"author":[{"embeddable":true,"href":"https:\/\/ambbrazzaville.esteri.it\/fr\/wp-json\/wp\/v2\/users\/1"}],"replies":[{"embeddable":true,"href":"https:\/\/ambbrazzaville.esteri.it\/fr\/wp-json\/wp\/v2\/comments?post=142"}],"version-history":[{"count":4,"href":"https:\/\/ambbrazzaville.esteri.it\/fr\/wp-json\/wp\/v2\/pages\/142\/revisions"}],"predecessor-version":[{"id":1546,"href":"https:\/\/ambbrazzaville.esteri.it\/fr\/wp-json\/wp\/v2\/pages\/142\/revisions\/1546"}],"up":[{"embeddable":true,"href":"https:\/\/ambbrazzaville.esteri.it\/fr\/wp-json\/wp\/v2\/pages\/141"}],"wp:attachment":[{"href":"https:\/\/ambbrazzaville.esteri.it\/fr\/wp-json\/wp\/v2\/media?parent=142"}],"curies":[{"name":"wp","href":"https:\/\/api.w.org\/{rel}","templated":true}]}}