{"id":147,"date":"2023-04-11T17:53:01","date_gmt":"2023-04-11T16:53:01","guid":{"rendered":"https:\/\/ambbrazzaville.esteri.itchi-siamo\/lambasciatore\/"},"modified":"2025-04-01T16:40:45","modified_gmt":"2025-04-01T15:40:45","slug":"lambasciatore","status":"publish","type":"page","link":"https:\/\/ambbrazzaville.esteri.it\/fr\/chi-siamo\/lambasciatore\/","title":{"rendered":"L&rsquo;Ambassadeur"},"content":{"rendered":"<p><strong>Enrico Nunziata<\/strong><\/p>\n<p>N\u00e9 \u00e0 Naples, le 6 d\u00e9cembre 1970, le 12 juillet 1993 il obtient le dipl\u00f4me en sciences politiques \u00e0 l\u2019Institut universitaire oriental de Naples.<\/p>\n<p>Apr\u00e8s avoir pass\u00e9 le concours national, le 23 septembre 1996 il est nomm\u00e9 Volontaire de la carri\u00e8re diplomatique. De 23 septembre 1996 au 22 juin 1997 il fr\u00e9quent un cours de formation professionnelle \u00e0 l&rsquo;Institut Diplomatique.<\/p>\n<p>Il devient Secr\u00e9taire de l\u00e9gation le 23 juin 1997. Il travaille au Centre du Chiffre et des T\u00e9l\u00e9communications depuis le 23 juin 1997. Le 31 mai 1998 il prend service comme Deuxi\u00e8me secr\u00e9taire au commerce \u00e0 Khartoum et il devient premier secr\u00e9taire \u00e0 Tirana, le 9 octobre 2000. En 2003, il prend fonction comme Premier secr\u00e9taire commercial \u00e0 Moscou et est Confirm\u00e9 dans ses fonctions de premier secr\u00e9taire, le 22 juin 2006.<\/p>\n<p>Conseiller de l\u00e9gation, 2 juillet 2006. \u00c0 la Direction G\u00e9n\u00e9rale pour les Italiens \u00e0 l\u2019\u00e9tranger et les Politiques Migratoires, Bureau VI, 1er septembre 2006. Hors fonction pour servir au Minist\u00e8re de l\u2019Environnement et de la Protection du Territoire et de la Mer en tant que Conseiller Diplomatique du Ministre, 2 octobre 2006. \u00c0 la Direction G\u00e9n\u00e9rale pour les Italiens \u00e0 l\u2019\u00e9tranger et les Politiques Migratoires, Bureau VI, 18 d\u00e9cembre 2006. De d\u00e9cembre 2007 \u00e0 juin 2008, suit, \u00e0 l\u2019Institut Diplomatique de la Direction G\u00e9n\u00e9rale des Ressources Humaines et de l\u2019Organisation, le cours de perfectionnement professionnel pour les Conseillers de l\u00e9gation pr\u00e9vu par l&rsquo;article 17, paragraphe 7 du D. Lgs. 24 mars 2000, n. 85. R\u00e9gent du Consulat G\u00e9n\u00e9ral \u00e0 Moscou, 9 d\u00e9cembre 2008.<\/p>\n<p>Conseiller d\u2019Ambassade, 2 juillet 2011. Confirm\u00e9 \u00e0 Moscou en tant que Consul G\u00e9n\u00e9ral, 29 ao\u00fbt 2011. Charg\u00e9 d\u2019Affaires avec Lettres \u00e0 Chisinau, 30 novembre 2012. Confirm\u00e9 \u00e0 Chisinau en tant qu\u2019Ambassadeur, 1er d\u00e9cembre 2014. Sous la direction directe du Directeur G\u00e9n\u00e9ral pour les Italiens \u00e0 l\u2019\u00e9tranger et les Politiques Migratoires, 9 janvier 2017. Chef du Bureau V de la Direction G\u00e9n\u00e9rale des Italiens \u00e0 l\u2019\u00e9tranger et des Politiques Migratoires, 28 ao\u00fbt 2017. Ambassadeur \u00e0 Dhaka, 14 janvier 2019. Ministre pl\u00e9nipotentiaire, 2 janvier 2022. Ambassadeur \u00e0 Brazzaville, 14 juillet 2023. Chevalier de l&rsquo;Ordre du M\u00e9rite de la R\u00e9publique, 2006.<\/p>\n","protected":false},"excerpt":{"rendered":"Enrico Nunziata N\u00e9 \u00e0 Naples, le 6 d\u00e9cembre 1970, le 12 juillet 1993 il obtient le dipl\u00f4me en sciences politiques \u00e0 l\u2019Institut universitaire oriental de Naples. Apr\u00e8s avoir pass\u00e9 le concours national, le 23 septembre 1996 il est nomm\u00e9 Volontaire de la carri\u00e8re diplomatique. De 23 septembre 1996 au 22 juin 1997 il fr\u00e9quent un [&hellip;]","protected":false},"author":1,"featured_media":355,"parent":132,"menu_order":0,"comment_status":"closed","ping_status":"closed","template":"","meta":{"footnotes":""},"class_list":["post-147","page","type-page","status-publish","has-post-thumbnail","hentry"],"_links":{"self":[{"href":"https:\/\/ambbrazzaville.esteri.it\/fr\/wp-json\/wp\/v2\/pages\/147","targetHints":{"allow":["GET"]}}],"collection":[{"href":"https:\/\/ambbrazzaville.esteri.it\/fr\/wp-json\/wp\/v2\/pages"}],"about":[{"href":"https:\/\/ambbrazzaville.esteri.it\/fr\/wp-json\/wp\/v2\/types\/page"}],"author":[{"embeddable":true,"href":"https:\/\/ambbrazzaville.esteri.it\/fr\/wp-json\/wp\/v2\/users\/1"}],"replies":[{"embeddable":true,"href":"https:\/\/ambbrazzaville.esteri.it\/fr\/wp-json\/wp\/v2\/comments?post=147"}],"version-history":[{"count":2,"href":"https:\/\/ambbrazzaville.esteri.it\/fr\/wp-json\/wp\/v2\/pages\/147\/revisions"}],"predecessor-version":[{"id":1491,"href":"https:\/\/ambbrazzaville.esteri.it\/fr\/wp-json\/wp\/v2\/pages\/147\/revisions\/1491"}],"up":[{"embeddable":true,"href":"https:\/\/ambbrazzaville.esteri.it\/fr\/wp-json\/wp\/v2\/pages\/132"}],"wp:featuredmedia":[{"embeddable":true,"href":"https:\/\/ambbrazzaville.esteri.it\/fr\/wp-json\/wp\/v2\/media\/355"}],"wp:attachment":[{"href":"https:\/\/ambbrazzaville.esteri.it\/fr\/wp-json\/wp\/v2\/media?parent=147"}],"curies":[{"name":"wp","href":"https:\/\/api.w.org\/{rel}","templated":true}]}}