{"id":148,"date":"2023-04-11T17:55:33","date_gmt":"2023-04-11T16:55:33","guid":{"rendered":"https:\/\/ambbrazzaville.esteri.itchi-siamo\/la-sede\/"},"modified":"2025-04-01T16:41:59","modified_gmt":"2025-04-01T15:41:59","slug":"la-sede","status":"publish","type":"page","link":"https:\/\/ambbrazzaville.esteri.it\/fr\/chi-siamo\/la-sede\/","title":{"rendered":"Quartier g\u00e9n\u00e9ral"},"content":{"rendered":"<p>La Chancellerie diplomatique de l&rsquo;Ambassade d&rsquo;Italie et la R\u00e9sidence du Chef de Mission sont situ\u00e9es dans un complexe de l&rsquo;\u00e9l\u00e9gant quartier Tchad au n\u00b0 2 de l&rsquo;avenue Auxence Ickonga (anciennement Boulevard Lyautey) \u00e0 Brazzaville, \u00e0 proximit\u00e9 de plusieurs autres repr\u00e9sentations diplomatiques. L&rsquo;Ambassade est constitu\u00e9e d&rsquo;un b\u00e2timent de plain-pied abritant l&rsquo;ensemble des services diplomatiques et consulaires.<\/p>\n","protected":false},"excerpt":{"rendered":"La Chancellerie diplomatique de l&rsquo;Ambassade d&rsquo;Italie et la R\u00e9sidence du Chef de Mission sont situ\u00e9es dans un complexe de l&rsquo;\u00e9l\u00e9gant quartier Tchad au n\u00b0 2 de l&rsquo;avenue Auxence Ickonga (anciennement Boulevard Lyautey) \u00e0 Brazzaville, \u00e0 proximit\u00e9 de plusieurs autres repr\u00e9sentations diplomatiques. L&rsquo;Ambassade est constitu\u00e9e d&rsquo;un b\u00e2timent de plain-pied abritant l&rsquo;ensemble des services diplomatiques et consulaires.","protected":false},"author":1,"featured_media":0,"parent":132,"menu_order":2,"comment_status":"closed","ping_status":"closed","template":"","meta":{"footnotes":""},"class_list":["post-148","page","type-page","status-publish","hentry"],"_links":{"self":[{"href":"https:\/\/ambbrazzaville.esteri.it\/fr\/wp-json\/wp\/v2\/pages\/148","targetHints":{"allow":["GET"]}}],"collection":[{"href":"https:\/\/ambbrazzaville.esteri.it\/fr\/wp-json\/wp\/v2\/pages"}],"about":[{"href":"https:\/\/ambbrazzaville.esteri.it\/fr\/wp-json\/wp\/v2\/types\/page"}],"author":[{"embeddable":true,"href":"https:\/\/ambbrazzaville.esteri.it\/fr\/wp-json\/wp\/v2\/users\/1"}],"replies":[{"embeddable":true,"href":"https:\/\/ambbrazzaville.esteri.it\/fr\/wp-json\/wp\/v2\/comments?post=148"}],"version-history":[{"count":3,"href":"https:\/\/ambbrazzaville.esteri.it\/fr\/wp-json\/wp\/v2\/pages\/148\/revisions"}],"predecessor-version":[{"id":1494,"href":"https:\/\/ambbrazzaville.esteri.it\/fr\/wp-json\/wp\/v2\/pages\/148\/revisions\/1494"}],"up":[{"embeddable":true,"href":"https:\/\/ambbrazzaville.esteri.it\/fr\/wp-json\/wp\/v2\/pages\/132"}],"wp:attachment":[{"href":"https:\/\/ambbrazzaville.esteri.it\/fr\/wp-json\/wp\/v2\/media?parent=148"}],"curies":[{"name":"wp","href":"https:\/\/api.w.org\/{rel}","templated":true}]}}