{"id":149,"date":"2023-07-18T09:38:24","date_gmt":"2023-07-18T08:38:24","guid":{"rendered":"https:\/\/ambbrazzaville.esteri.itchi-siamo\/contatti\/"},"modified":"2025-04-01T17:08:30","modified_gmt":"2025-04-01T16:08:30","slug":"contatti","status":"publish","type":"page","link":"https:\/\/ambbrazzaville.esteri.it\/fr\/chi-siamo\/contatti\/","title":{"rendered":"Contacts"},"content":{"rendered":"<p><strong>AMBASSADE D\u2019ITALIE EN REPUBLIQUE DU CONGO<\/strong><\/p>\n<p>2, Avenue Auxence Ickonga (ex Bd. Lyautey)<\/p>\n<p>BP 2484, Brazzaville (Repubblica del Congo)<\/p>\n<p>T\u00e9l\u00e9phone\u00a0: +242\u00a0 04 444 0060<\/p>\n<p>&nbsp;<\/p>\n<p id=\"tw-target-text\" class=\"tw-data-text tw-text-large tw-ta\" dir=\"ltr\" data-placeholder=\"Traduzione\" data-ved=\"2ahUKEwib-ZXDmLeMAxVLxwIHHXizHasQ3ewLegQICBAV\" aria-label=\"Testo tradotto: Standard : T\u00e9l. +242 04 444 0060 Le standard est actif du lundi au vendredi de 9h30 \u00e0 13h30 et de 14h30 \u00e0 16h30.\"><span class=\"Y2IQFc\" lang=\"fr\"><em>Standard :<\/em> T\u00e9l. +242 04 444 0060 <\/span><\/p>\n<p class=\"tw-data-text tw-text-large tw-ta\" dir=\"ltr\" data-placeholder=\"Traduzione\" data-ved=\"2ahUKEwib-ZXDmLeMAxVLxwIHHXizHasQ3ewLegQICBAV\" aria-label=\"Testo tradotto: Standard : T\u00e9l. +242 04 444 0060 Le standard est actif du lundi au vendredi de 9h30 \u00e0 13h30 et de 14h30 \u00e0 16h30.\"><span class=\"Y2IQFc\" lang=\"fr\">Le standard est actif du lundi au vendredi de 9h30 \u00e0 13h30 et de 14h30 \u00e0 16h30<\/span><\/p>\n<p>E-mail: <a href=\"mailto:amb.brazzaville@esteri.it\">amb.brazzaville@esteri.it<\/a><\/p>\n<p>Pec:\u00a0\u00a0<a href=\"mailto:amb.brazzaville@cert.esteri.it\">amb.brazzaville@cert.esteri.it<\/a><\/p>\n<p>L&rsquo;Ambassadeur re\u00e7oit exclusivement sur rendez-vous ( <a href=\"mailto:brazzaville.segret@esteri.it\">brazzaville.segret@esteri.it)<\/a><\/p>\n<p>&nbsp;<\/p>\n<p><strong>NUM\u00c9RO D\u2019URGENCE\u00a0: +242\u00a0055512635<\/strong><\/p>\n<p>R\u00e9serv\u00e9 aux citoyens italiens en cas d\u2019urgence\u00a0: accidents graves entra\u00eenant des hospitalisations ou d\u00e9c\u00e8s \u00e0 la suite d\u2019actes criminels; arrestations; perte \/ vol \/ confiscation de documents de voyage.<\/p>\n<p>&nbsp;<\/p>\n<p><strong>BUREAUX<\/strong><\/p>\n<p><strong>Ambassadeur<\/strong><\/p>\n<p>S.E. M. Enrico Nunziata<\/p>\n<p><strong>Chef de mission adjoint<\/strong><\/p>\n<p>M. Alberto Gruden<\/p>\n<p><strong>\u00a0<\/strong><\/p>\n<p><strong>Secr\u00e9tariat\/Bureau de presse<\/strong><\/p>\n<p>e-mail:\u00a0<a href=\"mailto:brazzaville.segret@esteri.it\">brazzaville.segret@esteri.it<\/a><\/p>\n<p>&nbsp;<\/p>\n<p><strong>Bureau des visas<\/strong><\/p>\n<p>e-mail :<a href=\"mailto:visti.brazzaville@esteri.it\">visti.brazzaville@esteri.it<\/a><\/p>\n<p>Demander un rendez-vous sur le portal \u00a0<strong><a href=\"https:\/\/prenotami.esteri.it\/\">Prenot@mi<\/a><\/strong><\/p>\n<p><strong>\u00a0<\/strong><\/p>\n<p><strong>Bureau consulaire<\/strong><\/p>\n<p>e-mail :\u00a0<a href=\"mailto:cons.brazzaville@esteri.it\">cons.brazzaville@esteri.it<\/a><\/p>\n<p>Demander un rendez-vous sur le portal<strong>\u00a0\u00a0<a href=\"https:\/\/prenotami.esteri.it\/\">Prenot@mi<\/a><\/strong><\/p>\n<p><strong>\u00a0<\/strong><\/p>\n<p><strong>Bureau commercial<\/strong><\/p>\n<p>e-mail :<a href=\"mailto:amb.brazzaville@esteri.it\">amb.brazzaville@esteri.it<\/a><\/p>\n<p>Demander un rendez-vous sur le portal\u00a0<strong><a href=\"https:\/\/prenotami.esteri.it\/\">Prenot@mi<\/a><\/strong><\/p>\n<p><strong>\u00a0<\/strong><\/p>\n<p><strong>Point de correspondance ICE<\/strong><\/p>\n<p>Tel:\u00a0<strong>+242 222 810108<\/strong><\/p>\n<p>e-mail:\u00a0<a href=\"mailto:brazzaville@ice.it\">brazzaville@ice.it\u00a0<\/a><\/p>\n<p>Site web:\u00a0<a href=\"https:\/\/www.ice.it\/it\/mercati\/repubblica-del-congo\/punto-di-corrispondenza-di-brazzaville\"><strong>https:\/\/www.ice.it\/it\/mercati\/repubblica-del-congo\/punto-di-corrispondenza-di-brazzaville<\/strong><\/a><\/p>\n<p><strong>\u00a0<\/strong><\/p>\n<p><strong>Bureau administratif\/comptable<\/strong><\/p>\n<p>e-mail :<a href=\"mailto:amm.brazzaville@esteri.it\">amm.brazzaville@esteri.it<\/a><\/p>\n<p><strong>\u00a0<\/strong><\/p>\n<p><strong>S\u00e9curit\u00e9<\/strong><\/p>\n<p>e-mail:<a href=\"mailto:security.brazzaville@esteri.it\">security.brazzaville@esteri.it<\/a><\/p>\n","protected":false},"excerpt":{"rendered":"AMBASSADE D\u2019ITALIE EN REPUBLIQUE DU CONGO 2, Avenue Auxence Ickonga (ex Bd. Lyautey) BP 2484, Brazzaville (Repubblica del Congo) T\u00e9l\u00e9phone\u00a0: +242\u00a0 04 444 0060 &nbsp; Standard : T\u00e9l. +242 04 444 0060 Le standard est actif du lundi au vendredi de 9h30 \u00e0 13h30 et de 14h30 \u00e0 16h30 E-mail: amb.brazzaville@esteri.it Pec:\u00a0\u00a0amb.brazzaville@cert.esteri.it L&rsquo;Ambassadeur re\u00e7oit exclusivement [&hellip;]","protected":false},"author":2,"featured_media":0,"parent":132,"menu_order":4,"comment_status":"closed","ping_status":"closed","template":"","meta":{"footnotes":""},"class_list":["post-149","page","type-page","status-publish","hentry"],"_links":{"self":[{"href":"https:\/\/ambbrazzaville.esteri.it\/fr\/wp-json\/wp\/v2\/pages\/149","targetHints":{"allow":["GET"]}}],"collection":[{"href":"https:\/\/ambbrazzaville.esteri.it\/fr\/wp-json\/wp\/v2\/pages"}],"about":[{"href":"https:\/\/ambbrazzaville.esteri.it\/fr\/wp-json\/wp\/v2\/types\/page"}],"author":[{"embeddable":true,"href":"https:\/\/ambbrazzaville.esteri.it\/fr\/wp-json\/wp\/v2\/users\/2"}],"replies":[{"embeddable":true,"href":"https:\/\/ambbrazzaville.esteri.it\/fr\/wp-json\/wp\/v2\/comments?post=149"}],"version-history":[{"count":7,"href":"https:\/\/ambbrazzaville.esteri.it\/fr\/wp-json\/wp\/v2\/pages\/149\/revisions"}],"predecessor-version":[{"id":1514,"href":"https:\/\/ambbrazzaville.esteri.it\/fr\/wp-json\/wp\/v2\/pages\/149\/revisions\/1514"}],"up":[{"embeddable":true,"href":"https:\/\/ambbrazzaville.esteri.it\/fr\/wp-json\/wp\/v2\/pages\/132"}],"wp:attachment":[{"href":"https:\/\/ambbrazzaville.esteri.it\/fr\/wp-json\/wp\/v2\/media?parent=149"}],"curies":[{"name":"wp","href":"https:\/\/api.w.org\/{rel}","templated":true}]}}