{"id":150,"date":"2023-04-11T18:01:19","date_gmt":"2023-04-11T17:01:19","guid":{"rendered":"https:\/\/ambbrazzaville.esteri.itchi-siamo\/gli-uffici\/"},"modified":"2025-04-01T17:09:03","modified_gmt":"2025-04-01T16:09:03","slug":"gli-uffici","status":"publish","type":"page","link":"https:\/\/ambbrazzaville.esteri.it\/fr\/chi-siamo\/gli-uffici\/","title":{"rendered":"Les bureaux"},"content":{"rendered":"<p><strong>AMBASSADE D&rsquo;ITALIE EN REPUBLIQUE DU CONGO<\/strong><\/p>\n<p>2, Avenue Auxence Ickonga (ex Bd. Lyautey)<\/p>\n<p>BP 2484, Brazzaville (Repubblica del Congo)<\/p>\n<p>T\u00e9l\u00e9phone\u00a0: +242\u00a0 04 444 0060<\/p>\n<p>&nbsp;<\/p>\n<p><strong><u>Ouverture au public<\/u><\/strong><\/p>\n<p>Lundi<\/p>\n<p>09h00 -13h00<\/p>\n<p>Mardi<\/p>\n<p>09h00 -13h00<\/p>\n<p>Mercredi<\/p>\n<p>09h00 \u2013 13h00<\/p>\n<p>Jeudi<\/p>\n<p>09h00 -13h00<\/p>\n<p>Vendredi<\/p>\n<p>09h00 -13h00<\/p>\n<p>&nbsp;<\/p>\n<p id=\"tw-target-text\" class=\"tw-data-text tw-text-large tw-ta\" dir=\"ltr\" data-placeholder=\"Traduzione\" data-ved=\"2ahUKEwib-ZXDmLeMAxVLxwIHHXizHasQ3ewLegQICBAV\" aria-label=\"Testo tradotto: L'ambassade d'Italie \u00e0 Brazzaville observe le calendrier des jours f\u00e9ri\u00e9s suivant : 1er janvier - R\u00e9veillon du Nouvel An 6 janvier - Epiphanie 18 avril - Lundi de P\u00e2ques 25 avril - Anniversaire de la Lib\u00e9ration 1er mai - F\u00eate du Travail 2 juin - Anniversaire de la R\u00e9publique 15 ao\u00fbt - F\u00eate nationale congolaise 1er novembre \u2013 Toussaint 8 d\u00e9cembre - Immacul\u00e9e Conception 25 d\u00e9cembre - No\u00ebl 26 d\u00e9cembre \u2013 Boxing Day\"><strong><span class=\"Y2IQFc\" lang=\"fr\">L&rsquo;ambassade d&rsquo;Italie \u00e0 Brazzaville observe le calendrier des jours f\u00e9ri\u00e9s suivant : <\/span><\/strong><\/p>\n<ul>\n<li class=\"tw-data-text tw-text-large tw-ta\" dir=\"ltr\" data-placeholder=\"Traduzione\" data-ved=\"2ahUKEwib-ZXDmLeMAxVLxwIHHXizHasQ3ewLegQICBAV\" aria-label=\"Testo tradotto: L'ambassade d'Italie \u00e0 Brazzaville observe le calendrier des jours f\u00e9ri\u00e9s suivant : 1er janvier - R\u00e9veillon du Nouvel An 6 janvier - Epiphanie 18 avril - Lundi de P\u00e2ques 25 avril - Anniversaire de la Lib\u00e9ration 1er mai - F\u00eate du Travail 2 juin - Anniversaire de la R\u00e9publique 15 ao\u00fbt - F\u00eate nationale congolaise 1er novembre \u2013 Toussaint 8 d\u00e9cembre - Immacul\u00e9e Conception 25 d\u00e9cembre - No\u00ebl 26 d\u00e9cembre \u2013 Boxing Day\"><span class=\"Y2IQFc\" lang=\"fr\">1er janvier &#8211; Nouvel An <\/span><\/li>\n<li class=\"tw-data-text tw-text-large tw-ta\" dir=\"ltr\" data-placeholder=\"Traduzione\" data-ved=\"2ahUKEwib-ZXDmLeMAxVLxwIHHXizHasQ3ewLegQICBAV\" aria-label=\"Testo tradotto: L'ambassade d'Italie \u00e0 Brazzaville observe le calendrier des jours f\u00e9ri\u00e9s suivant : 1er janvier - R\u00e9veillon du Nouvel An 6 janvier - Epiphanie 18 avril - Lundi de P\u00e2ques 25 avril - Anniversaire de la Lib\u00e9ration 1er mai - F\u00eate du Travail 2 juin - Anniversaire de la R\u00e9publique 15 ao\u00fbt - F\u00eate nationale congolaise 1er novembre \u2013 Toussaint 8 d\u00e9cembre - Immacul\u00e9e Conception 25 d\u00e9cembre - No\u00ebl 26 d\u00e9cembre \u2013 Boxing Day\"><span class=\"Y2IQFc\" lang=\"fr\">6 janvier &#8211; Epiphanie <\/span><\/li>\n<li class=\"tw-data-text tw-text-large tw-ta\" dir=\"ltr\" data-placeholder=\"Traduzione\" data-ved=\"2ahUKEwib-ZXDmLeMAxVLxwIHHXizHasQ3ewLegQICBAV\" aria-label=\"Testo tradotto: L'ambassade d'Italie \u00e0 Brazzaville observe le calendrier des jours f\u00e9ri\u00e9s suivant : 1er janvier - R\u00e9veillon du Nouvel An 6 janvier - Epiphanie 18 avril - Lundi de P\u00e2ques 25 avril - Anniversaire de la Lib\u00e9ration 1er mai - F\u00eate du Travail 2 juin - Anniversaire de la R\u00e9publique 15 ao\u00fbt - F\u00eate nationale congolaise 1er novembre \u2013 Toussaint 8 d\u00e9cembre - Immacul\u00e9e Conception 25 d\u00e9cembre - No\u00ebl 26 d\u00e9cembre \u2013 Boxing Day\"><span class=\"Y2IQFc\" lang=\"fr\">21 avril &#8211; <\/span><span class=\"Y2IQFc\" lang=\"fr\">Lundi de P\u00e2ques <\/span><\/li>\n<li class=\"tw-data-text tw-text-large tw-ta\" dir=\"ltr\" data-placeholder=\"Traduzione\" data-ved=\"2ahUKEwib-ZXDmLeMAxVLxwIHHXizHasQ3ewLegQICBAV\" aria-label=\"Testo tradotto: L'ambassade d'Italie \u00e0 Brazzaville observe le calendrier des jours f\u00e9ri\u00e9s suivant : 1er janvier - R\u00e9veillon du Nouvel An 6 janvier - Epiphanie 18 avril - Lundi de P\u00e2ques 25 avril - Anniversaire de la Lib\u00e9ration 1er mai - F\u00eate du Travail 2 juin - Anniversaire de la R\u00e9publique 15 ao\u00fbt - F\u00eate nationale congolaise 1er novembre \u2013 Toussaint 8 d\u00e9cembre - Immacul\u00e9e Conception 25 d\u00e9cembre - No\u00ebl 26 d\u00e9cembre \u2013 Boxing Day\"><span class=\"Y2IQFc\" lang=\"fr\">25 avril &#8211; Anniversaire de la Lib\u00e9ration <\/span><\/li>\n<li class=\"tw-data-text tw-text-large tw-ta\" dir=\"ltr\" data-placeholder=\"Traduzione\" data-ved=\"2ahUKEwib-ZXDmLeMAxVLxwIHHXizHasQ3ewLegQICBAV\" aria-label=\"Testo tradotto: L'ambassade d'Italie \u00e0 Brazzaville observe le calendrier des jours f\u00e9ri\u00e9s suivant : 1er janvier - R\u00e9veillon du Nouvel An 6 janvier - Epiphanie 18 avril - Lundi de P\u00e2ques 25 avril - Anniversaire de la Lib\u00e9ration 1er mai - F\u00eate du Travail 2 juin - Anniversaire de la R\u00e9publique 15 ao\u00fbt - F\u00eate nationale congolaise 1er novembre \u2013 Toussaint 8 d\u00e9cembre - Immacul\u00e9e Conception 25 d\u00e9cembre - No\u00ebl 26 d\u00e9cembre \u2013 Boxing Day\"><span class=\"Y2IQFc\" lang=\"fr\">1er mai &#8211; F\u00eate du Travail 2 juin &#8211; Anniversaire de la R\u00e9publique <\/span><\/li>\n<li class=\"tw-data-text tw-text-large tw-ta\" dir=\"ltr\" data-placeholder=\"Traduzione\" data-ved=\"2ahUKEwib-ZXDmLeMAxVLxwIHHXizHasQ3ewLegQICBAV\" aria-label=\"Testo tradotto: L'ambassade d'Italie \u00e0 Brazzaville observe le calendrier des jours f\u00e9ri\u00e9s suivant : 1er janvier - R\u00e9veillon du Nouvel An 6 janvier - Epiphanie 18 avril - Lundi de P\u00e2ques 25 avril - Anniversaire de la Lib\u00e9ration 1er mai - F\u00eate du Travail 2 juin - Anniversaire de la R\u00e9publique 15 ao\u00fbt - F\u00eate nationale congolaise 1er novembre \u2013 Toussaint 8 d\u00e9cembre - Immacul\u00e9e Conception 25 d\u00e9cembre - No\u00ebl 26 d\u00e9cembre \u2013 Boxing Day\"><span class=\"Y2IQFc\" lang=\"fr\">15 ao\u00fbt &#8211; F\u00eate nationale congolaise <\/span><\/li>\n<li class=\"tw-data-text tw-text-large tw-ta\" dir=\"ltr\" data-placeholder=\"Traduzione\" data-ved=\"2ahUKEwib-ZXDmLeMAxVLxwIHHXizHasQ3ewLegQICBAV\" aria-label=\"Testo tradotto: L'ambassade d'Italie \u00e0 Brazzaville observe le calendrier des jours f\u00e9ri\u00e9s suivant : 1er janvier - R\u00e9veillon du Nouvel An 6 janvier - Epiphanie 18 avril - Lundi de P\u00e2ques 25 avril - Anniversaire de la Lib\u00e9ration 1er mai - F\u00eate du Travail 2 juin - Anniversaire de la R\u00e9publique 15 ao\u00fbt - F\u00eate nationale congolaise 1er novembre \u2013 Toussaint 8 d\u00e9cembre - Immacul\u00e9e Conception 25 d\u00e9cembre - No\u00ebl 26 d\u00e9cembre \u2013 Boxing Day\"><span class=\"Y2IQFc\" lang=\"fr\">1er novembre \u2013 Toussaint <\/span><\/li>\n<li class=\"tw-data-text tw-text-large tw-ta\" dir=\"ltr\" data-placeholder=\"Traduzione\" data-ved=\"2ahUKEwib-ZXDmLeMAxVLxwIHHXizHasQ3ewLegQICBAV\" aria-label=\"Testo tradotto: L'ambassade d'Italie \u00e0 Brazzaville observe le calendrier des jours f\u00e9ri\u00e9s suivant : 1er janvier - R\u00e9veillon du Nouvel An 6 janvier - Epiphanie 18 avril - Lundi de P\u00e2ques 25 avril - Anniversaire de la Lib\u00e9ration 1er mai - F\u00eate du Travail 2 juin - Anniversaire de la R\u00e9publique 15 ao\u00fbt - F\u00eate nationale congolaise 1er novembre \u2013 Toussaint 8 d\u00e9cembre - Immacul\u00e9e Conception 25 d\u00e9cembre - No\u00ebl 26 d\u00e9cembre \u2013 Boxing Day\"><span class=\"Y2IQFc\" lang=\"fr\">8 d\u00e9cembre &#8211; Immacul\u00e9e Conception <\/span><\/li>\n<li class=\"tw-data-text tw-text-large tw-ta\" dir=\"ltr\" data-placeholder=\"Traduzione\" data-ved=\"2ahUKEwib-ZXDmLeMAxVLxwIHHXizHasQ3ewLegQICBAV\" aria-label=\"Testo tradotto: L'ambassade d'Italie \u00e0 Brazzaville observe le calendrier des jours f\u00e9ri\u00e9s suivant : 1er janvier - R\u00e9veillon du Nouvel An 6 janvier - Epiphanie 18 avril - Lundi de P\u00e2ques 25 avril - Anniversaire de la Lib\u00e9ration 1er mai - F\u00eate du Travail 2 juin - Anniversaire de la R\u00e9publique 15 ao\u00fbt - F\u00eate nationale congolaise 1er novembre \u2013 Toussaint 8 d\u00e9cembre - Immacul\u00e9e Conception 25 d\u00e9cembre - No\u00ebl 26 d\u00e9cembre \u2013 Boxing Day\"><span class=\"Y2IQFc\" lang=\"fr\">25 d\u00e9cembre &#8211; No\u00ebl <\/span><\/li>\n<li class=\"tw-data-text tw-text-large tw-ta\" dir=\"ltr\" data-placeholder=\"Traduzione\" data-ved=\"2ahUKEwib-ZXDmLeMAxVLxwIHHXizHasQ3ewLegQICBAV\" aria-label=\"Testo tradotto: L'ambassade d'Italie \u00e0 Brazzaville observe le calendrier des jours f\u00e9ri\u00e9s suivant : 1er janvier - R\u00e9veillon du Nouvel An 6 janvier - Epiphanie 18 avril - Lundi de P\u00e2ques 25 avril - Anniversaire de la Lib\u00e9ration 1er mai - F\u00eate du Travail 2 juin - Anniversaire de la R\u00e9publique 15 ao\u00fbt - F\u00eate nationale congolaise 1er novembre \u2013 Toussaint 8 d\u00e9cembre - Immacul\u00e9e Conception 25 d\u00e9cembre - No\u00ebl 26 d\u00e9cembre \u2013 Boxing Day\"><span class=\"Y2IQFc\" lang=\"fr\">26 d\u00e9cembre \u2013 Saint Etienne<\/span><\/li>\n<\/ul>\n<p>&nbsp;<\/p>\n<p><strong>BUREAUX<\/strong><\/p>\n<p><strong>Ambassadeur<\/strong><\/p>\n<p>S.E. M. Enrico Nunziata<\/p>\n<p><strong>Chef de mission adjoint<\/strong><\/p>\n<p>M. Alberto Gruden<\/p>\n<p><strong>\u00a0<\/strong><\/p>\n<p><strong>Secr\u00e9tariat\/Bureau de presse<\/strong><\/p>\n<p>e-mail:\u00a0<a href=\"mailto:brazzaville.segret@esteri.it\">brazzaville.segret@esteri.it<\/a><\/p>\n<p>&nbsp;<\/p>\n<p><strong>Bureau des visas<\/strong><\/p>\n<p>e-mail :<a href=\"mailto:visti.brazzaville@esteri.it\">visti.brazzaville@esteri.it<\/a><\/p>\n<p>Demander un rendez-vous sur le portal \u00a0<strong><a href=\"https:\/\/prenotami.esteri.it\/\">Prenot@mi<\/a><\/strong><\/p>\n<p><strong>\u00a0<\/strong><\/p>\n<p><strong>Bureau consulaire <\/strong><\/p>\n<p>e-mail :\u00a0<a href=\"mailto:cons.brazzaville@esteri.it\">cons.brazzaville@esteri.it<\/a><\/p>\n<p>Demander un rendez-vous sur le portal<strong> \u00a0<a href=\"https:\/\/prenotami.esteri.it\/\">Prenot@mi<\/a><\/strong><\/p>\n<p><strong>\u00a0<\/strong><\/p>\n<p><strong>Bureau commercial <\/strong><\/p>\n<p>e-mail :<a href=\"mailto:amb.brazzaville@esteri.it\">amb.brazzaville@esteri.it<\/a><\/p>\n<p>Demander un rendez-vous sur le portal <strong><a href=\"https:\/\/prenotami.esteri.it\/\">Prenot@mi<\/a><\/strong><\/p>\n<p><strong>\u00a0<\/strong><\/p>\n<p><strong>Point de correspondance ICE <\/strong><\/p>\n<p>Tel:\u00a0<strong>+242 222 810108<\/strong><\/p>\n<p>e-mail: <a href=\"mailto:brazzaville@ice.it\">brazzaville@ice.it\u00a0<\/a><\/p>\n<p>Site web:\u00a0<a href=\"https:\/\/www.ice.it\/it\/mercati\/repubblica-del-congo\/punto-di-corrispondenza-di-brazzaville\"><strong>https:\/\/www.ice.it\/it\/mercati\/repubblica-del-congo\/punto-di-corrispondenza-di-brazzaville<\/strong><\/a><\/p>\n<p><strong>\u00a0<\/strong><\/p>\n<p><strong>Bureau administratif\/comptable <\/strong><\/p>\n<p>e-mail :<a href=\"mailto:amm.brazzaville@esteri.it\">amm.brazzaville@esteri.it<\/a><\/p>\n<p><strong>\u00a0<\/strong><\/p>\n<p><strong>S\u00e9curit\u00e9<\/strong><\/p>\n<p>e-mail:<a href=\"mailto:security.brazzaville@esteri.it\">security.brazzaville@esteri.it<\/a><\/p>\n","protected":false},"excerpt":{"rendered":"AMBASSADE D&rsquo;ITALIE EN REPUBLIQUE DU CONGO 2, Avenue Auxence Ickonga (ex Bd. Lyautey) BP 2484, Brazzaville (Repubblica del Congo) T\u00e9l\u00e9phone\u00a0: +242\u00a0 04 444 0060 &nbsp; Ouverture au public Lundi 09h00 -13h00 Mardi 09h00 -13h00 Mercredi 09h00 \u2013 13h00 Jeudi 09h00 -13h00 Vendredi 09h00 -13h00 &nbsp; L&rsquo;ambassade d&rsquo;Italie \u00e0 Brazzaville observe le calendrier des jours f\u00e9ri\u00e9s [&hellip;]","protected":false},"author":1,"featured_media":0,"parent":132,"menu_order":4,"comment_status":"closed","ping_status":"closed","template":"","meta":{"footnotes":""},"class_list":["post-150","page","type-page","status-publish","hentry"],"_links":{"self":[{"href":"https:\/\/ambbrazzaville.esteri.it\/fr\/wp-json\/wp\/v2\/pages\/150","targetHints":{"allow":["GET"]}}],"collection":[{"href":"https:\/\/ambbrazzaville.esteri.it\/fr\/wp-json\/wp\/v2\/pages"}],"about":[{"href":"https:\/\/ambbrazzaville.esteri.it\/fr\/wp-json\/wp\/v2\/types\/page"}],"author":[{"embeddable":true,"href":"https:\/\/ambbrazzaville.esteri.it\/fr\/wp-json\/wp\/v2\/users\/1"}],"replies":[{"embeddable":true,"href":"https:\/\/ambbrazzaville.esteri.it\/fr\/wp-json\/wp\/v2\/comments?post=150"}],"version-history":[{"count":4,"href":"https:\/\/ambbrazzaville.esteri.it\/fr\/wp-json\/wp\/v2\/pages\/150\/revisions"}],"predecessor-version":[{"id":1517,"href":"https:\/\/ambbrazzaville.esteri.it\/fr\/wp-json\/wp\/v2\/pages\/150\/revisions\/1517"}],"up":[{"embeddable":true,"href":"https:\/\/ambbrazzaville.esteri.it\/fr\/wp-json\/wp\/v2\/pages\/132"}],"wp:attachment":[{"href":"https:\/\/ambbrazzaville.esteri.it\/fr\/wp-json\/wp\/v2\/media?parent=150"}],"curies":[{"name":"wp","href":"https:\/\/api.w.org\/{rel}","templated":true}]}}