{"id":151,"date":"2023-04-11T18:07:19","date_gmt":"2023-04-11T17:07:19","guid":{"rendered":"https:\/\/ambbrazzaville.esteri.itchi-siamo\/numeri-di-emergenza\/"},"modified":"2025-04-01T17:13:12","modified_gmt":"2025-04-01T16:13:12","slug":"numeri-di-emergenza","status":"publish","type":"page","link":"https:\/\/ambbrazzaville.esteri.it\/fr\/chi-siamo\/numeri-di-emergenza\/","title":{"rendered":"Num\u00e9ros d&rsquo;urgence"},"content":{"rendered":"<p style=\"text-align: justify;\"><strong>NUM\u00c9RO D\u2019URGENCE\u00a0: +242\u00a0055512635<\/strong><\/p>\n<p style=\"text-align: justify;\">R\u00e9serv\u00e9 aux citoyens italiens en cas d\u2019urgence\u00a0: accidents graves entra\u00eenant des hospitalisations ou d\u00e9c\u00e8s \u00e0 la suite d\u2019actes criminels; arrestations; perte \/ vol \/ confiscation de documents de voyage.<\/p>\n<p style=\"text-align: justify;\"><strong>S\u00c9CURIT\u00c9<\/strong><\/p>\n<p style=\"text-align: justify;\">Il est vivement recommand\u00e9 de visiter le site <a href=\"http:\/\/www.viaggiaresicuri.it\">www.viaggiaresicuri.it<\/a> g\u00e9r\u00e9 par le Minist\u00e8re des Affaires \u00e9trang\u00e8res avec la collaboration des ambassades et des consulats \u00e0 l&rsquo;\u00e9tranger. Ce site pr\u00e9sente, pour chaque pays du monde, une s\u00e9rie d&rsquo;informations utiles et n\u00e9cessaires en mati\u00e8re de sant\u00e9, de bureaucratie, de douane et de s\u00e9curit\u00e9, ainsi que des adresses d&rsquo;h\u00f4pitaux, d&rsquo;organismes \u00e9conomiques et commerciaux importants et, bien s\u00fbr, les contacts des ambassades et consulats concern\u00e9s (ordinaires ou honoraires).<\/p>\n<p style=\"text-align: justify;\">Il est \u00e9galement recommand\u00e9 de visiter le site <a href=\"http:\/\/www.dovesiamonelmondo.it\">www.dovesiamonelmondo.it<\/a> Le site, d\u00e9velopp\u00e9 \u00e0 l\u2019origine pour les touristes et les travailleurs en mission \u00e0 l\u2019\u00e9tranger, pr\u00e9sente d\u00e9sormais un champ d\u2019enregistrement \u00e9galement pour les &lsquo;r\u00e9sidents temporaires&rsquo; qui, inscrits ou non \u00e0 l\u2019AIRE, s\u00e9journent pendant de longues p\u00e9riodes \u00e0 l\u2019\u00e9tranger. Le site offre la possibilit\u00e9 (m\u00eame pour les r\u00e9sidents \u00e0 l\u2019\u00e9tranger) d\u2019indiquer leur logement sur une carte. Le service est gratuit et conforme \u00e0 la loi sur la confidentialit\u00e9 des donn\u00e9es. Les informations ne sont utilis\u00e9es qu\u2019en cas d\u2019urgence et toutes les donn\u00e9es fournies seront automatiquement supprim\u00e9es deux jours apr\u00e8s la date limite de s\u00e9jour indiqu\u00e9e. L\u2019objectif est de faciliter l\u2019assistance en cas d\u2019urgences et de faciliter les Ambassades dans la v\u00e9rification des pr\u00e9sences stables de compatriotes, fondamentale pour une intervention rapide d\u2019urgence. <strong>Il est rappel\u00e9 que la signalisation sur le site n\u2019affecte pas les obligations d\u2019enregistrement \u00e0 l\u2019AIRE pour les citoyens r\u00e9sidant \u00e0 l\u2019\u00e9tranger de mani\u00e8re stable.<\/strong><\/p>\n<p style=\"text-align: justify;\"><a class=\"focus--mouse\" href=\"https:\/\/www.esteri.it\/it\/unita_crisi\/\" data-focus-mouse=\"true\">VISITA IL SITO INTERNET DELL\u2019UNITA\u2019 DI CRISI<\/a><\/p>\n<p style=\"text-align: justify;\"><a href=\"http:\/\/www.viaggiaresicuri.it\/\">WWW.VIAGGIARESICURI.IT<\/a><\/p>\n<p style=\"text-align: justify;\"><a href=\"http:\/\/www.dovesiamonelmondo.it\/\">WWW.DOVESIAMONELMONDO.IT<\/a><\/p>\n","protected":false},"excerpt":{"rendered":"NUM\u00c9RO D\u2019URGENCE\u00a0: +242\u00a0055512635 R\u00e9serv\u00e9 aux citoyens italiens en cas d\u2019urgence\u00a0: accidents graves entra\u00eenant des hospitalisations ou d\u00e9c\u00e8s \u00e0 la suite d\u2019actes criminels; arrestations; perte \/ vol \/ confiscation de documents de voyage. S\u00c9CURIT\u00c9 Il est vivement recommand\u00e9 de visiter le site www.viaggiaresicuri.it g\u00e9r\u00e9 par le Minist\u00e8re des Affaires \u00e9trang\u00e8res avec la collaboration des ambassades et [&hellip;]","protected":false},"author":1,"featured_media":0,"parent":132,"menu_order":6,"comment_status":"closed","ping_status":"closed","template":"","meta":{"footnotes":""},"class_list":["post-151","page","type-page","status-publish","hentry"],"_links":{"self":[{"href":"https:\/\/ambbrazzaville.esteri.it\/fr\/wp-json\/wp\/v2\/pages\/151","targetHints":{"allow":["GET"]}}],"collection":[{"href":"https:\/\/ambbrazzaville.esteri.it\/fr\/wp-json\/wp\/v2\/pages"}],"about":[{"href":"https:\/\/ambbrazzaville.esteri.it\/fr\/wp-json\/wp\/v2\/types\/page"}],"author":[{"embeddable":true,"href":"https:\/\/ambbrazzaville.esteri.it\/fr\/wp-json\/wp\/v2\/users\/1"}],"replies":[{"embeddable":true,"href":"https:\/\/ambbrazzaville.esteri.it\/fr\/wp-json\/wp\/v2\/comments?post=151"}],"version-history":[{"count":3,"href":"https:\/\/ambbrazzaville.esteri.it\/fr\/wp-json\/wp\/v2\/pages\/151\/revisions"}],"predecessor-version":[{"id":1525,"href":"https:\/\/ambbrazzaville.esteri.it\/fr\/wp-json\/wp\/v2\/pages\/151\/revisions\/1525"}],"up":[{"embeddable":true,"href":"https:\/\/ambbrazzaville.esteri.it\/fr\/wp-json\/wp\/v2\/pages\/132"}],"wp:attachment":[{"href":"https:\/\/ambbrazzaville.esteri.it\/fr\/wp-json\/wp\/v2\/media?parent=151"}],"curies":[{"name":"wp","href":"https:\/\/api.w.org\/{rel}","templated":true}]}}