{"id":154,"date":"2023-04-11T18:23:52","date_gmt":"2023-04-11T17:23:52","guid":{"rendered":"https:\/\/ambbrazzaville.esteri.ititalia-e-congo\/diplomazia-economica\/fare-affari-nella-repubblica-ceca\/"},"modified":"2025-10-06T19:43:18","modified_gmt":"2025-10-06T18:43:18","slug":"fare-affari-nella-repubblica-ceca","status":"publish","type":"page","link":"https:\/\/ambbrazzaville.esteri.it\/fr\/italia-e-congo\/diplomazia-economica\/fare-affari-nella-repubblica-ceca\/","title":{"rendered":"Faire des affaires au Congo"},"content":{"rendered":"<p style=\"text-align: justify;\">En 2024, l&rsquo;\u00e9conomie du pays poursuit la reprise entam\u00e9e en 2022 apr\u00e8s six ann\u00e9es de r\u00e9cession, caract\u00e9ris\u00e9e toutefois par une stabilit\u00e9 politique et une bonne situation s\u00e9curitaire (cas rare dans le contexte r\u00e9gional), une relative stabilit\u00e9 macro\u00e9conomique, avec le maintien des exc\u00e9dents de la balance des paiements et du budget de l&rsquo;\u00c9tat, un taux de change fixe par rapport \u00e0 l&rsquo;euro (1:656 XAF) et une inflation sensiblement faible (estimation au 4 % en 2025). <span class=\"Y2IQFc\" lang=\"fr\">En 2024, la croissance a augment\u00e9 de 2,6 % et devrait poursuivre modestement tout au long de 2025 (estimation au 2,9%) en raison de la sous-performance du secteur p\u00e9trolier et industriel.<\/span><\/p>\n<p style=\"text-align: justify;\">La R\u00e9publique du Congo est riche en ressources et en mati\u00e8res premi\u00e8res, notamment en p\u00e9trole et en gaz, concentr\u00e9s au large de ses c\u00f4tes et dans les r\u00e9gions du nord (Likouala), mais aussi en gisements min\u00e9raux et en bois de valeur, la majeure partie de son territoire \u00e9tant couverte de for\u00eats. Bien que faiblement cultiv\u00e9, le pays dispose \u00e9galement d&rsquo;un territoire tr\u00e8s favorable \u00e0 l&rsquo;agriculture, secteur dans lequel le gouvernement de Brazzaville tente d&rsquo;investir afin de r\u00e9duire la d\u00e9pendance alimentaire vis-\u00e0-vis de l&rsquo;\u00e9tranger et de diversifier le syst\u00e8me \u00e9conomique.<\/p>\n<p style=\"text-align: justify;\">Dans le cadre des projets d&rsquo;infrastructure du pays, le port de Pointe-Noire, actuellement satur\u00e9 en raison d&rsquo;un chemin de fer \u00e0 voie \u00e9troite et d&rsquo;un axe routier incomplet reliant la capitale, devrait devenir le principal port en eau profonde du sud du Golfe de Guin\u00e9e. Ce d\u00e9veloppement permettra de transporter les marchandises par rail, route ou voie fluviale vers des destinations telles que Bangui, Yaound\u00e9, Kinshasa, ainsi que l&rsquo;Afrique centrale, desservant ainsi une zone de chalandise d&rsquo;environ 80 millions de personnes. Ce projet positionnera le Congo comme un carrefour strat\u00e9gique pour les routes r\u00e9gionales, dans le cadre des initiatives de la CEMAC visant \u00e0 renforcer les interconnexions logistiques entre ses membres.<\/p>\n<p style=\"text-align: justify;\">Le Bureau commercial de l&rsquo;Ambassade d&rsquo;Italie \u00e0 Brazzaville est responsable des relations \u00e9conomico-commerciales avec la R\u00e9publique du Congo et offre des services aux entreprises italiennes et aux op\u00e9rateurs \u00e9conomiques qui ont l&rsquo;intention de poursuivre des opportunit\u00e9s d&rsquo;affaires dans le pays. Il existe \u00e9galement un Point de Correspondance ICE aupr\u00e8s de l&rsquo;Ambassade (Tel : +242 222 810108 ; e-mail : <a href=\"mailto:brazzaville@ice.it\">brazzaville@ice.it<\/a>\u00a0 ; site : <a href=\"https:\/\/www.ice.it\/it\/mercati\/repubblica-del-congo\/punto-di-corrispondenza-di-brazzaville\">https:\/\/www.ice.it\/it\/mercati\/repubblica-del-congo\/punto-di-corrispondenza-di-brazzaville<\/a>).<\/p>\n<p style=\"text-align: justify;\">Des informations d\u00e9taill\u00e9es pour les entreprises sont disponibles sur le portail <a href=\"http:\/\/www.infomercatiesteri.it\">http:\/\/www.infomercatiesteri.it<\/a>.<\/p>\n<p style=\"text-align: justify;\">Pour soumettre une demande d&rsquo;assistance \u00e0 la section \u00e9conomique et commerciale, vous pouvez utiliser la plateforme NEXUS en cliquant ici ou en \u00e9crivant \u00e0 <a href=\"mailto:amb.brazzaville@esteri.it\">amb.brazzaville@esteri.it<\/a>.<\/p>\n","protected":false},"excerpt":{"rendered":"En 2024, l&rsquo;\u00e9conomie du pays poursuit la reprise entam\u00e9e en 2022 apr\u00e8s six ann\u00e9es de r\u00e9cession, caract\u00e9ris\u00e9e toutefois par une stabilit\u00e9 politique et une bonne situation s\u00e9curitaire (cas rare dans le contexte r\u00e9gional), une relative stabilit\u00e9 macro\u00e9conomique, avec le maintien des exc\u00e9dents de la balance des paiements et du budget de l&rsquo;\u00c9tat, un taux de [&hellip;]","protected":false},"author":1,"featured_media":0,"parent":141,"menu_order":0,"comment_status":"closed","ping_status":"closed","template":"","meta":{"footnotes":""},"class_list":["post-154","page","type-page","status-publish","hentry"],"_links":{"self":[{"href":"https:\/\/ambbrazzaville.esteri.it\/fr\/wp-json\/wp\/v2\/pages\/154","targetHints":{"allow":["GET"]}}],"collection":[{"href":"https:\/\/ambbrazzaville.esteri.it\/fr\/wp-json\/wp\/v2\/pages"}],"about":[{"href":"https:\/\/ambbrazzaville.esteri.it\/fr\/wp-json\/wp\/v2\/types\/page"}],"author":[{"embeddable":true,"href":"https:\/\/ambbrazzaville.esteri.it\/fr\/wp-json\/wp\/v2\/users\/1"}],"replies":[{"embeddable":true,"href":"https:\/\/ambbrazzaville.esteri.it\/fr\/wp-json\/wp\/v2\/comments?post=154"}],"version-history":[{"count":4,"href":"https:\/\/ambbrazzaville.esteri.it\/fr\/wp-json\/wp\/v2\/pages\/154\/revisions"}],"predecessor-version":[{"id":2010,"href":"https:\/\/ambbrazzaville.esteri.it\/fr\/wp-json\/wp\/v2\/pages\/154\/revisions\/2010"}],"up":[{"embeddable":true,"href":"https:\/\/ambbrazzaville.esteri.it\/fr\/wp-json\/wp\/v2\/pages\/141"}],"wp:attachment":[{"href":"https:\/\/ambbrazzaville.esteri.it\/fr\/wp-json\/wp\/v2\/media?parent=154"}],"curies":[{"name":"wp","href":"https:\/\/api.w.org\/{rel}","templated":true}]}}