{"id":1549,"date":"2025-04-01T18:21:39","date_gmt":"2025-04-01T17:21:39","guid":{"rendered":"https:\/\/ambbrazzaville.esteri.it\/?page_id=1549"},"modified":"2025-04-01T18:25:07","modified_gmt":"2025-04-01T17:25:07","slug":"normes-et-mesures-dincitation","status":"publish","type":"page","link":"https:\/\/ambbrazzaville.esteri.it\/fr\/italia-e-congo\/diplomazia-economica\/fare-affari-in-italia\/normes-et-mesures-dincitation\/","title":{"rendered":"Normes et mesures d&rsquo;incitation"},"content":{"rendered":"<p style=\"text-align: justify;\">Au cours des derni\u00e8res d\u00e9cennies, des r\u00e9formes structurelles ont \u00e9t\u00e9 introduites qui ont permis \u00e0 l&rsquo;Italie d&rsquo;harmoniser son cadre r\u00e9glementaire, fiscal et de facilitation avec les normes europ\u00e9ennes. En particulier, d&rsquo;importantes r\u00e9formes ont \u00e9t\u00e9 mises en \u0153uvre sur les march\u00e9s du travail, du cr\u00e9dit, de l&rsquo;\u00e9nergie et de l&rsquo;administration publique. Le fil conducteur des interventions a \u00e9t\u00e9 l&rsquo;adaptation des r\u00e8gles \u00e0 celles des pays les plus avanc\u00e9s, afin de rendre le syst\u00e8me italien plus attractif pour les op\u00e9rateurs \u00e9conomiques et plus comp\u00e9titif en comparaison internationale. Pour plus d&rsquo;informations, veuillez consulter le site web du <a href=\"https:\/\/www.mef.gov.it\/\">Minist\u00e8re de l&rsquo;Economie et des Finances<\/a>.<\/p>\n","protected":false},"excerpt":{"rendered":"Au cours des derni\u00e8res d\u00e9cennies, des r\u00e9formes structurelles ont \u00e9t\u00e9 introduites qui ont permis \u00e0 l&rsquo;Italie d&rsquo;harmoniser son cadre r\u00e9glementaire, fiscal et de facilitation avec les normes europ\u00e9ennes. En particulier, d&rsquo;importantes r\u00e9formes ont \u00e9t\u00e9 mises en \u0153uvre sur les march\u00e9s du travail, du cr\u00e9dit, de l&rsquo;\u00e9nergie et de l&rsquo;administration publique. Le fil conducteur des interventions [&hellip;]","protected":false},"author":7,"featured_media":0,"parent":142,"menu_order":3,"comment_status":"closed","ping_status":"closed","template":"","meta":{"footnotes":""},"class_list":["post-1549","page","type-page","status-publish","hentry"],"_links":{"self":[{"href":"https:\/\/ambbrazzaville.esteri.it\/fr\/wp-json\/wp\/v2\/pages\/1549","targetHints":{"allow":["GET"]}}],"collection":[{"href":"https:\/\/ambbrazzaville.esteri.it\/fr\/wp-json\/wp\/v2\/pages"}],"about":[{"href":"https:\/\/ambbrazzaville.esteri.it\/fr\/wp-json\/wp\/v2\/types\/page"}],"author":[{"embeddable":true,"href":"https:\/\/ambbrazzaville.esteri.it\/fr\/wp-json\/wp\/v2\/users\/7"}],"replies":[{"embeddable":true,"href":"https:\/\/ambbrazzaville.esteri.it\/fr\/wp-json\/wp\/v2\/comments?post=1549"}],"version-history":[{"count":2,"href":"https:\/\/ambbrazzaville.esteri.it\/fr\/wp-json\/wp\/v2\/pages\/1549\/revisions"}],"predecessor-version":[{"id":1553,"href":"https:\/\/ambbrazzaville.esteri.it\/fr\/wp-json\/wp\/v2\/pages\/1549\/revisions\/1553"}],"up":[{"embeddable":true,"href":"https:\/\/ambbrazzaville.esteri.it\/fr\/wp-json\/wp\/v2\/pages\/142"}],"wp:attachment":[{"href":"https:\/\/ambbrazzaville.esteri.it\/fr\/wp-json\/wp\/v2\/media?parent=1549"}],"curies":[{"name":"wp","href":"https:\/\/api.w.org\/{rel}","templated":true}]}}