{"id":1555,"date":"2025-04-01T18:28:31","date_gmt":"2025-04-01T17:28:31","guid":{"rendered":"https:\/\/ambbrazzaville.esteri.it\/?page_id=1555"},"modified":"2025-08-12T19:40:23","modified_gmt":"2025-08-12T18:40:23","slug":"opportunites-daffaires","status":"publish","type":"page","link":"https:\/\/ambbrazzaville.esteri.it\/fr\/italia-e-congo\/diplomazia-economica\/fare-affari-in-italia\/opportunites-daffaires\/","title":{"rendered":"Opportunit\u00e9s d&rsquo;affaires"},"content":{"rendered":"<p>L&rsquo;acquisition d&rsquo;informations sur le march\u00e9 italien et les opportunit\u00e9s d&rsquo;affaires avec l&rsquo;Italie est la premi\u00e8re \u00e9tape que les op\u00e9rateurs \u00e9trangers doivent franchir afin d&rsquo;identifier les domaines et les formes d&rsquo;investissement en Italie. L\u2019<a href=\"https:\/\/www.ice.it\/en\/\">Italian Trade Agency <\/a>fournit un acc\u00e8s imm\u00e9diat \u00e0 toutes les informations sur le march\u00e9 italien dans la langue des affaires des op\u00e9rateurs \u00e9trangers.<\/p>\n<p id=\"tw-target-text\" class=\"tw-data-text tw-text-large tw-ta\" dir=\"ltr\" style=\"text-align: justify;\" data-placeholder=\"Traduzione\" data-ved=\"2ahUKEwjQu57LxIWPAxXVlP0HHaNDGN4Q3ewLegQIChAV\" aria-label=\"Testo tradotto: \u00ab\u00a0OpportunItaly\u00a0\u00bb est une campagne promue par le minist\u00e8re des Affaires \u00e9trang\u00e8res et de la Coop\u00e9ration internationale avec le soutien de l'Agence italienne pour le commerce (ICE). Lanc\u00e9e au cours des deux prochaines ann\u00e9es, cette campagne vise \u00e0 rassembler des contacts d'importateurs, de distributeurs, d'investisseurs et de professionnels utiles au d\u00e9veloppement de relations commerciales pour les entreprises italiennes. Cette plateforme, qui permet l'interaction entre op\u00e9rateurs italiens et \u00e9trangers et assure la continuit\u00e9 des opportunit\u00e9s de rencontre cr\u00e9\u00e9es par des initiatives promotionnelles telles que les forums d'affaires ou les salons, est une plateforme high-tech. La plateforme en ligne est divis\u00e9e en deux sections\u00a0: l'une destin\u00e9e aux PME italiennes, qui peuvent s'inscrire et acc\u00e9der \u00e0 des contenus exclusifs sur des march\u00e9s s\u00e9lectionn\u00e9s, suivre leur participation aux salons italiens et internationaux et entretenir leurs contacts avec des entreprises \u00e9trang\u00e8res int\u00e9ress\u00e9es par leurs produits. L'autre section est destin\u00e9e aux acheteurs, distributeurs et importateurs \u00e9trangers, pour lesquels le Club des acheteurs a \u00e9t\u00e9 cr\u00e9\u00e9. Cet espace est r\u00e9serv\u00e9 \u00e0 des op\u00e9rateurs \u00e9conomiques internationaux s\u00e9lectionn\u00e9s et donne acc\u00e8s \u00e0 des services personnalis\u00e9s \u00e0 forte valeur ajout\u00e9e\u00a0: rencontres B2B avec des entreprises italiennes, exp\u00e9riences locales cibl\u00e9es et parcours structur\u00e9s d'acc\u00e8s aux cha\u00eenes de production. L'initiative du Club des Acheteurs de Produits Italiens est associ\u00e9e \u00e0 une carte de membre qui peut \u00eatre distribu\u00e9e lors de forums d'affaires, d'\u00e9v\u00e9nements et de salons pour affilier des entreprises \u00e9trang\u00e8res \u00e0 nos produits et \u00e0 nos initiatives de promotion int\u00e9gr\u00e9es ou \u00e0 des journ\u00e9es th\u00e9matiques.\"><span class=\"Y2IQFc\" lang=\"fr\">\u00ab\u00a0<a href=\"https:\/\/opportunitaly.gov.it\/it\">OpportunItaly<\/a>\u00a0\u00bb est une campagne promue par le minist\u00e8re des Affaires \u00e9trang\u00e8res et de la Coop\u00e9ration internationale avec le soutien de l&rsquo;Agence italienne pour le commerce (ICE). Lanc\u00e9e au cours des deux prochaines ann\u00e9es, cette campagne vise \u00e0 rassembler des contacts d&rsquo;importateurs, de distributeurs, d&rsquo;investisseurs et de professionnels utiles au d\u00e9veloppement de relations commerciales pour les entreprises italiennes. Cette plateforme, qui permet l&rsquo;interaction entre op\u00e9rateurs italiens et \u00e9trangers et assure la continuit\u00e9 des opportunit\u00e9s de rencontre cr\u00e9\u00e9es par des initiatives promotionnelles telles que les forums d&rsquo;affaires ou les salons, est une plateforme high-tech. La plateforme en ligne est divis\u00e9e en deux sections\u00a0: <\/span><\/p>\n<ul>\n<li class=\"tw-data-text tw-text-large tw-ta\" dir=\"ltr\" style=\"text-align: justify;\" data-placeholder=\"Traduzione\" data-ved=\"2ahUKEwjQu57LxIWPAxXVlP0HHaNDGN4Q3ewLegQIChAV\" aria-label=\"Testo tradotto: \u00ab\u00a0OpportunItaly\u00a0\u00bb est une campagne promue par le minist\u00e8re des Affaires \u00e9trang\u00e8res et de la Coop\u00e9ration internationale avec le soutien de l'Agence italienne pour le commerce (ICE). Lanc\u00e9e au cours des deux prochaines ann\u00e9es, cette campagne vise \u00e0 rassembler des contacts d'importateurs, de distributeurs, d'investisseurs et de professionnels utiles au d\u00e9veloppement de relations commerciales pour les entreprises italiennes. Cette plateforme, qui permet l'interaction entre op\u00e9rateurs italiens et \u00e9trangers et assure la continuit\u00e9 des opportunit\u00e9s de rencontre cr\u00e9\u00e9es par des initiatives promotionnelles telles que les forums d'affaires ou les salons, est une plateforme high-tech. La plateforme en ligne est divis\u00e9e en deux sections\u00a0: l'une destin\u00e9e aux PME italiennes, qui peuvent s'inscrire et acc\u00e9der \u00e0 des contenus exclusifs sur des march\u00e9s s\u00e9lectionn\u00e9s, suivre leur participation aux salons italiens et internationaux et entretenir leurs contacts avec des entreprises \u00e9trang\u00e8res int\u00e9ress\u00e9es par leurs produits. L'autre section est destin\u00e9e aux acheteurs, distributeurs et importateurs \u00e9trangers, pour lesquels le Club des acheteurs a \u00e9t\u00e9 cr\u00e9\u00e9. Cet espace est r\u00e9serv\u00e9 \u00e0 des op\u00e9rateurs \u00e9conomiques internationaux s\u00e9lectionn\u00e9s et donne acc\u00e8s \u00e0 des services personnalis\u00e9s \u00e0 forte valeur ajout\u00e9e\u00a0: rencontres B2B avec des entreprises italiennes, exp\u00e9riences locales cibl\u00e9es et parcours structur\u00e9s d'acc\u00e8s aux cha\u00eenes de production. L'initiative du Club des Acheteurs de Produits Italiens est associ\u00e9e \u00e0 une carte de membre qui peut \u00eatre distribu\u00e9e lors de forums d'affaires, d'\u00e9v\u00e9nements et de salons pour affilier des entreprises \u00e9trang\u00e8res \u00e0 nos produits et \u00e0 nos initiatives de promotion int\u00e9gr\u00e9es ou \u00e0 des journ\u00e9es th\u00e9matiques.\"><span class=\"Y2IQFc\" lang=\"fr\">L&rsquo;une destin\u00e9e aux PME italiennes, qui peuvent s&rsquo;inscrire et acc\u00e9der \u00e0 des contenus exclusifs sur des march\u00e9s s\u00e9lectionn\u00e9s, suivre leur participation aux salons italiens et internationaux et entretenir leurs contacts avec des entreprises \u00e9trang\u00e8res int\u00e9ress\u00e9es par leurs produits. <\/span><\/li>\n<li class=\"tw-data-text tw-text-large tw-ta\" dir=\"ltr\" style=\"text-align: justify;\" data-placeholder=\"Traduzione\" data-ved=\"2ahUKEwjQu57LxIWPAxXVlP0HHaNDGN4Q3ewLegQIChAV\" aria-label=\"Testo tradotto: \u00ab\u00a0OpportunItaly\u00a0\u00bb est une campagne promue par le minist\u00e8re des Affaires \u00e9trang\u00e8res et de la Coop\u00e9ration internationale avec le soutien de l'Agence italienne pour le commerce (ICE). Lanc\u00e9e au cours des deux prochaines ann\u00e9es, cette campagne vise \u00e0 rassembler des contacts d'importateurs, de distributeurs, d'investisseurs et de professionnels utiles au d\u00e9veloppement de relations commerciales pour les entreprises italiennes. Cette plateforme, qui permet l'interaction entre op\u00e9rateurs italiens et \u00e9trangers et assure la continuit\u00e9 des opportunit\u00e9s de rencontre cr\u00e9\u00e9es par des initiatives promotionnelles telles que les forums d'affaires ou les salons, est une plateforme high-tech. La plateforme en ligne est divis\u00e9e en deux sections\u00a0: l'une destin\u00e9e aux PME italiennes, qui peuvent s'inscrire et acc\u00e9der \u00e0 des contenus exclusifs sur des march\u00e9s s\u00e9lectionn\u00e9s, suivre leur participation aux salons italiens et internationaux et entretenir leurs contacts avec des entreprises \u00e9trang\u00e8res int\u00e9ress\u00e9es par leurs produits. L'autre section est destin\u00e9e aux acheteurs, distributeurs et importateurs \u00e9trangers, pour lesquels le Club des acheteurs a \u00e9t\u00e9 cr\u00e9\u00e9. Cet espace est r\u00e9serv\u00e9 \u00e0 des op\u00e9rateurs \u00e9conomiques internationaux s\u00e9lectionn\u00e9s et donne acc\u00e8s \u00e0 des services personnalis\u00e9s \u00e0 forte valeur ajout\u00e9e\u00a0: rencontres B2B avec des entreprises italiennes, exp\u00e9riences locales cibl\u00e9es et parcours structur\u00e9s d'acc\u00e8s aux cha\u00eenes de production. L'initiative du Club des Acheteurs de Produits Italiens est associ\u00e9e \u00e0 une carte de membre qui peut \u00eatre distribu\u00e9e lors de forums d'affaires, d'\u00e9v\u00e9nements et de salons pour affilier des entreprises \u00e9trang\u00e8res \u00e0 nos produits et \u00e0 nos initiatives de promotion int\u00e9gr\u00e9es ou \u00e0 des journ\u00e9es th\u00e9matiques.\"><span class=\"Y2IQFc\" lang=\"fr\">L&rsquo;autre section est destin\u00e9e aux acheteurs, distributeurs et importateurs \u00e9trangers, pour lesquels le Club des acheteurs a \u00e9t\u00e9 cr\u00e9\u00e9. Cet espace est r\u00e9serv\u00e9 \u00e0 des op\u00e9rateurs \u00e9conomiques internationaux s\u00e9lectionn\u00e9s et donne acc\u00e8s \u00e0 des services personnalis\u00e9s \u00e0 forte valeur ajout\u00e9e\u00a0: rencontres B2B avec des entreprises italiennes, exp\u00e9riences locales cibl\u00e9es et parcours structur\u00e9s d&rsquo;acc\u00e8s aux cha\u00eenes de production. L&rsquo;initiative du Club des Acheteurs de Produits Italiens est associ\u00e9e \u00e0 une carte de membre qui peut \u00eatre distribu\u00e9e lors de forums d&rsquo;affaires, d&rsquo;\u00e9v\u00e9nements et de salons pour affilier des entreprises \u00e9trang\u00e8res \u00e0 nos produits et \u00e0 nos initiatives de promotion int\u00e9gr\u00e9es ou \u00e0 des journ\u00e9es th\u00e9matiques.<\/span><\/li>\n<\/ul>\n","protected":false},"excerpt":{"rendered":"L&rsquo;acquisition d&rsquo;informations sur le march\u00e9 italien et les opportunit\u00e9s d&rsquo;affaires avec l&rsquo;Italie est la premi\u00e8re \u00e9tape que les op\u00e9rateurs \u00e9trangers doivent franchir afin d&rsquo;identifier les domaines et les formes d&rsquo;investissement en Italie. L\u2019Italian Trade Agency fournit un acc\u00e8s imm\u00e9diat \u00e0 toutes les informations sur le march\u00e9 italien dans la langue des affaires des op\u00e9rateurs \u00e9trangers. [&hellip;]","protected":false},"author":7,"featured_media":0,"parent":142,"menu_order":3,"comment_status":"closed","ping_status":"closed","template":"","meta":{"footnotes":""},"class_list":["post-1555","page","type-page","status-publish","hentry"],"_links":{"self":[{"href":"https:\/\/ambbrazzaville.esteri.it\/fr\/wp-json\/wp\/v2\/pages\/1555","targetHints":{"allow":["GET"]}}],"collection":[{"href":"https:\/\/ambbrazzaville.esteri.it\/fr\/wp-json\/wp\/v2\/pages"}],"about":[{"href":"https:\/\/ambbrazzaville.esteri.it\/fr\/wp-json\/wp\/v2\/types\/page"}],"author":[{"embeddable":true,"href":"https:\/\/ambbrazzaville.esteri.it\/fr\/wp-json\/wp\/v2\/users\/7"}],"replies":[{"embeddable":true,"href":"https:\/\/ambbrazzaville.esteri.it\/fr\/wp-json\/wp\/v2\/comments?post=1555"}],"version-history":[{"count":2,"href":"https:\/\/ambbrazzaville.esteri.it\/fr\/wp-json\/wp\/v2\/pages\/1555\/revisions"}],"predecessor-version":[{"id":1949,"href":"https:\/\/ambbrazzaville.esteri.it\/fr\/wp-json\/wp\/v2\/pages\/1555\/revisions\/1949"}],"up":[{"embeddable":true,"href":"https:\/\/ambbrazzaville.esteri.it\/fr\/wp-json\/wp\/v2\/pages\/142"}],"wp:attachment":[{"href":"https:\/\/ambbrazzaville.esteri.it\/fr\/wp-json\/wp\/v2\/media?parent=1555"}],"curies":[{"name":"wp","href":"https:\/\/api.w.org\/{rel}","templated":true}]}}