{"id":1559,"date":"2025-04-01T18:32:25","date_gmt":"2025-04-01T17:32:25","guid":{"rendered":"https:\/\/ambbrazzaville.esteri.it\/?page_id=1559"},"modified":"2025-04-01T18:32:25","modified_gmt":"2025-04-01T17:32:25","slug":"opportunites-dinvestissement","status":"publish","type":"page","link":"https:\/\/ambbrazzaville.esteri.it\/fr\/italia-e-congo\/diplomazia-economica\/fare-affari-in-italia\/opportunites-dinvestissement\/","title":{"rendered":"Opportunit\u00e9s d&rsquo;investissement"},"content":{"rendered":"<p>Invitalia agit dans le cadre d&rsquo;un mandat gouvernemental visant \u00e0 promouvoir des opportunit\u00e9s d\u2019affaires int\u00e9ressantes. Elle est le point de contact unique pour les investisseurs \u00e9trangers qui souhaitent cr\u00e9er ou d\u00e9velopper leur entreprise en Italie, en fournissant une large gamme de services \u00e0 chaque \u00e9tape du processus d&rsquo;investissement. Sur le site web d&rsquo;<a href=\"https:\/\/www.invitalia.it\/\">Invitalia<\/a>, les investisseurs \u00e9trangers peuvent trouver toutes les informations dont ils ont besoin pour saisir les opportunit\u00e9s d&rsquo;investissement les plus avantageuses pour cr\u00e9er ou d\u00e9velopper leur entreprise en Italie.<\/p>\n<p>Le <a href=\"https:\/\/www.ambrosetti.eu\/global-attractiveness-index\/\">Global Attractiveness Index<\/a> (GAI) de The European House \u2013 Ambrosetti\u00a0est un indice composite qui mesure l&rsquo;attractivit\u00e9 en termes \u00e9conomiques de 148 \u00e9conomies mondiales. La publication comprend un examen d\u00e9taill\u00e9 de l&rsquo;Italie, qui occupe la 17e place du classement, c&rsquo;est-\u00e0-dire dans la cat\u00e9gorie des \u00ab pays \u00e0 bonne attractivit\u00e9 \u00bb.<\/p>\n<p>Pour plus d\u2019informations sur les investissements en Italie visitez le lien <a href=\"http:\/\/www.investinitaly.com\/\">www.investinitaly.com<\/a><\/p>\n","protected":false},"excerpt":{"rendered":"Invitalia agit dans le cadre d&rsquo;un mandat gouvernemental visant \u00e0 promouvoir des opportunit\u00e9s d\u2019affaires int\u00e9ressantes. Elle est le point de contact unique pour les investisseurs \u00e9trangers qui souhaitent cr\u00e9er ou d\u00e9velopper leur entreprise en Italie, en fournissant une large gamme de services \u00e0 chaque \u00e9tape du processus d&rsquo;investissement. Sur le site web d&rsquo;Invitalia, les investisseurs [&hellip;]","protected":false},"author":7,"featured_media":0,"parent":142,"menu_order":3,"comment_status":"closed","ping_status":"closed","template":"","meta":{"footnotes":""},"class_list":["post-1559","page","type-page","status-publish","hentry"],"_links":{"self":[{"href":"https:\/\/ambbrazzaville.esteri.it\/fr\/wp-json\/wp\/v2\/pages\/1559","targetHints":{"allow":["GET"]}}],"collection":[{"href":"https:\/\/ambbrazzaville.esteri.it\/fr\/wp-json\/wp\/v2\/pages"}],"about":[{"href":"https:\/\/ambbrazzaville.esteri.it\/fr\/wp-json\/wp\/v2\/types\/page"}],"author":[{"embeddable":true,"href":"https:\/\/ambbrazzaville.esteri.it\/fr\/wp-json\/wp\/v2\/users\/7"}],"replies":[{"embeddable":true,"href":"https:\/\/ambbrazzaville.esteri.it\/fr\/wp-json\/wp\/v2\/comments?post=1559"}],"version-history":[{"count":1,"href":"https:\/\/ambbrazzaville.esteri.it\/fr\/wp-json\/wp\/v2\/pages\/1559\/revisions"}],"predecessor-version":[{"id":1562,"href":"https:\/\/ambbrazzaville.esteri.it\/fr\/wp-json\/wp\/v2\/pages\/1559\/revisions\/1562"}],"up":[{"embeddable":true,"href":"https:\/\/ambbrazzaville.esteri.it\/fr\/wp-json\/wp\/v2\/pages\/142"}],"wp:attachment":[{"href":"https:\/\/ambbrazzaville.esteri.it\/fr\/wp-json\/wp\/v2\/media?parent=1559"}],"curies":[{"name":"wp","href":"https:\/\/api.w.org\/{rel}","templated":true}]}}