{"id":1572,"date":"2025-04-01T18:36:27","date_gmt":"2025-04-01T17:36:27","guid":{"rendered":"https:\/\/ambbrazzaville.esteri.it\/?page_id=1572"},"modified":"2025-04-01T18:36:27","modified_gmt":"2025-04-01T17:36:27","slug":"cadre-macroeconomique","status":"publish","type":"page","link":"https:\/\/ambbrazzaville.esteri.it\/fr\/italia-e-congo\/diplomazia-economica\/fare-affari-in-italia\/cadre-macroeconomique\/","title":{"rendered":"Cadre macro\u00e9conomique"},"content":{"rendered":"<p style=\"text-align: justify;\">Sur la page d&rsquo;accueil du site Internet de la <a href=\"http:\/\/www.bancaditalia.it\/\">Banque d&rsquo;Italie<\/a>\u00a0figure un lien vers la section des publications, qui permet d&rsquo;acc\u00e9der aux services \u00e9conomiques, statistiques et de politique mon\u00e9taire relatifs \u00e0 l&rsquo;Italie. Le Bulletin \u00e9conomique, mis \u00e0 jour par l&rsquo;Institut en novembre et en mars de chaque ann\u00e9e, est particuli\u00e8rement int\u00e9ressant pour une analyse pr\u00e9cise et actualis\u00e9e de la situation \u00e9conomique nationale.<\/p>\n<p style=\"text-align: justify;\">De plus amples informations sont disponibles aux adresses suivantes :<\/p>\n<p style=\"text-align: justify;\">Le guide <a href=\"http:\/\/www.doingbusiness.org\/data\/exploreeconomies\/italy\/\">Doing Business in Italy<\/a>, \u00e9dit\u00e9 par la Banque mondiale illustre les principaux indicateurs macro\u00e9conomiques sur l&rsquo;Italie et le cadre d&rsquo;investissement.<\/p>\n<p style=\"text-align: justify;\">Le site <a href=\"http:\/\/investinitaly.com\/it\">Invest in Italy<\/a>, \u00e9dit\u00e9 par le Minist\u00e8re italien du D\u00e9veloppement Economique fournit des informations compl\u00e8tes sur les r\u00e9formes du climat d&rsquo;investissement et les opportunit\u00e9s d&rsquo;affaires en Italie.<\/p>\n<p style=\"text-align: justify;\"><a href=\"http:\/\/italiastartupvisa.mise.gov.it\/#homepage\">Italia Startup Visa<\/a> est un portail \u00e9dit\u00e9 par le Minist\u00e8re du D\u00e9veloppement Economique et le Minist\u00e8re des Affaires Etrang\u00e8res et de la Coop\u00e9ration Internationale, consacr\u00e9 aux politiques du gouvernement italien visant \u00e0 attirer les entrepreneurs innovants du monde entier.<\/p>\n<p style=\"text-align: justify;\"><a href=\"http:\/\/www.registroimprese.it\/home\">Registro delle Imprese<\/a> est un site \u00e9dit\u00e9 par les Chambres de Commerce Italiennes qui donne des informations officielles sur les entreprises ayant leur si\u00e8ge ou des unit\u00e9s locales en Italie.<\/p>\n","protected":false},"excerpt":{"rendered":"Sur la page d&rsquo;accueil du site Internet de la Banque d&rsquo;Italie\u00a0figure un lien vers la section des publications, qui permet d&rsquo;acc\u00e9der aux services \u00e9conomiques, statistiques et de politique mon\u00e9taire relatifs \u00e0 l&rsquo;Italie. Le Bulletin \u00e9conomique, mis \u00e0 jour par l&rsquo;Institut en novembre et en mars de chaque ann\u00e9e, est particuli\u00e8rement int\u00e9ressant pour une analyse pr\u00e9cise [&hellip;]","protected":false},"author":7,"featured_media":0,"parent":142,"menu_order":3,"comment_status":"closed","ping_status":"closed","template":"","meta":{"footnotes":""},"class_list":["post-1572","page","type-page","status-publish","hentry"],"_links":{"self":[{"href":"https:\/\/ambbrazzaville.esteri.it\/fr\/wp-json\/wp\/v2\/pages\/1572","targetHints":{"allow":["GET"]}}],"collection":[{"href":"https:\/\/ambbrazzaville.esteri.it\/fr\/wp-json\/wp\/v2\/pages"}],"about":[{"href":"https:\/\/ambbrazzaville.esteri.it\/fr\/wp-json\/wp\/v2\/types\/page"}],"author":[{"embeddable":true,"href":"https:\/\/ambbrazzaville.esteri.it\/fr\/wp-json\/wp\/v2\/users\/7"}],"replies":[{"embeddable":true,"href":"https:\/\/ambbrazzaville.esteri.it\/fr\/wp-json\/wp\/v2\/comments?post=1572"}],"version-history":[{"count":1,"href":"https:\/\/ambbrazzaville.esteri.it\/fr\/wp-json\/wp\/v2\/pages\/1572\/revisions"}],"predecessor-version":[{"id":1574,"href":"https:\/\/ambbrazzaville.esteri.it\/fr\/wp-json\/wp\/v2\/pages\/1572\/revisions\/1574"}],"up":[{"embeddable":true,"href":"https:\/\/ambbrazzaville.esteri.it\/fr\/wp-json\/wp\/v2\/pages\/142"}],"wp:attachment":[{"href":"https:\/\/ambbrazzaville.esteri.it\/fr\/wp-json\/wp\/v2\/media?parent=1572"}],"curies":[{"name":"wp","href":"https:\/\/api.w.org\/{rel}","templated":true}]}}