{"id":160,"date":"2023-04-11T18:12:24","date_gmt":"2023-04-11T17:12:24","guid":{"rendered":"https:\/\/ambbrazzaville.esteri.itservizi-consolari-e-visti\/servizi-per-il-cittadino-italiano\/"},"modified":"2025-04-30T15:36:01","modified_gmt":"2025-04-30T14:36:01","slug":"servizi-per-il-cittadino-italiano","status":"publish","type":"page","link":"https:\/\/ambbrazzaville.esteri.it\/fr\/servizi-consolari-e-visti\/servizi-per-il-cittadino-italiano\/","title":{"rendered":"Services pour le citoyen italien"},"content":{"rendered":"<p style=\"text-align: justify;\">Les repr\u00e9sentations diplomatiques et consulaires prot\u00e8gent leurs compatriotes dans diverses circonstances. Par exemple : violation de leurs droits fondamentaux et limitation ou privation de leur libert\u00e9 personnelle, assistance dans des situations d&rsquo;urgence ou de crise, recherche de membres de la famille, d\u00e9livrance de documents de voyage, ouverture de dossiers de succession \u00e0 l&rsquo;\u00e9tranger, rapatriement de d\u00e9pouilles mortelles.<\/p>\n<p style=\"text-align: justify;\">Pour prendre rendez-vous avec la chancellerie consulaire, veuillez proc\u00e9der comme suit :<\/p>\n<ul style=\"text-align: justify;\">\n<li>Pour les services de demande de passeport, de traduction et de l\u00e9galisation de documents, enregistrement AIRE, services notariaux et d\u00e9clarations de valeur des dipl\u00f4mes, enregistrez votre r\u00e9servation sur le portail<a href=\"https:\/\/prenotami.esteri.it\/\"> Prenot@Mi<\/a>.<\/li>\n<li>Pour tous les autres services, \u00e9crivez un courriel \u00e0 cons.brazzaville@esteri.it en indiquant vos donn\u00e9es personnelles et le type de service demand\u00e9, et en pr\u00e9cisant si vous \u00eates inscrit \u00e0 l&rsquo;AIRE.<\/li>\n<\/ul>\n<h4><a class=\"focus--mouse\" href=\"https:\/\/serviziconsolari.esteri.it\/ScoFE\/index.sco\" target=\"_blank\" rel=\"noopener\" data-focus-mouse=\"true\">Portale Fast It \u2013 Farnesina Servizi Telematici per Italiani all\u2019estero<\/a><\/h4>\n<p><img decoding=\"async\" src=\"https:\/\/ambaddisabeba.esteri.it\/wp-content\/uploads\/2023\/09\/logo_fast_it_new-300x134.png\" alt=\"Fast It - Farnesina servizi telematici per Italiani all'estero\" \/><\/p>\n<p style=\"text-align: justify;\">Le portail de services consulaires <a href=\"https:\/\/serviziconsolari.esteri.it\/ScoFE\/\">Fast It<\/a> est destin\u00e9 \u00e0 fournir aux italiens \u00e0 l&rsquo;\u00e9tranger des services et des informations via Internet. Le portail offre des niveaux de service correspondant \u00e0 diff\u00e9rents profils d&rsquo;utilisateurs :<\/p>\n<ul>\n<li style=\"text-align: justify;\">Sans s&rsquo;enregistrer sur le portail, il est possible de localiser le consulat local ou le plus proche, d&rsquo;acc\u00e9der \u00e0 des pages d&rsquo;information et de consulter le guide des services consulaires.<\/li>\n<li style=\"text-align: justify;\">Les utilisateurs enregistr\u00e9s ou en possession d&rsquo;une identit\u00e9 num\u00e9rique <a href=\"https:\/\/www.esteri.it\/it\/servizi-consolari-e-visti\/italiani-all-estero\/spid\/\">SPID<\/a> peuvent commencer \u00e0 utiliser certains services consulaires en ligne tels que l&rsquo;enregistrement AIRE.<\/li>\n<li style=\"text-align: justify;\">Les utilisateurs v\u00e9rifi\u00e9s par le bureau consulaire peuvent b\u00e9n\u00e9ficier de tous les services courants offerts par le portail.<\/li>\n<\/ul>\n","protected":false},"excerpt":{"rendered":"Les repr\u00e9sentations diplomatiques et consulaires prot\u00e8gent leurs compatriotes dans diverses circonstances. Par exemple : violation de leurs droits fondamentaux et limitation ou privation de leur libert\u00e9 personnelle, assistance dans des situations d&rsquo;urgence ou de crise, recherche de membres de la famille, d\u00e9livrance de documents de voyage, ouverture de dossiers de succession \u00e0 l&rsquo;\u00e9tranger, rapatriement de [&hellip;]","protected":false},"author":1,"featured_media":0,"parent":159,"menu_order":0,"comment_status":"closed","ping_status":"closed","template":"","meta":{"footnotes":""},"class_list":["post-160","page","type-page","status-publish","hentry"],"_links":{"self":[{"href":"https:\/\/ambbrazzaville.esteri.it\/fr\/wp-json\/wp\/v2\/pages\/160","targetHints":{"allow":["GET"]}}],"collection":[{"href":"https:\/\/ambbrazzaville.esteri.it\/fr\/wp-json\/wp\/v2\/pages"}],"about":[{"href":"https:\/\/ambbrazzaville.esteri.it\/fr\/wp-json\/wp\/v2\/types\/page"}],"author":[{"embeddable":true,"href":"https:\/\/ambbrazzaville.esteri.it\/fr\/wp-json\/wp\/v2\/users\/1"}],"replies":[{"embeddable":true,"href":"https:\/\/ambbrazzaville.esteri.it\/fr\/wp-json\/wp\/v2\/comments?post=160"}],"version-history":[{"count":2,"href":"https:\/\/ambbrazzaville.esteri.it\/fr\/wp-json\/wp\/v2\/pages\/160\/revisions"}],"predecessor-version":[{"id":1746,"href":"https:\/\/ambbrazzaville.esteri.it\/fr\/wp-json\/wp\/v2\/pages\/160\/revisions\/1746"}],"up":[{"embeddable":true,"href":"https:\/\/ambbrazzaville.esteri.it\/fr\/wp-json\/wp\/v2\/pages\/159"}],"wp:attachment":[{"href":"https:\/\/ambbrazzaville.esteri.it\/fr\/wp-json\/wp\/v2\/media?parent=160"}],"curies":[{"name":"wp","href":"https:\/\/api.w.org\/{rel}","templated":true}]}}