{"id":162,"date":"2023-04-11T18:17:44","date_gmt":"2023-04-11T17:17:44","guid":{"rendered":"https:\/\/ambbrazzaville.esteri.itservizi-consolari-e-visti\/servizi-per-il-cittadino-italiano\/emergency-travel-documents-etd\/"},"modified":"2025-04-30T15:51:37","modified_gmt":"2025-04-30T14:51:37","slug":"emergency-travel-documents-etd","status":"publish","type":"page","link":"https:\/\/ambbrazzaville.esteri.it\/fr\/servizi-consolari-e-visti\/servizi-per-il-cittadino-italiano\/emergency-travel-documents-etd\/","title":{"rendered":"Documents de voyage d&rsquo;urgence (ETD)"},"content":{"rendered":"<p style=\"text-align: justify;\">Si vous vous trouvez en R\u00e9publique du Congo dans une situation d&rsquo;urgence (par exemple, si vous devez repartir et que vous avez perdu ou vous avez \u00e9t\u00e9 vol\u00e9 de votre passeport) et que vous n&rsquo;avez pas le temps ou la possibilit\u00e9 de demander l&rsquo;\u00e9mission d&rsquo;un nouveau passeport, le bureau consulaire peut d\u00e9livrer un document de voyage temporaire (\u00e9galement appel\u00e9 E.T.D. \u2013 Emergency Travel Document). Il s&rsquo;agit d&rsquo;un document valable pour un seul voyage de retour en Italie ou vers le pays de r\u00e9sidence permanente ou, exceptionnellement, vers une autre destination. Il convient de noter que dans la zone Schengen, certaines compagnies a\u00e9riennes peuvent autoriser l&#8217;embarquement sur pr\u00e9sentation du signalement de vol ou de perte effectu\u00e9 aupr\u00e8s des autorit\u00e9s de police locales.<\/p>\n<p style=\"text-align: justify;\">Pour obtenir l&rsquo;E.T.D., il est n\u00e9cessaire de se pr\u00e9senter au bureau consulaire avec les documents suivants :<\/p>\n<ol style=\"text-align: justify;\">\n<li>D\u00e9claration de perte ou de vol du passeport ou de tout autre document de voyage, effectu\u00e9e aupr\u00e8s du bureau consulaire conform\u00e9ment aux articles 46 et 47 et avec les avertissements de l&rsquo;article 76 du D.P.R. 445\/2000 ;<\/li>\n<li>2 photographies (identiques, de face, en couleur, sur fond blanc, format 35 x 40 mm) ;<\/li>\n<li>Titre de voyage ;<\/li>\n<li>Re\u00e7u du paiement des frais pour le document (actuellement de 1,55 \u20ac) et des \u00e9ventuels frais d&rsquo;exp\u00e9dition si la personne int\u00e9ress\u00e9e ne peut pas se rendre personnellement r\u00e9cup\u00e9rer le document.<\/li>\n<\/ol>\n<p style=\"text-align: justify;\">Il convient de noter qu&rsquo;en raison de la fermeture des bureaux lors des jours f\u00e9ri\u00e9s et pr\u00e9-f\u00e9ri\u00e9s, cette assistance pourrait \u00eatre impossible et diff\u00e9r\u00e9e \u2013 sauf en cas d&rsquo;urgence av\u00e9r\u00e9e \u2013 jusqu&rsquo;au premier jour ouvrable disponible.<\/p>\n<p style=\"text-align: justify;\"><strong>AVERTISSEMENTS<\/strong><\/p>\n<ul>\n<li style=\"text-align: justify;\">N&rsquo;oubliez pas de signaler la perte ou le vol de votre passeport aux autorit\u00e9s de police locales afin de faciliter votre passage \u00e0 la fronti\u00e8re.<\/li>\n<li style=\"text-align: justify;\">Pensez toujours \u00e0 conserver, dans un endroit diff\u00e9rent de celui o\u00f9 vous gardez vos documents originaux, une copie des documents les plus importants (passeport, carte d&rsquo;identit\u00e9, carte de cr\u00e9dit) pour faciliter les d\u00e9marches d&rsquo;assistance en cas de vol ou de perte.<\/li>\n<li style=\"text-align: justify;\">L&rsquo;ETD peut \u00eatre d\u00e9livr\u00e9 \u00e9galement aux citoyens des pays membres de l&rsquo;Union europ\u00e9enne, sous r\u00e9serve d&rsquo;obtenir une autorisation formelle de la part d&rsquo;une repr\u00e9sentation diplomatique ou consulaire ou du Minist\u00e8re des Affaires \u00c9trang\u00e8res du pays d&rsquo;origine du demandeur.<\/li>\n<li style=\"text-align: justify;\">Les consulats honoraires ne sont pas habilit\u00e9s \u00e0 d\u00e9livrer l&rsquo;ETD, mais se limitent \u00e0 transmettre les demandes de d\u00e9livrance au bureau consulaire comp\u00e9tent et \u00e9ventuellement \u00e0 vous remettre le document. Les frais d&rsquo;exp\u00e9dition de la documentation par le bureau consulaire de deuxi\u00e8me cat\u00e9gorie et l&rsquo;envoi de l&rsquo;ETD personnalis\u00e9 par le bureau consulaire de premi\u00e8re cat\u00e9gorie sont \u00e0 votre charge.<\/li>\n<\/ul>\n","protected":false},"excerpt":{"rendered":"Si vous vous trouvez en R\u00e9publique du Congo dans une situation d&rsquo;urgence (par exemple, si vous devez repartir et que vous avez perdu ou vous avez \u00e9t\u00e9 vol\u00e9 de votre passeport) et que vous n&rsquo;avez pas le temps ou la possibilit\u00e9 de demander l&rsquo;\u00e9mission d&rsquo;un nouveau passeport, le bureau consulaire peut d\u00e9livrer un document de [&hellip;]","protected":false},"author":1,"featured_media":0,"parent":160,"menu_order":2,"comment_status":"closed","ping_status":"closed","template":"","meta":{"footnotes":""},"class_list":["post-162","page","type-page","status-publish","hentry"],"_links":{"self":[{"href":"https:\/\/ambbrazzaville.esteri.it\/fr\/wp-json\/wp\/v2\/pages\/162","targetHints":{"allow":["GET"]}}],"collection":[{"href":"https:\/\/ambbrazzaville.esteri.it\/fr\/wp-json\/wp\/v2\/pages"}],"about":[{"href":"https:\/\/ambbrazzaville.esteri.it\/fr\/wp-json\/wp\/v2\/types\/page"}],"author":[{"embeddable":true,"href":"https:\/\/ambbrazzaville.esteri.it\/fr\/wp-json\/wp\/v2\/users\/1"}],"replies":[{"embeddable":true,"href":"https:\/\/ambbrazzaville.esteri.it\/fr\/wp-json\/wp\/v2\/comments?post=162"}],"version-history":[{"count":3,"href":"https:\/\/ambbrazzaville.esteri.it\/fr\/wp-json\/wp\/v2\/pages\/162\/revisions"}],"predecessor-version":[{"id":1762,"href":"https:\/\/ambbrazzaville.esteri.it\/fr\/wp-json\/wp\/v2\/pages\/162\/revisions\/1762"}],"up":[{"embeddable":true,"href":"https:\/\/ambbrazzaville.esteri.it\/fr\/wp-json\/wp\/v2\/pages\/160"}],"wp:attachment":[{"href":"https:\/\/ambbrazzaville.esteri.it\/fr\/wp-json\/wp\/v2\/media?parent=162"}],"curies":[{"name":"wp","href":"https:\/\/api.w.org\/{rel}","templated":true}]}}