{"id":164,"date":"2023-04-11T18:18:20","date_gmt":"2023-04-11T17:18:20","guid":{"rendered":"https:\/\/ambbrazzaville.esteri.itservizi-consolari-e-visti\/servizi-per-il-cittadino-italiano\/assistenza-ai-cittadini-allestero\/"},"modified":"2025-04-30T16:05:00","modified_gmt":"2025-04-30T15:05:00","slug":"assistenza-ai-cittadini-allestero","status":"publish","type":"page","link":"https:\/\/ambbrazzaville.esteri.it\/fr\/servizi-consolari-e-visti\/servizi-per-il-cittadino-italiano\/assistenza-ai-cittadini-allestero\/","title":{"rendered":"Assistance aux citoyens \u00e0 l&rsquo;\u00e9tranger"},"content":{"rendered":"<p><strong>Assistance aux citoyens \u00e0 l&rsquo;\u00e9tranger<\/strong><\/p>\n<p style=\"text-align: justify;\">Si vous vous trouvez dans une situation difficile pendant votre s\u00e9jour \u00e0 l&rsquo;\u00e9tranger, \u00e9crivez \u00e0 <a href=\"mailto:cons.brazzaville@esteri.it\">cons.brazzaville@esteri.it<\/a>.<\/p>\n<p style=\"text-align: justify;\">Les interventions possibles comprennent :<\/p>\n<ul style=\"text-align: justify;\">\n<li><a href=\"https:\/\/www.esteri.it\/it\/servizi-consolari-e-visti\/italiani-all-estero\/assistenzacittadiniestero\/assistenza_detenuti\">assistance aux d\u00e9tenus<\/a> (lien vers la page d\u00e9di\u00e9e du site MAECI)<\/li>\n<li><a href=\"https:\/\/www.esteri.it\/it\/servizi-consolari-e-visti\/italiani-all-estero\/assistenzacittadiniestero\/assistenza_economica\">assistance \u00e9conomique<\/a> (lien vers la page d\u00e9di\u00e9e du site MAECI)<\/li>\n<li><a href=\"https:\/\/www.esteri.it\/it\/servizi-consolari-e-visti\/italiani-all-estero\/assistenzacittadiniestero\/assistenza_indiretta\">assistance indirecte par l&rsquo;interm\u00e9diaire d&rsquo;organismes et d&rsquo;associations d&rsquo;assistance<\/a> (lien vers la page d\u00e9di\u00e9e du site MAECI)<\/li>\n<li><a href=\"https:\/\/www.esteri.it\/it\/servizi-consolari-e-visti\/italiani-all-estero\/assistenzacittadiniestero\/assistenza_sanitaria\">assistance sanitaire<\/a> (lien vers la page d\u00e9di\u00e9e du site MAECI)<\/li>\n<li><a href=\"https:\/\/www.esteri.it\/it\/servizi-consolari-e-visti\/italiani-all-estero\/assistenzacittadiniestero\/assistenza_legale\">assistance juridique<\/a> (lien vers la page d\u00e9di\u00e9e du site MAECI)<\/li>\n<li><a href=\"https:\/\/www.esteri.it\/it\/servizi-consolari-e-visti\/italiani-all-estero\/assistenzacittadiniestero\/furto_smarrimento_documenti\">assistance en cas de vol ou de perte de documents <\/a>(lien vers la page d\u00e9di\u00e9e du site MAECI)<\/li>\n<li><a href=\"https:\/\/www.esteri.it\/it\/servizi-consolari-e-visti\/italiani-all-estero\/assistenzacittadiniestero\/ricerche_connazionali\">assistance dans la recherche de citoyens<\/a> (lien vers la page d\u00e9di\u00e9e du site MAECI)<\/li>\n<li><a href=\"https:\/\/www.esteri.it\/it\/servizi-consolari-e-visti\/italiani-all-estero\/assistenzacittadiniestero\/rimpatri\">rapatriement consulaire<\/a> (lien vers la page d\u00e9di\u00e9e du site MAECI)<\/li>\n<li><a href=\"https:\/\/www.esteri.it\/it\/servizi-consolari-e-visti\/italiani-all-estero\/assistenzacittadiniestero\/rimpatrio_salme\/\">rapatriement de corps<\/a> (lien vers la page d\u00e9di\u00e9e du site MAECI)<\/li>\n<li><a href=\"https:\/\/www.esteri.it\/it\/servizi-consolari-e-visti\/italiani-all-estero\/assistenzacittadiniestero\/rimpatrio-sanitario\/\">rapatriement sanitaire<\/a> (lien vers la page d\u00e9di\u00e9e du site MAECI)<\/li>\n<\/ul>\n<p style=\"text-align: justify;\">Conform\u00e9ment aux dispositions en vigueur, le bureau consulaire peut \u00e9galement fournir une assistance aux citoyens de l&rsquo;Union europ\u00e9enne lorsque l&rsquo;\u00c9tat membre de la citoyennet\u00e9 ne dispose d&rsquo;aucune ambassade, consulat ou consul honoraire dans ce pays.<\/p>\n","protected":false},"excerpt":{"rendered":"Assistance aux citoyens \u00e0 l&rsquo;\u00e9tranger Si vous vous trouvez dans une situation difficile pendant votre s\u00e9jour \u00e0 l&rsquo;\u00e9tranger, \u00e9crivez \u00e0 cons.brazzaville@esteri.it. Les interventions possibles comprennent : assistance aux d\u00e9tenus (lien vers la page d\u00e9di\u00e9e du site MAECI) assistance \u00e9conomique (lien vers la page d\u00e9di\u00e9e du site MAECI) assistance indirecte par l&rsquo;interm\u00e9diaire d&rsquo;organismes et d&rsquo;associations d&rsquo;assistance [&hellip;]","protected":false},"author":1,"featured_media":0,"parent":160,"menu_order":6,"comment_status":"closed","ping_status":"closed","template":"","meta":{"footnotes":""},"class_list":["post-164","page","type-page","status-publish","hentry"],"_links":{"self":[{"href":"https:\/\/ambbrazzaville.esteri.it\/fr\/wp-json\/wp\/v2\/pages\/164","targetHints":{"allow":["GET"]}}],"collection":[{"href":"https:\/\/ambbrazzaville.esteri.it\/fr\/wp-json\/wp\/v2\/pages"}],"about":[{"href":"https:\/\/ambbrazzaville.esteri.it\/fr\/wp-json\/wp\/v2\/types\/page"}],"author":[{"embeddable":true,"href":"https:\/\/ambbrazzaville.esteri.it\/fr\/wp-json\/wp\/v2\/users\/1"}],"replies":[{"embeddable":true,"href":"https:\/\/ambbrazzaville.esteri.it\/fr\/wp-json\/wp\/v2\/comments?post=164"}],"version-history":[{"count":3,"href":"https:\/\/ambbrazzaville.esteri.it\/fr\/wp-json\/wp\/v2\/pages\/164\/revisions"}],"predecessor-version":[{"id":1768,"href":"https:\/\/ambbrazzaville.esteri.it\/fr\/wp-json\/wp\/v2\/pages\/164\/revisions\/1768"}],"up":[{"embeddable":true,"href":"https:\/\/ambbrazzaville.esteri.it\/fr\/wp-json\/wp\/v2\/pages\/160"}],"wp:attachment":[{"href":"https:\/\/ambbrazzaville.esteri.it\/fr\/wp-json\/wp\/v2\/media?parent=164"}],"curies":[{"name":"wp","href":"https:\/\/api.w.org\/{rel}","templated":true}]}}