{"id":168,"date":"2023-04-11T18:20:09","date_gmt":"2023-04-11T17:20:09","guid":{"rendered":"https:\/\/ambbrazzaville.esteri.itservizi-consolari-e-visti\/servizi-per-il-cittadino-italiano\/autoveicoli-e-patenti-di-guida\/"},"modified":"2025-04-30T16:45:39","modified_gmt":"2025-04-30T15:45:39","slug":"autoveicoli-e-patenti-di-guida","status":"publish","type":"page","link":"https:\/\/ambbrazzaville.esteri.it\/fr\/servizi-consolari-e-visti\/servizi-per-il-cittadino-italiano\/autoveicoli-e-patenti-di-guida\/","title":{"rendered":"V\u00e9hicules et permis de conduire"},"content":{"rendered":"<p style=\"text-align: justify;\">Pour conduire \u00e0 l\u2019\u00e9tranger, les citoyens italiens sont soumis \u00e0 des r\u00e8gles diff\u00e9rentes en fonction de leur destination, que ce soit pour des s\u00e9jours de courte dur\u00e9e ou pour s\u2019y \u00e9tablir en tant que r\u00e9sidents, dans :<\/p>\n<p>a) Les pays membres de l&rsquo;Union europ\u00e9enne ou de l&rsquo;Espace \u00e9conomique europ\u00e9en (EEE)<\/p>\n<p>b) Les pays hors UE signataires d&rsquo;accords de r\u00e9ciprocit\u00e9 avec l&rsquo;Italie concernant la conversion des permis de conduire<\/p>\n<p>c) Les pays hors UE non signataires d&rsquo;accords de r\u00e9ciprocit\u00e9 avec l&rsquo;Italie concernant la conversion des permis de conduire<\/p>\n<p><strong>a) PAYS APPARTENANT \u00c0 L&rsquo;UNION EUROP\u00c9ENNE OU \u00c0 L&rsquo;ESPACE \u00c9CONOMIQUE EUROP\u00c9EN (EEE)<\/strong><\/p>\n<ul style=\"text-align: justify;\">\n<li>Si vous vous rendez pour de <strong>courts s\u00e9jours<\/strong> dans un \u00c9tat membre de l&rsquo;UE ou d&rsquo;adh\u00e9rent \u00e0 l&rsquo;EEE, vous pouvez circuler en utilisant votre permis de conduire italien, car, selon la Directive communautaire 2006\/126\/CE du 20 d\u00e9cembre 2006, les \u00c9tats membres de l&rsquo;UE et ceux de l&rsquo;EEE reconnaissent les permis de conduire d\u00e9livr\u00e9s par leurs autorit\u00e9s respectives.<\/li>\n<li>Si vous <strong>\u00e9tablissez votre r\u00e9sidence<\/strong> dans un pays de l&rsquo;UE\/EEE, vous avez trois options :\n<ul>\n<li>Convertir (c\u2019est un choix, non une obligation) votre permis de conduire italien en un permis \u00e9quivalent du pays de r\u00e9sidence ;<\/li>\n<li>Conserver votre permis en le faisant reconna\u00eetre par les autorit\u00e9s de l&rsquo;\u00c9tat o\u00f9 vous r\u00e9sidez (lorsque pr\u00e9vu par la l\u00e9gislation locale) ;<\/li>\n<li>Conserver votre permis d&rsquo;origine sans faire de d\u00e9marches. Dans ce dernier cas, des inconv\u00e9nients ou des retards pourraient survenir lors de la demande de duplicata en cas de perte, vol ou destruction du document, car il serait n\u00e9cessaire de demander des informations aupr\u00e8s de l&rsquo;\u00c9tat qui a d\u00e9livr\u00e9 initialement le permis.<\/li>\n<\/ul>\n<\/li>\n<\/ul>\n<p style=\"text-align: justify;\">Pour demander la conversion (qui consiste en la d\u00e9livrance d&rsquo;un nouveau permis) ou la reconnaissance, le permis doit \u00eatre valide.<\/p>\n<p style=\"text-align: justify;\">Il est possible de renouveler votre permis italien uniquement en vous adressant aux autorit\u00e9s locales (voir circulaire du Minist\u00e8re des Infrastructures et des Transports n\u00b0 30 du 21 mai 1999).<\/p>\n<p>&nbsp;<\/p>\n<p><strong>b) PAYS HORS DE L&rsquo;UNION EUROP\u00c9ENNE AYANT SIGN\u00c9 DES ACCORDS DE R\u00c9CIPROCIT\u00c9 AVEC L&rsquo;ITALIE CONCERNANT LA CONVERSION DES PERMIS DE CONDUIRE<\/strong><\/p>\n<ul>\n<li style=\"text-align: justify;\">Pour <strong>circuler temporairement<\/strong> dans les pays avec lesquels l&rsquo;Italie a sign\u00e9 des accords de r\u00e9ciprocit\u00e9, il est n\u00e9cessaire de poss\u00e9der un permis de conduire international (permis international de conduire), accompagn\u00e9 du permis de conduire italien valide. Le permis international est un document permettant de conduire dans tous les pays europ\u00e9ens et dans certains pays hors d&rsquo;Europe. Il est d\u00e9livr\u00e9 par les bureaux de la motorisation. Il doit toujours \u00eatre accompagn\u00e9 du permis de conduire italien valide. L&rsquo;objectif du permis international est de fournir aux autorit\u00e9s \u00e9trang\u00e8res l&rsquo;interpr\u00e9tation exacte du permis de conduire d\u00e9tenu par son titulaire. Les conventions internationales actuellement en vigueur (Gen\u00e8ve 19.09.1949 \u2013 ratifi\u00e9e par la loi n\u00b0 1049 du 19.05.1952 \u2013 et Vienne 08.11.1968 \u2013 ratifi\u00e9e par la loi n\u00b0 308 du 05.07.1995) ont introduit deux mod\u00e8les de permis international. En Italie, il est possible d&rsquo;obtenir l&rsquo;un ou l&rsquo;autre mod\u00e8le de permis.<\/li>\n<li style=\"text-align: justify;\">Si vous<strong> \u00e9tablissez votre r\u00e9sidence<\/strong> dans un pays \u00e9tranger signataire d&rsquo;un accord de r\u00e9ciprocit\u00e9 avec l&rsquo;Italie concernant les permis de conduire, vous devrez demander aux autorit\u00e9s locales la conversion de votre permis de conduire italien valide. Par conversion du permis de conduire, on entend la d\u00e9livrance, sans obligation de r\u00e9ussir des examens th\u00e9oriques et pratiques, d&rsquo;un permis du pays de r\u00e9sidence correspondant au permis italien. La plupart des accords bilat\u00e9raux conclus par l&rsquo;Italie en mati\u00e8re de permis pr\u00e9voient que les autorit\u00e9s du pays h\u00f4te notifient, une fois le nouveau permis d\u00e9livr\u00e9, la conversion aux autorit\u00e9s diplomatiques et consulaires italiennes ou \u00e0 celle d\u00e9sign\u00e9e par l&rsquo;accord en Italie<\/li>\n<\/ul>\n<p>Une fois le nouveau permis d\u00e9livr\u00e9, le permis italien est r\u00e9voqu\u00e9 conform\u00e9ment \u00e0 l&rsquo;article 130, alin\u00e9a c) du Code de la route (D. Lgs. 285\/1992).<\/p>\n<ul>\n<li style=\"text-align: justify;\">Pour les <strong>s\u00e9jours courts<\/strong> en Italie (par exemple pour des vacances), il suffit de se munir de la traduction officielle du permis de conduire, \u00e0 pr\u00e9senter sur demande des autorit\u00e9s de s\u00e9curit\u00e9 italiennes. En cas de retour d\u00e9finitif, vous pourrez conduire en Italie avec votre permis \u00e9tranger pendant une p\u00e9riode maximale d&rsquo;un an \u00e0 compter de la date de retour, apr\u00e8s quoi il sera n\u00e9cessaire de demander le remplacement du permis \u00e9tranger obtenu lors de la conversion. Un nouveau permis de conduire italien sera d\u00e9livr\u00e9, de cat\u00e9gorie non sup\u00e9rieure \u00e0 l&rsquo;original (article 136, alin\u00e9a 5 du Code de la route).<\/li>\n<\/ul>\n<p style=\"text-align: justify;\"><strong>NB<\/strong> : La liste mise \u00e0 jour des pays avec lesquels l&rsquo;Italie a conclu des accords de r\u00e9ciprocit\u00e9 en mati\u00e8re de conversion de permis de conduire est consultable via le lien vers le site du <a href=\"https:\/\/www.mit.gov.it\/\">Minist\u00e8re des Infrastructures et des Transports<\/a>. Enfin, les cat\u00e9gories suivantes de citoyens qui d\u00e9m\u00e9nagent pour des raisons professionnelles dans l&rsquo;un des pays suivants peuvent convertir leur permis italien :<\/p>\n<ul style=\"text-align: justify;\">\n<li><strong>Canada<\/strong> : personnel diplomatique et consulaire ;<\/li>\n<li><strong>Chili<\/strong> : personnel diplomatique et leurs familles ;<\/li>\n<li><strong>\u00c9tats-Unis<\/strong> : personnel diplomatique et leurs familles ;<\/li>\n<li><strong>Zambie<\/strong> : citoyens en mission gouvernementale et leurs familles.<\/li>\n<\/ul>\n<p style=\"text-align: justify;\">En cas de perte ou de vol du permis de conduire italien, les ressortissants italiens r\u00e9sidant dans des pays hors d&rsquo;Europe doivent signaler la perte \u2013 non seulement aux autorit\u00e9s locales \u2013 mais aussi aux forces de police italiennes (DPR 104 du 09.03.2000).<\/p>\n<p><strong>c) PAYS HORS DE L&rsquo;UNION EUROP\u00c9ENNE ET NON SIGNATAIRES D&rsquo;ACCORDS DE R\u00c9CIPROCIT\u00c9 AVEC L&rsquo;ITALIE CONCERNANT LA CONVERSION DES PERMIS DE CONDUIRE<\/strong><\/p>\n<p style=\"text-align: justify;\">Dans ces pays, il n&rsquo;est ni possible de reconna\u00eetre ni de convertir le permis de conduire italien.<\/p>\n<p style=\"text-align: justify;\">Il est donc recommand\u00e9 de prendre contact, de mani\u00e8re appropri\u00e9e et en temps utile, avec la repr\u00e9sentation diplomatique-consulaire italienne dans le pays o\u00f9 l&rsquo;on souhaite conduire, ou avec la repr\u00e9sentation \u00e9trang\u00e8re en Italie du pays \u00e9tranger, afin de conna\u00eetre les documents n\u00e9cessaires et la r\u00e9glementation en vigueur.<\/p>\n<p style=\"text-align: justify;\"><strong>Les titulaires d&rsquo;un permis de conduire italien r\u00e9sidant ou s\u00e9journant pendant au moins 6 mois dans des pays hors de l&rsquo;UE peuvent obtenir aupr\u00e8s des autorit\u00e9s diplomatiques et consulaires italiennes la confirmation de la validit\u00e9 de leur permis de conduire italien<\/strong>, expir\u00e9 depuis moins de cinq ans et ne relevant pas des cas pr\u00e9vus \u00e0 l&rsquo;article 119, alin\u00e9as 2-bis et 4 du Code de la route (permis de conduire pour les conducteurs atteints de diab\u00e8te ou dont l&rsquo;aptitude psycho-physique doit \u00eatre certifi\u00e9e par des commissions m\u00e9dicales sp\u00e9ciales). Les int\u00e9ress\u00e9s devront effectuer la visite m\u00e9dicale pr\u00e9vue pour v\u00e9rifier les exigences psychiques et physiques, apr\u00e8s quoi la repr\u00e9sentation diplomatique-consulaire d\u00e9livrera un certificat de renouvellement.<\/p>\n<p style=\"text-align: justify;\"><strong>Le renouvellement effectu\u00e9 aupr\u00e8s d&rsquo;une repr\u00e9sentation diplomatique ou consulaire est valable pour circuler aussi bien en Italie qu&rsquo;\u00e0 l&rsquo;\u00e9tranger.<\/strong><\/p>\n<p style=\"text-align: justify;\"><strong>Une fois la r\u00e9sidence ou le s\u00e9jour r\u00e9tabli en Italie, le permis de conduire devra \u00eatre valid\u00e9 par le bureau comp\u00e9tent du D\u00e9partement des Transports, de la Navigation et des Syst\u00e8mes d&rsquo;Information et Statistiques.<\/strong><\/p>\n","protected":false},"excerpt":{"rendered":"Pour conduire \u00e0 l\u2019\u00e9tranger, les citoyens italiens sont soumis \u00e0 des r\u00e8gles diff\u00e9rentes en fonction de leur destination, que ce soit pour des s\u00e9jours de courte dur\u00e9e ou pour s\u2019y \u00e9tablir en tant que r\u00e9sidents, dans : a) Les pays membres de l&rsquo;Union europ\u00e9enne ou de l&rsquo;Espace \u00e9conomique europ\u00e9en (EEE) b) Les pays hors UE [&hellip;]","protected":false},"author":1,"featured_media":0,"parent":160,"menu_order":16,"comment_status":"closed","ping_status":"closed","template":"","meta":{"footnotes":""},"class_list":["post-168","page","type-page","status-publish","hentry"],"_links":{"self":[{"href":"https:\/\/ambbrazzaville.esteri.it\/fr\/wp-json\/wp\/v2\/pages\/168","targetHints":{"allow":["GET"]}}],"collection":[{"href":"https:\/\/ambbrazzaville.esteri.it\/fr\/wp-json\/wp\/v2\/pages"}],"about":[{"href":"https:\/\/ambbrazzaville.esteri.it\/fr\/wp-json\/wp\/v2\/types\/page"}],"author":[{"embeddable":true,"href":"https:\/\/ambbrazzaville.esteri.it\/fr\/wp-json\/wp\/v2\/users\/1"}],"replies":[{"embeddable":true,"href":"https:\/\/ambbrazzaville.esteri.it\/fr\/wp-json\/wp\/v2\/comments?post=168"}],"version-history":[{"count":3,"href":"https:\/\/ambbrazzaville.esteri.it\/fr\/wp-json\/wp\/v2\/pages\/168\/revisions"}],"predecessor-version":[{"id":1789,"href":"https:\/\/ambbrazzaville.esteri.it\/fr\/wp-json\/wp\/v2\/pages\/168\/revisions\/1789"}],"up":[{"embeddable":true,"href":"https:\/\/ambbrazzaville.esteri.it\/fr\/wp-json\/wp\/v2\/pages\/160"}],"wp:attachment":[{"href":"https:\/\/ambbrazzaville.esteri.it\/fr\/wp-json\/wp\/v2\/media?parent=168"}],"curies":[{"name":"wp","href":"https:\/\/api.w.org\/{rel}","templated":true}]}}