{"id":170,"date":"2023-04-11T18:20:20","date_gmt":"2023-04-11T17:20:20","guid":{"rendered":"https:\/\/ambbrazzaville.esteri.itservizi-consolari-e-visti\/servizi-per-il-cittadino-italiano\/codice-fiscale\/"},"modified":"2025-04-30T16:48:38","modified_gmt":"2025-04-30T15:48:38","slug":"codice-fiscale","status":"publish","type":"page","link":"https:\/\/ambbrazzaville.esteri.it\/fr\/servizi-consolari-e-visti\/servizi-per-il-cittadino-italiano\/codice-fiscale\/","title":{"rendered":"Code fiscal"},"content":{"rendered":"<p style=\"text-align: justify;\">Le code fiscal, qui constitue l&rsquo;outil d&rsquo;identification du citoyen dans ses relations avec les organismes et les administrations publiques italiennes, est d\u00e9livr\u00e9 par l&rsquo;Agenzia delle Entrate (Agence des Imp\u00f4ts).<\/p>\n<p style=\"text-align: justify;\">Il peut \u00eatre demand\u00e9 \u00e0 l&rsquo;\u00e9tranger, tant par les citoyens italiens que par les \u00e9trangers, par l&rsquo;interm\u00e9diaire du Bureau consulaire. L&rsquo;attribution du code fiscal est imm\u00e9diate et se fait par une connexion \u00e9lectronique au service Fisconline de l&rsquo;Agenzia delle Entrate. La carte sera ensuite envoy\u00e9e par cette derni\u00e8re.<\/p>\n<p style=\"text-align: justify;\">Pour demander le code fiscal aupr\u00e8s du Bureau consulaire, il est n\u00e9cessaire de soumettre la demande accompagn\u00e9e d&rsquo;une copie d&rsquo;un document d&rsquo;identit\u00e9, soit en personne, soit par e-mail \u00e0 l&rsquo;adresse <a href=\"mailto:cons.brazzaville@esteri.it\">cons.brazzaville@esteri.it<\/a>.<\/p>\n","protected":false},"excerpt":{"rendered":"Le code fiscal, qui constitue l&rsquo;outil d&rsquo;identification du citoyen dans ses relations avec les organismes et les administrations publiques italiennes, est d\u00e9livr\u00e9 par l&rsquo;Agenzia delle Entrate (Agence des Imp\u00f4ts). Il peut \u00eatre demand\u00e9 \u00e0 l&rsquo;\u00e9tranger, tant par les citoyens italiens que par les \u00e9trangers, par l&rsquo;interm\u00e9diaire du Bureau consulaire. L&rsquo;attribution du code fiscal est imm\u00e9diate [&hellip;]","protected":false},"author":1,"featured_media":0,"parent":160,"menu_order":18,"comment_status":"closed","ping_status":"closed","template":"","meta":{"footnotes":""},"class_list":["post-170","page","type-page","status-publish","hentry"],"_links":{"self":[{"href":"https:\/\/ambbrazzaville.esteri.it\/fr\/wp-json\/wp\/v2\/pages\/170","targetHints":{"allow":["GET"]}}],"collection":[{"href":"https:\/\/ambbrazzaville.esteri.it\/fr\/wp-json\/wp\/v2\/pages"}],"about":[{"href":"https:\/\/ambbrazzaville.esteri.it\/fr\/wp-json\/wp\/v2\/types\/page"}],"author":[{"embeddable":true,"href":"https:\/\/ambbrazzaville.esteri.it\/fr\/wp-json\/wp\/v2\/users\/1"}],"replies":[{"embeddable":true,"href":"https:\/\/ambbrazzaville.esteri.it\/fr\/wp-json\/wp\/v2\/comments?post=170"}],"version-history":[{"count":3,"href":"https:\/\/ambbrazzaville.esteri.it\/fr\/wp-json\/wp\/v2\/pages\/170\/revisions"}],"predecessor-version":[{"id":1791,"href":"https:\/\/ambbrazzaville.esteri.it\/fr\/wp-json\/wp\/v2\/pages\/170\/revisions\/1791"}],"up":[{"embeddable":true,"href":"https:\/\/ambbrazzaville.esteri.it\/fr\/wp-json\/wp\/v2\/pages\/160"}],"wp:attachment":[{"href":"https:\/\/ambbrazzaville.esteri.it\/fr\/wp-json\/wp\/v2\/media?parent=170"}],"curies":[{"name":"wp","href":"https:\/\/api.w.org\/{rel}","templated":true}]}}