{"id":171,"date":"2023-04-11T18:12:44","date_gmt":"2023-04-11T17:12:44","guid":{"rendered":"https:\/\/ambbrazzaville.esteri.itservizi-consolari-e-visti\/servizi-per-il-cittadino-straniero\/"},"modified":"2025-04-30T16:50:22","modified_gmt":"2025-04-30T15:50:22","slug":"servizi-per-il-cittadino-straniero","status":"publish","type":"page","link":"https:\/\/ambbrazzaville.esteri.it\/fr\/servizi-consolari-e-visti\/servizi-per-il-cittadino-straniero\/","title":{"rendered":"Services pour le citoyen \u00e9tranger"},"content":{"rendered":"<p style=\"text-align: justify;\">Les Ambassades et Consulats fournissent \u00e9galement des services aux citoyens \u00e9trangers. Parmi ceux-ci, l&rsquo;\u00e9mission des visas d&rsquo;entr\u00e9e en Italie et dans l&rsquo;espace Schengen, la d\u00e9livrance de documents administratifs tels que les l\u00e9galisations de documents, les certificats de vie et de conformit\u00e9 des traductions d&rsquo;actes. De plus, dans les cas pr\u00e9vus par la l\u00e9gislation en vigueur, les Ambassades et Consulats assurent la transmission d&rsquo;actes et de documents aux autorit\u00e9s italiennes.<\/p>\n","protected":false},"excerpt":{"rendered":"Les Ambassades et Consulats fournissent \u00e9galement des services aux citoyens \u00e9trangers. Parmi ceux-ci, l&rsquo;\u00e9mission des visas d&rsquo;entr\u00e9e en Italie et dans l&rsquo;espace Schengen, la d\u00e9livrance de documents administratifs tels que les l\u00e9galisations de documents, les certificats de vie et de conformit\u00e9 des traductions d&rsquo;actes. De plus, dans les cas pr\u00e9vus par la l\u00e9gislation en vigueur, [&hellip;]","protected":false},"author":1,"featured_media":0,"parent":159,"menu_order":2,"comment_status":"closed","ping_status":"closed","template":"","meta":{"footnotes":""},"class_list":["post-171","page","type-page","status-publish","hentry"],"_links":{"self":[{"href":"https:\/\/ambbrazzaville.esteri.it\/fr\/wp-json\/wp\/v2\/pages\/171","targetHints":{"allow":["GET"]}}],"collection":[{"href":"https:\/\/ambbrazzaville.esteri.it\/fr\/wp-json\/wp\/v2\/pages"}],"about":[{"href":"https:\/\/ambbrazzaville.esteri.it\/fr\/wp-json\/wp\/v2\/types\/page"}],"author":[{"embeddable":true,"href":"https:\/\/ambbrazzaville.esteri.it\/fr\/wp-json\/wp\/v2\/users\/1"}],"replies":[{"embeddable":true,"href":"https:\/\/ambbrazzaville.esteri.it\/fr\/wp-json\/wp\/v2\/comments?post=171"}],"version-history":[{"count":2,"href":"https:\/\/ambbrazzaville.esteri.it\/fr\/wp-json\/wp\/v2\/pages\/171\/revisions"}],"predecessor-version":[{"id":1795,"href":"https:\/\/ambbrazzaville.esteri.it\/fr\/wp-json\/wp\/v2\/pages\/171\/revisions\/1795"}],"up":[{"embeddable":true,"href":"https:\/\/ambbrazzaville.esteri.it\/fr\/wp-json\/wp\/v2\/pages\/159"}],"wp:attachment":[{"href":"https:\/\/ambbrazzaville.esteri.it\/fr\/wp-json\/wp\/v2\/media?parent=171"}],"curies":[{"name":"wp","href":"https:\/\/api.w.org\/{rel}","templated":true}]}}