{"id":1830,"date":"2023-11-27T18:28:34","date_gmt":"2023-11-27T17:28:34","guid":{"rendered":"https:\/\/ambbrazzaville.esteri.it\/?page_id=1830"},"modified":"2025-08-04T11:42:13","modified_gmt":"2025-08-04T10:42:13","slug":"citoyennete-par-reconnaissance","status":"publish","type":"page","link":"https:\/\/ambbrazzaville.esteri.it\/fr\/servizi-consolari-e-visti\/servizi-per-il-cittadino-straniero\/cittadinanza\/citoyennete-par-reconnaissance\/","title":{"rendered":"R\u00e9acquisition de la citoyennet\u00e9"},"content":{"rendered":"<p style=\"text-align: justify;\">La loi n\u00b0 74 du 23 mai 2025 a rouvert les d\u00e9lais pour la r\u00e9acquisition de la citoyennet\u00e9 en faveur des anciens citoyens n\u00e9s en Italie ou ayant r\u00e9sid\u00e9 en Italie pendant au moins deux ann\u00e9es cons\u00e9cutives, et ayant perdu la citoyennet\u00e9 au plus tard le 15 ao\u00fbt 1992 en application de l\u2019article 8, n\u00b0 1 et n\u00b0 2, ou de l\u2019article 12 de la loi n\u00b0 555 de 1912 (naturalisation dans un pays \u00e9tranger, renonciation \u00e0 la citoyennet\u00e9 suite \u00e0 l\u2019acquisition involontaire d\u2019une citoyennet\u00e9 \u00e9trang\u00e8re, enfants mineurs vivant avec un parent ayant perdu la citoyennet\u00e9). La possibilit\u00e9 de r\u00e9acquisition ne s\u2019applique pas \u00e0 ceux qui ont renonc\u00e9 \u00e0 la citoyennet\u00e9 italienne (ou qui l\u2019ont perdue pour une autre raison) \u00e0 partir du 16 ao\u00fbt 1992.<\/p>\n<p style=\"text-align: justify;\">Les d\u00e9clarations de r\u00e9acquisition pourront \u00eatre pr\u00e9sent\u00e9es entre le 1er juillet 2025 et le 31 d\u00e9cembre 2027.<\/p>\n<p style=\"text-align: justify;\">Le demandeur de la r\u00e9acquisition doit pr\u00e9senter :<\/p>\n<ul style=\"text-align: justify;\">\n<li>Un document d\u2019identit\u00e9 valide d\u00e9livr\u00e9 par l\u2019autorit\u00e9 du pays de citoyennet\u00e9 actuelle ;<\/li>\n<li>Un certificat de naissance : s\u2019il est n\u00e9 \u00e0 l\u2019\u00e9tranger, celui-ci devra \u00eatre pr\u00e9sent\u00e9 sous les formes requises pour la transcription en Italie, l\u00e9galis\u00e9 et traduit ;<\/li>\n<li>Pour les personnes n\u00e9es \u00e0 l\u2019\u00e9tranger, un certificat historique de r\u00e9sidence d\u00e9livr\u00e9 par la commune italienne comp\u00e9tente ;<\/li>\n<li>Un certificat historique de citoyennet\u00e9 ;<\/li>\n<li>Des documents prouvant la cause et la date de la perte de la citoyennet\u00e9 (il faudra d\u00e9montrer l\u2019acquisition de la citoyennet\u00e9 \u00e9trang\u00e8re et, dans les cas pr\u00e9vus, la renonciation \u00e0 la citoyennet\u00e9 italienne : certificat de naturalisation ou, si pr\u00e9vu par la pratique locale, certificat de naissance accompagn\u00e9 de la certification de citoyennet\u00e9 et du titre y aff\u00e9rent ; les documents \u00e9mis par des autorit\u00e9s \u00e9trang\u00e8res devront \u00eatre d\u00fbment l\u00e9galis\u00e9s et traduits).<\/li>\n<\/ul>\n<p style=\"text-align: justify;\">Pour les d\u00e9clarations de r\u00e9acquisition de la citoyennet\u00e9 italienne, une contribution de 250 \u20ac est requise, \u00e0 verser aupr\u00e8s du bureau consulaire.<\/p>\n<p style=\"text-align: justify;\">La d\u00e9claration doit \u00eatre faite personnellement par l\u2019int\u00e9ress\u00e9.<\/p>\n<p style=\"text-align: justify;\">Selon l\u2019article 15 de la loi n\u00b0 91\/1992, l\u2019int\u00e9ress\u00e9 ne r\u00e9acquiert pas la citoyennet\u00e9 \u00e0 partir de la date de naissance, mais \u00e0 partir du jour suivant la d\u00e9claration.<\/p>\n","protected":false},"excerpt":{"rendered":"La loi n\u00b0 74 du 23 mai 2025 a rouvert les d\u00e9lais pour la r\u00e9acquisition de la citoyennet\u00e9 en faveur des anciens citoyens n\u00e9s en Italie ou ayant r\u00e9sid\u00e9 en Italie pendant au moins deux ann\u00e9es cons\u00e9cutives, et ayant perdu la citoyennet\u00e9 au plus tard le 15 ao\u00fbt 1992 en application de l\u2019article 8, n\u00b0 [&hellip;]","protected":false},"author":7,"featured_media":0,"parent":173,"menu_order":3,"comment_status":"closed","ping_status":"closed","template":"","meta":{"footnotes":""},"class_list":["post-1830","page","type-page","status-publish","hentry"],"_links":{"self":[{"href":"https:\/\/ambbrazzaville.esteri.it\/fr\/wp-json\/wp\/v2\/pages\/1830","targetHints":{"allow":["GET"]}}],"collection":[{"href":"https:\/\/ambbrazzaville.esteri.it\/fr\/wp-json\/wp\/v2\/pages"}],"about":[{"href":"https:\/\/ambbrazzaville.esteri.it\/fr\/wp-json\/wp\/v2\/types\/page"}],"author":[{"embeddable":true,"href":"https:\/\/ambbrazzaville.esteri.it\/fr\/wp-json\/wp\/v2\/users\/7"}],"replies":[{"embeddable":true,"href":"https:\/\/ambbrazzaville.esteri.it\/fr\/wp-json\/wp\/v2\/comments?post=1830"}],"version-history":[{"count":3,"href":"https:\/\/ambbrazzaville.esteri.it\/fr\/wp-json\/wp\/v2\/pages\/1830\/revisions"}],"predecessor-version":[{"id":1901,"href":"https:\/\/ambbrazzaville.esteri.it\/fr\/wp-json\/wp\/v2\/pages\/1830\/revisions\/1901"}],"up":[{"embeddable":true,"href":"https:\/\/ambbrazzaville.esteri.it\/fr\/wp-json\/wp\/v2\/pages\/173"}],"wp:attachment":[{"href":"https:\/\/ambbrazzaville.esteri.it\/fr\/wp-json\/wp\/v2\/media?parent=1830"}],"curies":[{"name":"wp","href":"https:\/\/api.w.org\/{rel}","templated":true}]}}