{"id":1905,"date":"2025-08-04T11:45:22","date_gmt":"2025-08-04T10:45:22","guid":{"rendered":"https:\/\/ambbrazzaville.esteri.it\/?page_id=1905"},"modified":"2025-08-04T11:45:22","modified_gmt":"2025-08-04T10:45:22","slug":"certificat-de-non-renonciation","status":"publish","type":"page","link":"https:\/\/ambbrazzaville.esteri.it\/fr\/servizi-consolari-e-visti\/servizi-per-il-cittadino-straniero\/cittadinanza\/certificat-de-non-renonciation\/","title":{"rendered":"Certificat de \u00ab non-renonciation \u00bb"},"content":{"rendered":"<p style=\"text-align: justify;\">Si l\u2019int\u00e9ress\u00e9(e) a d\u00e9cid\u00e9 d\u2019\u00e9tablir sa r\u00e9sidence en Italie, les autorit\u00e9s de la commune italienne sont responsables de la reconnaissance de la citoyennet\u00e9 italienne. Une fois inscrit(e) au registre de la population r\u00e9sidente, le ressortissant \u00e9tranger peut engager la proc\u00e9dure de reconnaissance de la citoyennet\u00e9 <em>iure sanguinis<\/em> (dont la dur\u00e9e est fix\u00e9e par la loi, 180 jours au total), en pr\u00e9sentant les documents indiqu\u00e9s dans la circulaire K.28.1\/1991. Il n\u2019est pas possible que l\u2019int\u00e9ress\u00e9(e) se fasse repr\u00e9senter par un repr\u00e9sentant l\u00e9gal ou quelqu\u2019un d\u2019autre ; l\u2019int\u00e9ress\u00e9(e) doit \u00eatre pr\u00e9sent(e) sur le territoire.<\/p>\n<p style=\"text-align: justify;\">La demande de d\u00e9livrance du certificat de \u00ab non-renonciation \u00bb est effectu\u00e9e directement par la commune italienne au consulat, exclusivement par PEC (courrier \u00e9lectronique certifi\u00e9). La r\u00e9ponse du consulat \u00e0 la commune (et non \u00e0 l\u2019int\u00e9ress\u00e9(e)) se fait toujours et uniquement par PEC, si la demande a \u00e9t\u00e9 formul\u00e9e correctement.<\/p>\n<p style=\"text-align: justify;\">Les int\u00e9ress\u00e9s ne peuvent pas contacter directement le bureau consulaire concernant des proc\u00e9dures men\u00e9es par les communes ou d\u2019autres bureaux consulaires, car l\u2019\u00e9volution de ces proc\u00e9dures d\u00e9passe leur responsabilit\u00e9.<\/p>\n<p>&nbsp;<\/p>\n","protected":false},"excerpt":{"rendered":"Si l\u2019int\u00e9ress\u00e9(e) a d\u00e9cid\u00e9 d\u2019\u00e9tablir sa r\u00e9sidence en Italie, les autorit\u00e9s de la commune italienne sont responsables de la reconnaissance de la citoyennet\u00e9 italienne. Une fois inscrit(e) au registre de la population r\u00e9sidente, le ressortissant \u00e9tranger peut engager la proc\u00e9dure de reconnaissance de la citoyennet\u00e9 iure sanguinis (dont la dur\u00e9e est fix\u00e9e par la loi, [&hellip;]","protected":false},"author":7,"featured_media":0,"parent":173,"menu_order":3,"comment_status":"closed","ping_status":"closed","template":"","meta":{"footnotes":""},"class_list":["post-1905","page","type-page","status-publish","hentry"],"_links":{"self":[{"href":"https:\/\/ambbrazzaville.esteri.it\/fr\/wp-json\/wp\/v2\/pages\/1905","targetHints":{"allow":["GET"]}}],"collection":[{"href":"https:\/\/ambbrazzaville.esteri.it\/fr\/wp-json\/wp\/v2\/pages"}],"about":[{"href":"https:\/\/ambbrazzaville.esteri.it\/fr\/wp-json\/wp\/v2\/types\/page"}],"author":[{"embeddable":true,"href":"https:\/\/ambbrazzaville.esteri.it\/fr\/wp-json\/wp\/v2\/users\/7"}],"replies":[{"embeddable":true,"href":"https:\/\/ambbrazzaville.esteri.it\/fr\/wp-json\/wp\/v2\/comments?post=1905"}],"version-history":[{"count":1,"href":"https:\/\/ambbrazzaville.esteri.it\/fr\/wp-json\/wp\/v2\/pages\/1905\/revisions"}],"predecessor-version":[{"id":1907,"href":"https:\/\/ambbrazzaville.esteri.it\/fr\/wp-json\/wp\/v2\/pages\/1905\/revisions\/1907"}],"up":[{"embeddable":true,"href":"https:\/\/ambbrazzaville.esteri.it\/fr\/wp-json\/wp\/v2\/pages\/173"}],"wp:attachment":[{"href":"https:\/\/ambbrazzaville.esteri.it\/fr\/wp-json\/wp\/v2\/media?parent=1905"}],"curies":[{"name":"wp","href":"https:\/\/api.w.org\/{rel}","templated":true}]}}