{"id":448,"date":"2023-11-27T12:22:20","date_gmt":"2023-11-27T11:22:20","guid":{"rendered":"https:\/\/ambbrazzaville.esteri.itservizi-consolari-e-visti\/servizi-per-il-cittadino-straniero\/visti\/ricongiungimento-familiare\/"},"modified":"2025-02-28T11:42:17","modified_gmt":"2025-02-28T10:42:17","slug":"ricongiungimento-familiare","status":"publish","type":"page","link":"https:\/\/ambbrazzaville.esteri.it\/fr\/servizi-consolari-e-visti\/servizi-per-il-cittadino-straniero\/visti\/ricongiungimento-familiare\/","title":{"rendered":"REGROUPEMENT FAMILIAL"},"content":{"rendered":"<p style=\"text-align: center;\"><strong>REGROUPEMENT FAMILIAL<\/strong><\/p>\n<ul>\n<li><strong>Conjoints de citoyens de l\u2019UE\/EEE<\/strong><\/li>\n<\/ul>\n<p>La l\u00e9gislation (directive 2004\/38\/CE et D. Lgs. 30\/2007) pr\u00e9voit pour les conjoints de citoyens de l\u2019UE\/EEE des facilit\u00e9s documentaires et d\u2019acc\u00e8s au bureau des visas. Le visa est <u>GRATUIT<\/u>.<\/p>\n<table width=\"0\">\n<tbody>\n<tr>\n<td width=\"37\">1<\/td>\n<td width=\"604\">Un formulaire de demande de visa de court s\u00e9jour, fourni gratuitement par l\u2019Ambassade, \u00a0d\u00fbment rempli et sign\u00e9.<\/td>\n<\/tr>\n<tr>\n<td width=\"37\">2<\/td>\n<td width=\"604\">1 photographie d\u2019identit\u00e9 r\u00e9cente en couleurs sur fond blanc : 3,5*4,5 cm<\/td>\n<\/tr>\n<tr>\n<td width=\"37\">3<\/td>\n<td width=\"604\">Lettre d&rsquo;invitation du membre de la famille italien\/communautaire dans laquelle il ressort l&rsquo;intention d&rsquo;exercer le droit \u00e0 l&rsquo;unit\u00e9 familiale, accompagn\u00e9e d&rsquo;un document d&rsquo;identit\u00e9 valide.<\/td>\n<\/tr>\n<tr>\n<td width=\"37\">4<\/td>\n<td width=\"604\">Documentation d&rsquo;\u00e9tat civil attestant la condition de membre de la famille au sens de l&rsquo;article 2 du D.L. 30\/2007, traduite et l\u00e9galis\u00e9e, ou acte de mariage ou union civile transcrit en Italie.<\/td>\n<\/tr>\n<tr>\n<td width=\"37\">5<\/td>\n<td width=\"604\">Dans les cas o\u00f9 l\u2019\u00e9valuation de la charge est requise: preuve de transferts d&rsquo;argent de la part du citoyen italien\/communautaire.<\/td>\n<\/tr>\n<tr>\n<td width=\"37\">6<\/td>\n<td width=\"604\">Les membres de la famille ayant droit au regroupement familial sont exclusivement ceux d\u00e9finis \u00e0 l&rsquo;article 2 du D.L. 30\/2007:<\/p>\n<p>&#8211;\u00a0\u00a0\u00a0\u00a0\u00a0\u00a0 le conjoint;<\/p>\n<p>&#8211;\u00a0\u00a0\u00a0\u00a0\u00a0\u00a0 le partenaire ayant contract\u00e9 avec le citoyen de l&rsquo;Union une union enregistr\u00e9e conform\u00e9ment \u00e0 la l\u00e9gislation d&rsquo;un \u00c9tat membre, lorsque la l\u00e9gislation de l&rsquo;\u00c9tat membre d&rsquo;accueil assimile l&rsquo;union enregistr\u00e9e au mariage et conform\u00e9ment aux conditions pr\u00e9vues par la l\u00e9gislation pertinente de l&rsquo;\u00c9tat membre d&rsquo;accueil;<\/p>\n<p>&#8211;\u00a0\u00a0\u00a0\u00a0\u00a0\u00a0 les descendants directs de moins de 21 ans ou \u00e0 charge, ainsi que ceux du conjoint ou partenaire mentionn\u00e9 \u00e0 la lettre b);<\/p>\n<p>&#8211;\u00a0\u00a0\u00a0\u00a0\u00a0\u00a0 les ascendants directs \u00e0 charge, ainsi que ceux du conjoint ou partenaire mentionn\u00e9 \u00e0 la lettre b).<\/p>\n<p>Sont assimil\u00e9s au descendant direct\/ascendant direct les enfants adopt\u00e9s\/adoptants et les mineurs sous tutelle\/placement permanent avec des d\u00e9cisions prises en vertu de la loi L. 184\/83.<\/td>\n<\/tr>\n<tr>\n<td width=\"37\">7<\/td>\n<td width=\"604\">Original + photocopie de : Document de voyage (passeport) valable et expirant au moins 3 mois apr\u00e8s le visa demand\u00e9.<\/td>\n<\/tr>\n<tr>\n<td width=\"37\">8<\/td>\n<td width=\"604\">Pour les mineurs:<\/p>\n<p>&#8211;\u00a0\u00a0\u00a0\u00a0\u00a0\u00a0 Acte de naissance.<\/p>\n<p>&#8211;\u00a0\u00a0\u00a0\u00a0\u00a0\u00a0 Pour le mineur qui ne voyage pas avec ses parents : acte de naissance et accord d&rsquo;expatriation l\u00e9galis\u00e9 + Photocopies des pi\u00e8ces d&rsquo;identit\u00e9 des parents.<\/p>\n<p>&#8211;\u00a0\u00a0\u00a0\u00a0\u00a0\u00a0 Autorisation de voyage des deux parents. Dans le cas o\u00f9 le mineur est \u00e0 la charge de la compagnie a\u00e9rienne : billet d&rsquo;avion avec accompagnement indiqu\u00e9.<\/p>\n<p>&#8211;\u00a0\u00a0\u00a0\u00a0\u00a0\u00a0 L&rsquo;acte de naissance et l&rsquo;autorisation de voyager \u00e0 l&rsquo;\u00e9tranger doivent toujours \u00eatre traduits et l\u00e9galis\u00e9s.<\/td>\n<\/tr>\n<\/tbody>\n<\/table>\n<p>&nbsp;<\/p>\n<ul>\n<li><strong>Conjoints de citoyens extra UE\/EEE<\/strong><\/li>\n<\/ul>\n<table width=\"0\">\n<tbody>\n<tr>\n<td width=\"37\">1<\/td>\n<td width=\"604\">Un formulaire de demande de visa de court s\u00e9jour, fourni gratuitement par l\u2019Ambassade, \u00a0d\u00fbment rempli et sign\u00e9.<\/td>\n<\/tr>\n<tr>\n<td width=\"37\">2<\/td>\n<td width=\"604\">1 photographie d\u2019identit\u00e9 r\u00e9cente en couleurs sur fond blanc : 3,5*4,5 cm<\/td>\n<\/tr>\n<tr>\n<td width=\"37\">3<\/td>\n<td width=\"604\">NULLA OSTA (Attestation de non-objection), re\u00e7ue par voie \u00e9lectronique de la Repr\u00e9sentation et d\u00e9livr\u00e9e par le SUI (Sportello Unico per l\u2019Immigrazione) pour \u00ab regroupement familial \u00bb ou \u00ab membre de la famille accompagnant \u00bb;<\/td>\n<\/tr>\n<tr>\n<td width=\"37\">4<\/td>\n<td width=\"604\">Documentation prouvant le statut de membre de la famille ou conjoint du citoyen \u00e9tranger r\u00e9sident en Italie. Le statut de conjoint ou d\u2019enfant doit exister avant la soumission de la demande d\u2019attestation de non-objection.<\/td>\n<\/tr>\n<tr>\n<td width=\"37\">5<\/td>\n<td width=\"604\">Les membres de la famille qui peuvent demander un visa sont indiqu\u00e9s \u00e0 l&rsquo;article 29 du D\u00e9cret l\u00e9gislatif n\u00b0 286\/1998:<\/p>\n<p>&#8211;\u00a0\u00a0\u00a0\u00a0\u00a0\u00a0\u00a0\u00a0\u00a0 Conjoint (ou partenaire de l&rsquo;union civile) non l\u00e9galement s\u00e9par\u00e9, \u00e2g\u00e9 de 18 ans ou plus;<\/p>\n<p>&#8211;\u00a0\u00a0\u00a0\u00a0\u00a0\u00a0\u00a0\u00a0\u00a0 Enfants mineurs, y compris ceux du conjoint ou n\u00e9s hors mariage, non mari\u00e9s, avec l&rsquo;accord de l&rsquo;autre parent, s&rsquo;il existe. Sont consid\u00e9r\u00e9s comme mineurs les enfants qui n&rsquo;ont pas atteint 18 ans au moment de la soumission de la demande d&rsquo;attestation de non-objection au SUI;<\/p>\n<p>&#8211;\u00a0\u00a0\u00a0\u00a0\u00a0\u00a0\u00a0\u00a0\u00a0 Enfants majeurs \u00e0 charge, s&rsquo;ils ne peuvent subvenir \u00e0 leurs besoins essentiels en raison de leur \u00e9tat de sant\u00e9 entra\u00eenant une invalidit\u00e9 totale;<\/p>\n<p>&#8211;\u00a0\u00a0\u00a0\u00a0\u00a0\u00a0\u00a0\u00a0\u00a0 Parents \u00e0 charge, s&rsquo;ils n&rsquo;ont pas d&rsquo;autres enfants dans leur pays d&rsquo;origine ou de provenance;<\/p>\n<p>&#8211;\u00a0\u00a0\u00a0\u00a0\u00a0\u00a0\u00a0\u00a0\u00a0 Parents de plus de 65 ans, lorsque les autres enfants pr\u00e9sents dans le pays d&rsquo;origine ou de provenance ne peuvent subvenir \u00e0 leur entretien pour des raisons de sant\u00e9 graves et document\u00e9es.<\/td>\n<\/tr>\n<tr>\n<td width=\"37\">6<\/td>\n<td width=\"604\">Original + photocopie de : Document de voyage (passeport) valable et expirant au moins 3 mois apr\u00e8s le visa demand\u00e9.<\/td>\n<\/tr>\n<tr>\n<td width=\"37\">7<\/td>\n<td width=\"604\">Pour les mineurs:<\/p>\n<p>&#8211;\u00a0\u00a0\u00a0\u00a0\u00a0\u00a0 Acte de naissance.<\/p>\n<p>&#8211;\u00a0\u00a0\u00a0\u00a0\u00a0\u00a0 Pour le mineur qui ne voyage pas avec ses parents : acte de naissance et accord d&rsquo;expatriation l\u00e9galis\u00e9 + Photocopies des pi\u00e8ces d&rsquo;identit\u00e9 des parents.<\/p>\n<p>&#8211;\u00a0\u00a0\u00a0\u00a0\u00a0\u00a0 Autorisation de voyage des deux parents. Dans le cas o\u00f9 le mineur est \u00e0 la charge de la compagnie a\u00e9rienne : billet d&rsquo;avion avec accompagnement indiqu\u00e9.<\/td>\n<\/tr>\n<\/tbody>\n<\/table>\n<p>&nbsp;<\/p>\n","protected":false},"excerpt":{"rendered":"REGROUPEMENT FAMILIAL Conjoints de citoyens de l\u2019UE\/EEE La l\u00e9gislation (directive 2004\/38\/CE et D. Lgs. 30\/2007) pr\u00e9voit pour les conjoints de citoyens de l\u2019UE\/EEE des facilit\u00e9s documentaires et d\u2019acc\u00e8s au bureau des visas. Le visa est GRATUIT. 1 Un formulaire de demande de visa de court s\u00e9jour, fourni gratuitement par l\u2019Ambassade, \u00a0d\u00fbment rempli et sign\u00e9. 2 [&hellip;]","protected":false},"author":1,"featured_media":0,"parent":172,"menu_order":6,"comment_status":"closed","ping_status":"closed","template":"","meta":{"footnotes":""},"class_list":["post-448","page","type-page","status-publish","hentry"],"_links":{"self":[{"href":"https:\/\/ambbrazzaville.esteri.it\/fr\/wp-json\/wp\/v2\/pages\/448","targetHints":{"allow":["GET"]}}],"collection":[{"href":"https:\/\/ambbrazzaville.esteri.it\/fr\/wp-json\/wp\/v2\/pages"}],"about":[{"href":"https:\/\/ambbrazzaville.esteri.it\/fr\/wp-json\/wp\/v2\/types\/page"}],"author":[{"embeddable":true,"href":"https:\/\/ambbrazzaville.esteri.it\/fr\/wp-json\/wp\/v2\/users\/1"}],"replies":[{"embeddable":true,"href":"https:\/\/ambbrazzaville.esteri.it\/fr\/wp-json\/wp\/v2\/comments?post=448"}],"version-history":[{"count":2,"href":"https:\/\/ambbrazzaville.esteri.it\/fr\/wp-json\/wp\/v2\/pages\/448\/revisions"}],"predecessor-version":[{"id":1460,"href":"https:\/\/ambbrazzaville.esteri.it\/fr\/wp-json\/wp\/v2\/pages\/448\/revisions\/1460"}],"up":[{"embeddable":true,"href":"https:\/\/ambbrazzaville.esteri.it\/fr\/wp-json\/wp\/v2\/pages\/172"}],"wp:attachment":[{"href":"https:\/\/ambbrazzaville.esteri.it\/fr\/wp-json\/wp\/v2\/media?parent=448"}],"curies":[{"name":"wp","href":"https:\/\/api.w.org\/{rel}","templated":true}]}}