{"id":471,"date":"2023-11-27T12:39:57","date_gmt":"2023-11-27T11:39:57","guid":{"rendered":"https:\/\/ambbrazzaville.esteri.itservizi-consolari-e-visti\/servizi-per-il-cittadino-straniero\/visti\/missione\/"},"modified":"2023-11-27T12:40:36","modified_gmt":"2023-11-27T11:40:36","slug":"missione","status":"publish","type":"page","link":"https:\/\/ambbrazzaville.esteri.it\/fr\/servizi-consolari-e-visti\/servizi-per-il-cittadino-straniero\/visti\/missione\/","title":{"rendered":"MISSION"},"content":{"rendered":"<p>Le visa de mission permet l&rsquo;entr\u00e9e en Italie et dans l&rsquo;espace Schengen aux \u00e9trangers qui ont l&rsquo;intention de voyager en mission officielle.<\/p>\n<p>Pour faire une demande de visa mission, il est n\u00e9cessaire de pr\u00e9senter le\u00a0formulaire\u00a0rempli et sign\u00e9, ainsi que les documents contenus dans la\u00a0check-list, bas\u00e9e sur la liste harmonis\u00e9e convenue par les pays Schengen.<\/p>\n<table>\n<tbody>\n<tr>\n<td width=\"37\">1<\/td>\n<td width=\"604\">Un formulaire de demande de visa de court (ou long, type D) s\u00e9jour, fourni par l&rsquo;Ambassade, d\u00fbment rempli et sign\u00e9<\/td>\n<\/tr>\n<tr>\n<td width=\"37\">2<\/td>\n<td width=\"604\">1 photographie d\u2019identit\u00e9 r\u00e9cente en couleurs sur fond blanc : 3,5*4,5 cm<\/td>\n<\/tr>\n<tr>\n<td width=\"37\">3<\/td>\n<td width=\"604\"><strong>Original + Photocopie<\/strong> : Passeport unipersonnel ayant encore au minimum 3 mois de validit\u00e9 apr\u00e8s la fin du s\u00e9jour en Italie + photocopies des 2 premi\u00e8res pages et de celles o\u00f9 figurent, le cas \u00e9ch\u00e9ant, le dernier visa Schengen<\/td>\n<\/tr>\n<tr>\n<td width=\"37\">4<\/td>\n<td width=\"604\">Documentation professionnelle<\/td>\n<\/tr>\n<tr>\n<td width=\"37\">5<\/td>\n<td width=\"604\">Lettre d\u2019invitation et de prise en charge (voyage et s\u00e9jour) de l\u2019organisme italien ou international ou prise en charge personnelle (justificatif \u00e9conomique, rel\u00e8ves du compte des derniers 3 mois etc.)<\/td>\n<\/tr>\n<tr>\n<td width=\"37\">6<\/td>\n<td width=\"604\">Justificatifs de l\u2019h\u00e9bergement<\/p>\n<p>\u00d7\u00a0\u00a0\u00a0\u00a0\u00a0\u00a0\u00a0\u00a0\u00a0 R\u00e9servation d\u2019h\u00f4tel\/ invitation par un priv\u00e9\/ vouchers touristique<\/td>\n<\/tr>\n<tr>\n<td width=\"37\">7<\/td>\n<td width=\"604\">Justificatifs du retour &#8211; Attestation de r\u00e9servation du billet d\u2019avion aller et retour<\/td>\n<\/tr>\n<tr>\n<td width=\"37\">8<\/td>\n<td width=\"604\">Assurance voyage (maladie et rapatriement sanitaire) couvrant la p\u00e9riode de validit\u00e9 du visa sollicit\u00e9, montant 30.000 Euro<\/td>\n<\/tr>\n<tr>\n<td width=\"37\">9<\/td>\n<td width=\"604\">En cas de mission officielle, il faut avoir une copie de la note verbale<\/td>\n<\/tr>\n<\/tbody>\n<\/table>\n","protected":false},"excerpt":{"rendered":"Le visa de mission permet l&rsquo;entr\u00e9e en Italie et dans l&rsquo;espace Schengen aux \u00e9trangers qui ont l&rsquo;intention de voyager en mission officielle. Pour faire une demande de visa mission, il est n\u00e9cessaire de pr\u00e9senter le\u00a0formulaire\u00a0rempli et sign\u00e9, ainsi que les documents contenus dans la\u00a0check-list, bas\u00e9e sur la liste harmonis\u00e9e convenue par les pays Schengen. 1 [&hellip;]","protected":false},"author":1,"featured_media":0,"parent":172,"menu_order":10,"comment_status":"closed","ping_status":"closed","template":"","meta":{"footnotes":""},"class_list":["post-471","page","type-page","status-publish","hentry"],"_links":{"self":[{"href":"https:\/\/ambbrazzaville.esteri.it\/fr\/wp-json\/wp\/v2\/pages\/471","targetHints":{"allow":["GET"]}}],"collection":[{"href":"https:\/\/ambbrazzaville.esteri.it\/fr\/wp-json\/wp\/v2\/pages"}],"about":[{"href":"https:\/\/ambbrazzaville.esteri.it\/fr\/wp-json\/wp\/v2\/types\/page"}],"author":[{"embeddable":true,"href":"https:\/\/ambbrazzaville.esteri.it\/fr\/wp-json\/wp\/v2\/users\/1"}],"replies":[{"embeddable":true,"href":"https:\/\/ambbrazzaville.esteri.it\/fr\/wp-json\/wp\/v2\/comments?post=471"}],"version-history":[{"count":1,"href":"https:\/\/ambbrazzaville.esteri.it\/fr\/wp-json\/wp\/v2\/pages\/471\/revisions"}],"predecessor-version":[{"id":473,"href":"https:\/\/ambbrazzaville.esteri.it\/fr\/wp-json\/wp\/v2\/pages\/471\/revisions\/473"}],"up":[{"embeddable":true,"href":"https:\/\/ambbrazzaville.esteri.it\/fr\/wp-json\/wp\/v2\/pages\/172"}],"wp:attachment":[{"href":"https:\/\/ambbrazzaville.esteri.it\/fr\/wp-json\/wp\/v2\/media?parent=471"}],"curies":[{"name":"wp","href":"https:\/\/api.w.org\/{rel}","templated":true}]}}