{"id":1022,"date":"2024-02-12T13:22:32","date_gmt":"2024-02-12T12:22:32","guid":{"rendered":"https:\/\/ambbrazzaville.esteri.it\/?page_id=1022"},"modified":"2025-04-02T10:32:38","modified_gmt":"2025-04-02T09:32:38","slug":"assistenza-e-promozione","status":"publish","type":"page","link":"https:\/\/ambbrazzaville.esteri.it\/it\/italia-e-congo\/diplomazia-economica\/fare-affari-nella-repubblica-ceca\/servizi-per-le-imprese\/assistenza-e-promozione\/","title":{"rendered":"Assistenza e promozione"},"content":{"rendered":"<p style=\"text-align: justify;\"><strong>ICE (Istituto nazionale per il Commercio Estero)<\/strong><\/p>\n<p style=\"text-align: justify;\">\u2022\u00a0Ente pubblico che ha il compito di sviluppare, agevolare e promuovere i rapporti economici e commerciali italiani con l\u2019estero, con particolare attenzione alle esigenze delle piccole e medie imprese, dei loro consorzi e raggruppamenti; in stretta collaborazione con il Ministero delle Attivit\u00e0 Produttive elabora il Programma delle Attivit\u00e0 promozionali;<\/p>\n<p style=\"text-align: justify;\">\u2022 Organizza partecipazioni a fiere internazionali e iniziative per sviluppare contatti e business;<\/p>\n<p style=\"text-align: justify;\">\u2022 Organizza e gestisce seminari e incontri tra operatori, conduce ricerche di mercato, sviluppa azioni di comunicazione;<\/p>\n<p style=\"text-align: justify;\">\u2022 Svolge attivit\u00e0 di attrazione degli investimenti esteri in Italia, promuovendo all\u2019estero \u2013 per conto di agenzie di sviluppo locali \u2013 le opportunit\u00e0 in specifiche aree e realizzando azioni di comunicazione, in collaborazione con Sviluppo Italia;<\/p>\n<p style=\"text-align: justify;\">\u2022 Sito Web: <a href=\"http:\/\/www.ice.it\/\">www.ice.it<\/a><\/p>\n<p style=\"text-align: justify;\">\n<p style=\"text-align: justify;\"><strong>ASSOCAMERESTERO (Associazione delle Camere di Commercio Italiane all\u2019Estero)<\/strong><\/p>\n<p style=\"text-align: justify;\">\u2022\u00a0Associazione che rappresenta le esigenze e le potenzialit\u00e0 di servizio delle Camere di Commercio Italiane all\u2019estero (CCIE) e ricerca collaborazioni ed alleanze strategiche con soggetti ed enti pubblici e privati \u2013 italiani ed internazionali \u2013 per favorire la conoscenza e l\u2019utilizzo della rete delle CCIE;<\/p>\n<p style=\"text-align: justify;\">\u2022 Provvede alla redazione del Rapporto sulle Opportunit\u00e0 di Business, che prospetta le potenzialit\u00e0 delle CCIE quali fornitori di informazioni sulle opportunit\u00e0 d\u2019affari, settore per settore, esistenti nei paesi di operativit\u00e0 della rete;<\/p>\n<p style=\"text-align: justify;\">\u2022 Svolge attivit\u00e0 di assistenza progettuale e coordinamento degli sportelli per l\u2019internazionalizzazione delle Camere di Commercio Italiane all\u2019estero, di raccordo con il progetto di Unioncamere;<\/p>\n<p style=\"text-align: justify;\">\u2022 Sito Web: <a href=\"http:\/\/www.assocamerestero.it\/\">www.assocamerestero.it<\/a><\/p>\n<p style=\"text-align: justify;\">\n<p style=\"text-align: justify;\"><strong>UNIONCAMERE (Unione italiana delle Camere di Commercio Industria e Artigianato)<\/strong><\/p>\n<p style=\"text-align: justify;\">\u2022\u00a0Unione che cura e rappresenta gli interessi generali delle Camere di Commercio, punto di riferimento per i settori produttivi, sia a livello locale sia nazionale ed internazionale;<\/p>\n<p style=\"text-align: justify;\">\u2022 Promuove, realizza e gestisce, direttamente o per il tramite di proprie aziende speciali, servizi e attivit\u00e0 d\u2019interesse delle Camere di commercio e delle categorie economiche;<\/p>\n<p style=\"text-align: justify;\">\u2022 Punta a consolidare e sviluppare la collaborazione con la rete delle CCIE;<\/p>\n<p style=\"text-align: justify;\">\u2022 Facilita l\u2019accesso, con tecnologie all\u2019avanguardia, a iniziative e programmi comunitari, favorendo accordi internazionali per promuovere l\u2019Italia nel mondo;<\/p>\n<p style=\"text-align: justify;\">\u2022 Sito Web: <a href=\"http:\/\/www.unioncamere.it\/\">www.unioncamere.it<\/a><\/p>\n<p style=\"text-align: justify;\">\n<p style=\"text-align: justify;\"><strong>ENIT (Ente Nazionale Italiano per il Turismo)<\/strong><\/p>\n<p style=\"text-align: justify;\">\u2022\u00a0Struttura istituzionale che provvede alla promozione turistica dell\u2019Italia all\u2019estero adottando iniziative per far conoscere all\u2019estero le risorse turistiche nazionali e regionali e in particolare i valori naturali, ambientali, storici culturali ed artistici del nostro paese;<\/p>\n<p style=\"text-align: justify;\">\u2022 Provvede ad assistere e offrire servizi tecnici alle imprese turistiche italiane per la loro penetrazione commerciale sui mercati esteri;<\/p>\n<p style=\"text-align: justify;\">\u2022 Elabora studi sui mercati internazionali ed in particolare sulle tendenze della domanda turistica individuale ed organizzata;<\/p>\n<p style=\"text-align: justify;\">\u2022 Analizza l\u2019evoluzione della domanda turistica estera e pianifica strategie operative disegnate d\u2019intesa con i protagonisti pubblici e privati del turismo italiano (Ministero delle Attivit\u00e0 Produttive, Ministero degli Affari Esteri, Regioni, Amministrazioni pubbliche, Enti e Associazioni di categoria e produttori di servizi turistici;<\/p>\n<p style=\"text-align: justify;\">\u2022 Sito Web: <a href=\"http:\/\/www.enit.it\/\">www.enit.it<\/a><\/p>\n<p style=\"text-align: justify;\">\n<p style=\"text-align: justify;\"><strong>Mondimpresa (Agenzia per la Mondializzazione dell\u2019impresa)<\/strong><\/p>\n<p style=\"text-align: justify;\">\u2022\u00a0Agenzia che promuove e sostiene i processi di mondializzazione, in particolare delle PMI \u2013 prevalentemente nel Mezzogiorno \u2013 attraverso un\u2019ampia e capillare rete in Italia, composta dalle diverse realt\u00e0 del Sistema italiano delle Camere di Commercio, della Confcommercio e della Confagricoltura;<\/p>\n<p style=\"text-align: justify;\">\u2022 Redige offerte e progetti per la partecipazione a gare e per attingere a finanziamenti della Pubblica Amministrazione e delle principali organizzazioni internazionali;<\/p>\n<p style=\"text-align: justify;\">\u2022 Organizza iniziative volte alla promozione del partenariato imprenditoriale transnazionale, sia a carattere settoriale sia multisettoriale;<\/p>\n<p style=\"text-align: justify;\">\u2022 Promuove gli investimenti esteri in Italia attraverso le opportune azioni informative sulla struttura del sistema imprenditoriale italiano e sulla legislazione a sostegno degli investimenti;<\/p>\n<p style=\"text-align: justify;\">\u2022 Sito Web: <a href=\"http:\/\/www.mondimpresa.it\/\">www.mondimpresa.it<\/a><\/p>\n","protected":false},"excerpt":{"rendered":"ICE (Istituto nazionale per il Commercio Estero) \u2022\u00a0Ente pubblico che ha il compito di sviluppare, agevolare e promuovere i rapporti economici e commerciali italiani con l\u2019estero, con particolare attenzione alle esigenze delle piccole e medie imprese, dei loro consorzi e raggruppamenti; in stretta collaborazione con il Ministero delle Attivit\u00e0 Produttive elabora il Programma delle Attivit\u00e0 [&hellip;]","protected":false},"author":4,"featured_media":0,"parent":1017,"menu_order":5,"comment_status":"closed","ping_status":"closed","template":"","meta":{"footnotes":""},"class_list":["post-1022","page","type-page","status-publish","hentry"],"_links":{"self":[{"href":"https:\/\/ambbrazzaville.esteri.it\/it\/wp-json\/wp\/v2\/pages\/1022","targetHints":{"allow":["GET"]}}],"collection":[{"href":"https:\/\/ambbrazzaville.esteri.it\/it\/wp-json\/wp\/v2\/pages"}],"about":[{"href":"https:\/\/ambbrazzaville.esteri.it\/it\/wp-json\/wp\/v2\/types\/page"}],"author":[{"embeddable":true,"href":"https:\/\/ambbrazzaville.esteri.it\/it\/wp-json\/wp\/v2\/users\/4"}],"replies":[{"embeddable":true,"href":"https:\/\/ambbrazzaville.esteri.it\/it\/wp-json\/wp\/v2\/comments?post=1022"}],"version-history":[{"count":3,"href":"https:\/\/ambbrazzaville.esteri.it\/it\/wp-json\/wp\/v2\/pages\/1022\/revisions"}],"predecessor-version":[{"id":1598,"href":"https:\/\/ambbrazzaville.esteri.it\/it\/wp-json\/wp\/v2\/pages\/1022\/revisions\/1598"}],"up":[{"embeddable":true,"href":"https:\/\/ambbrazzaville.esteri.it\/it\/wp-json\/wp\/v2\/pages\/1017"}],"wp:attachment":[{"href":"https:\/\/ambbrazzaville.esteri.it\/it\/wp-json\/wp\/v2\/media?parent=1022"}],"curies":[{"name":"wp","href":"https:\/\/api.w.org\/{rel}","templated":true}]}}