{"id":1064,"date":"2024-02-12T16:09:28","date_gmt":"2024-02-12T15:09:28","guid":{"rendered":"https:\/\/ambbrazzaville.esteri.it\/?page_id=1064"},"modified":"2025-04-02T10:36:31","modified_gmt":"2025-04-02T09:36:31","slug":"norme-e-incentivi","status":"publish","type":"page","link":"https:\/\/ambbrazzaville.esteri.it\/it\/italia-e-congo\/diplomazia-economica\/fare-affari-in-italia\/norme-e-incentivi\/","title":{"rendered":"Norme e incentivi"},"content":{"rendered":"<p style=\"text-align: justify;\">Nel corso degli ultimi decenni sono state introdotte riforme strutturali che hanno permesso all\u2019Italia di armonizzare il proprio quadro normativo, fiscale ed agevolativo agli standard europei. In particolare sono state attuate riforme importanti nel mercato del lavoro, del credito, dell\u2019energia, della Pubblica Amministrazione. Filo conduttore degli interventi \u00e8 stato l\u2019adeguamento delle regole a quelle dei Paesi pi\u00f9 avanzati, al fine di rendere il Sistema Italia pi\u00f9 attraente per gli operatori economici e pi\u00f9 competitivo nel confronto internazionale. Per maggiori informazioni \u00e8 possibile consultare il sito web del\u00a0<a href=\"http:\/\/www.mef.gov.it\/\">Ministero dell\u2019Economia e delle Finanze<\/a>.<\/p>\n<p class=\"boxLevel03\">\n","protected":false},"excerpt":{"rendered":"Nel corso degli ultimi decenni sono state introdotte riforme strutturali che hanno permesso all\u2019Italia di armonizzare il proprio quadro normativo, fiscale ed agevolativo agli standard europei. In particolare sono state attuate riforme importanti nel mercato del lavoro, del credito, dell\u2019energia, della Pubblica Amministrazione. Filo conduttore degli interventi \u00e8 stato l\u2019adeguamento delle regole a quelle dei [&hellip;]","protected":false},"author":4,"featured_media":0,"parent":97,"menu_order":4,"comment_status":"closed","ping_status":"closed","template":"","meta":{"footnotes":""},"class_list":["post-1064","page","type-page","status-publish","hentry"],"_links":{"self":[{"href":"https:\/\/ambbrazzaville.esteri.it\/it\/wp-json\/wp\/v2\/pages\/1064","targetHints":{"allow":["GET"]}}],"collection":[{"href":"https:\/\/ambbrazzaville.esteri.it\/it\/wp-json\/wp\/v2\/pages"}],"about":[{"href":"https:\/\/ambbrazzaville.esteri.it\/it\/wp-json\/wp\/v2\/types\/page"}],"author":[{"embeddable":true,"href":"https:\/\/ambbrazzaville.esteri.it\/it\/wp-json\/wp\/v2\/users\/4"}],"replies":[{"embeddable":true,"href":"https:\/\/ambbrazzaville.esteri.it\/it\/wp-json\/wp\/v2\/comments?post=1064"}],"version-history":[{"count":2,"href":"https:\/\/ambbrazzaville.esteri.it\/it\/wp-json\/wp\/v2\/pages\/1064\/revisions"}],"predecessor-version":[{"id":1612,"href":"https:\/\/ambbrazzaville.esteri.it\/it\/wp-json\/wp\/v2\/pages\/1064\/revisions\/1612"}],"up":[{"embeddable":true,"href":"https:\/\/ambbrazzaville.esteri.it\/it\/wp-json\/wp\/v2\/pages\/97"}],"wp:attachment":[{"href":"https:\/\/ambbrazzaville.esteri.it\/it\/wp-json\/wp\/v2\/media?parent=1064"}],"curies":[{"name":"wp","href":"https:\/\/api.w.org\/{rel}","templated":true}]}}