{"id":128,"date":"2023-07-18T09:38:24","date_gmt":"2023-07-18T07:38:24","guid":{"rendered":"https:\/\/ambbrazzaville.esteri.it?page_id=128"},"modified":"2025-04-01T16:49:58","modified_gmt":"2025-04-01T15:49:58","slug":"contatti","status":"publish","type":"page","link":"https:\/\/ambbrazzaville.esteri.it\/it\/chi-siamo\/contatti\/","title":{"rendered":"Contatti"},"content":{"rendered":"<p><strong>AMBASCIATA D&#8217;ITALIA IN REPUBBLICA DEL CONGO<\/strong><\/p>\n<p>2, Avenue Auxence Ickonga (ex Bd. Lyautey)<\/p>\n<p>BP 2484, Brazzaville (Repubblica del Congo)<\/p>\n<p>&nbsp;<\/p>\n<p><em>Centralino<\/em>: Tel. +242\u00a0 04 444 0060<\/p>\n<p>Il centralino \u00e8 attivo dal luned\u00ec al venerd\u00ec dalle 9.30 alle 13.30 e dalle 14.30 alle 16.30.<\/p>\n<p>E-mail: <a href=\"mailto:amb.brazzaville@esteri.it\">amb.brazzaville@esteri.it<\/a><\/p>\n<p>Pec:\u00a0\u00a0<a href=\"mailto:amb.brazzaville@cert.esteri.it\">amb.brazzaville@cert.esteri.it<\/a><\/p>\n<p>L&#8217;Ambasciatore riceve esclusivamente su appuntamento (scrivere a <a href=\"mailto:brazzaville.segret@esteri.it\">brazzaville.segret@esteri.it)<\/a><\/p>\n<p>&nbsp;<\/p>\n<p><strong>NUMERO DI EMERGENZA: <span class=\"baec5a81-e4d6-4674-97f3-e9220f0136c1\">+242 055512635<\/span><\/strong><\/p>\n<p>Riservato ai cittadini italiani in caso di emergenza: incidenti gravi che comportino Ricoveri Ospedalieri o per Decessi a seguito di Atti Criminali; Arresti; Perdita \/ Furto \/Confisca dei Documenti di Viaggio.<\/p>\n<p>&nbsp;<\/p>\n<p><strong>Segreteria\/Ufficio Stampa<\/strong><\/p>\n<p>e-mail:\u00a0<a href=\"mailto:brazzaville.segret@esteri.it\">brazzaville.segret@esteri.it<\/a><\/p>\n<p>&nbsp;<\/p>\n<p><strong>Ufficio visti<\/strong><\/p>\n<p>e-mail: <a href=\"mailto:visti.brazzaville@esteri.it\">visti.brazzaville@esteri.it<\/a><\/p>\n<p>Richiedere l&#8217;appuntamento sul\u00a0&#8220;<strong><a href=\"https:\/\/prenotami.esteri.it\/\">Prenot@mi<\/a><\/strong>&#8221;<\/p>\n<p>&nbsp;<\/p>\n<p><strong>Ufficio Consolare<\/strong><\/p>\n<p>e-mail: <a href=\"mailto:cons.brazzaville@esteri.it\">cons.brazzaville@esteri.it<\/a><\/p>\n<p>Richiedere l&#8217;appuntamento sul &#8220;<strong><a href=\"https:\/\/prenotami.esteri.it\/\">Prenot@mi<\/a><\/strong>&#8221;<\/p>\n<p>&nbsp;<\/p>\n<p><strong>Ufficio Commerciale<\/strong><\/p>\n<p>e-mail :\u00a0<a href=\"mailto:amb.brazzaville@esteri.it\">amb.brazzaville@esteri.it<\/a><\/p>\n<p>Richiedere l\u2019appuntamento sul \u201c<strong><a href=\"https:\/\/prenotami.esteri.it\/\">Prenot@mi<\/a><\/strong>\u201d<\/p>\n<p>&nbsp;<\/p>\n<p><strong>Punto di corrispondenza ICE<\/strong><\/p>\n<p><span class=\"u-textWeight-600\">Tel:<\/span>\u00a0<span class=\"u-text-r-xs\">+242 222 810108<\/span><\/p>\n<p>e-mail: <a href=\"mailto:brazzaville@ice.it\">brazzaville@ice.it\u00a0<\/a><\/p>\n<p>Sito web: <a href=\"https:\/\/www.ice.it\/it\/mercati\/repubblica-del-congo\/punto-di-corrispondenza-di-brazzaville\">https:\/\/www.ice.it\/it\/mercati\/repubblica-del-congo\/punto-di-corrispondenza-di-brazzaville<\/a><\/p>\n<p>&nbsp;<\/p>\n<p><strong>Ufficio Amministrativo\/Contabile<\/strong><\/p>\n<p>e-mail: <a href=\"mailto:amm.brazzaville@esteri.it\">amm.brazzaville@esteri.it<\/a><\/p>\n<p>&nbsp;<\/p>\n<p><strong>Sicurezza<\/strong><\/p>\n<p>e-mail:\u00a0<a href=\"mailto:security.brazzaville@esteri.it\">security.brazzaville@esteri.it<\/a><\/p>\n<p>&nbsp;<\/p>\n","protected":false},"excerpt":{"rendered":"AMBASCIATA D&#8217;ITALIA IN REPUBBLICA DEL CONGO 2, Avenue Auxence Ickonga (ex Bd. Lyautey) BP 2484, Brazzaville (Repubblica del Congo) &nbsp; Centralino: Tel. +242\u00a0 04 444 0060 Il centralino \u00e8 attivo dal luned\u00ec al venerd\u00ec dalle 9.30 alle 13.30 e dalle 14.30 alle 16.30. E-mail: amb.brazzaville@esteri.it Pec:\u00a0\u00a0amb.brazzaville@cert.esteri.it L&#8217;Ambasciatore riceve esclusivamente su appuntamento (scrivere a brazzaville.segret@esteri.it) &nbsp; [&hellip;]","protected":false},"author":2,"featured_media":0,"parent":13,"menu_order":4,"comment_status":"closed","ping_status":"closed","template":"","meta":{"footnotes":""},"class_list":["post-128","page","type-page","status-publish","hentry"],"_links":{"self":[{"href":"https:\/\/ambbrazzaville.esteri.it\/it\/wp-json\/wp\/v2\/pages\/128","targetHints":{"allow":["GET"]}}],"collection":[{"href":"https:\/\/ambbrazzaville.esteri.it\/it\/wp-json\/wp\/v2\/pages"}],"about":[{"href":"https:\/\/ambbrazzaville.esteri.it\/it\/wp-json\/wp\/v2\/types\/page"}],"author":[{"embeddable":true,"href":"https:\/\/ambbrazzaville.esteri.it\/it\/wp-json\/wp\/v2\/users\/2"}],"replies":[{"embeddable":true,"href":"https:\/\/ambbrazzaville.esteri.it\/it\/wp-json\/wp\/v2\/comments?post=128"}],"version-history":[{"count":7,"href":"https:\/\/ambbrazzaville.esteri.it\/it\/wp-json\/wp\/v2\/pages\/128\/revisions"}],"predecessor-version":[{"id":1499,"href":"https:\/\/ambbrazzaville.esteri.it\/it\/wp-json\/wp\/v2\/pages\/128\/revisions\/1499"}],"up":[{"embeddable":true,"href":"https:\/\/ambbrazzaville.esteri.it\/it\/wp-json\/wp\/v2\/pages\/13"}],"wp:attachment":[{"href":"https:\/\/ambbrazzaville.esteri.it\/it\/wp-json\/wp\/v2\/media?parent=128"}],"curies":[{"name":"wp","href":"https:\/\/api.w.org\/{rel}","templated":true}]}}