{"id":49,"date":"2023-04-11T18:13:11","date_gmt":"2023-04-11T16:13:11","guid":{"rendered":"https:\/\/ambasciatapraga.esteri.it\/?page_id=49"},"modified":"2025-04-30T15:42:07","modified_gmt":"2025-04-30T14:42:07","slug":"passaporti-e-carte-didentita","status":"publish","type":"page","link":"https:\/\/ambbrazzaville.esteri.it\/it\/servizi-consolari-e-visti\/servizi-per-il-cittadino-italiano\/passaporti-e-carte-didentita\/","title":{"rendered":"Passaporti"},"content":{"rendered":"<p style=\"text-align: justify;\"><span style=\"font-size: 16px;\">Il passaporto \u00e8 un documento di viaggio e riconoscimento. Il suo rilascio\/estensione \u00e8 di competenza dell\u2019Ufficio Passaporti della Circoscrizione Consolare in cui il cittadino italiano \u00e8 residente.<\/span><\/p>\n<div class=\"entry-content\" style=\"text-align: justify;\">Per risiedere e viaggiare nei Paesi dell\u2019Unione Europea \u00e8 sufficiente la carta d\u2019identit\u00e0 valida per l\u2019espatrio, rilasciata dal Comune di iscrizione AIRE in Italia. E\u2019 tuttavia sempre consigliabile avere un passaporto oltre a una carta d\u2019identit\u00e0 valida. I passaporti rilasciati a partire dal 4 febbraio 2003 hanno una validit\u00e0 di dieci anni (e non pi\u00f9 di cinque) e non potranno essere rinnovati alla scadenza.A partire dal 2009 anche i minori hanno diritto al passaporto\u00a0 individuale, valido per tre anni fino ai tre anni di et\u00e0, valido per 5 anni dai tre ai diciotto anni di et\u00e0 (decreto legge 135\/2009). Il minore non pu\u00f2 pi\u00f9 essere incluso nel passaporto dei genitori. Tutti i minori che viaggiano, non potendo pi\u00f9 essere iscritti sul passaporto dei genitori, devono essere muniti di un proprio documento di viaggio individuale (passaporto oppure, qualora gli Stati attraversati ne riconoscano la validit\u00e0, carta d\u2019identit\u00e0 valida per l\u2019espatrio).In caso di furto o smarrimento del passaporto \u00e8 inoltre necessario presentarsi all\u2019Ufficio Passaporti del Consolato con la denuncia di furto o smarrimento, effettuata presso la locale competente Autorit\u00e0 di Polizia.Per il rilascio del passaporto occorre presentarsi all\u2019Ufficio Passaporti della Circoscrizione Consolare in cui il cittadino \u00e8 residente con la seguente documentazione IN FORMATO CARTACEO il giorno dell\u2019appuntamento:<\/p>\n<ul style=\"text-align: justify;\">\n<li>formulario di richiesta del passaporto firmato dall\u2019interessato;<\/li>\n<li>documento di identit\u00e0: passaporto scaduto o in scadenza e carta d\u2019identit\u00e0, se posseduta;<\/li>\n<li>due fotografie recenti (uguali, frontali, a colori su sfondo chiaro);<\/li>\n<li>permesso di soggiorno o un giustificativo dell\u2019effettivo domicilio nella Circoscrizione.<\/li>\n<\/ul>\n<p style=\"text-align: justify;\">Un cittadino italiano pu\u00f2 chiedere il rilascio o rinnovo di un passaporto solo se residente all\u2019estero e iscritto all\u2019A.I.R.E. di un Comune italiano. In caso contrario, o se si richiede il passaporto in una circoscrizione consolare all\u2019estero differente da quella dove si \u00e8 iscritti nell\u2019AIRE del proprio Comune italiano, sar\u00e0 necessario ottenere il \u201cNULLA OSTA\u201d dell\u2019Ufficio (Questura o Consolato Italiano) competente per il territorio di residenza.<\/p>\n<p style=\"text-align: justify;\">Il passaporto ordinario pu\u00f2 essere rinnovato anche prima della scadenza ed entro e non oltre 6 mesi dalla stessa data di scadenza.<\/p>\n<p style=\"text-align: justify;\">Prendi appuntamento sul <a href=\"https:\/\/prenotami.esteri.it\/\" target=\"_blank\" rel=\"noopener\">portale Prenot@Mi<\/a><\/p>\n<p style=\"text-align: justify;\"><strong>COSTO DI RILASCIO PASSAPORTO \u2013<\/strong>Contributo amministrativo di euro 73,50 per il rilascio del solo passaporto ordinario, oltre al costo del libretto (euro 42,50).<\/p>\n<p style=\"text-align: justify;\">La richiesta di appuntamento dovr\u00e0 pervenire via email al seguente indirizzo cons.brazzaville@esteri.it, segnalando nome, cognome e data di nascita.<\/p>\n<p style=\"text-align: justify;\">\n<p style=\"text-align: justify;\"><strong>MINORI<\/strong><\/p>\n<p style=\"text-align: justify;\">A partire dal 14 giugno 2023 non sar\u00e0 pi\u00f9 necessario presentare l\u2019atto di assenso dell\u2019altro genitore ai fini del rilascio del proprio documento d\u2019identit\u00e0 (passaporto e CIE), ai sensi del D.L. 69\/2023. Quando vi \u00e8 concreto e attuale pericolo che a causa del trasferimento all\u2019estero questo possa sottrarsi all\u2019adempimento dei suoi obblighi verso i figli, sar\u00e0 possibile per l\u2019altro genitore richiedere una inibitoria al rilascio del documento. L\u2019istanza potr\u00e0 essere presentata al giudice competente presso il Tribunale ordinario in cui il minore ha la residenza abituale ovvero, se il minore \u00e8 residente all\u2019estero, il Tribunale nel cui circondario si trova il suo Comune di iscrizione AIRE.<\/p>\n<p style=\"text-align: justify;\">Ai fini del rilascio dei documenti per i minori, invece, resta l\u2019obbligo dell\u2019assenso firmato da entrambi i genitori o da chi esercita la responsabilit\u00e0 genitoriale.<\/p>\n<p style=\"text-align: justify;\">Se si desidera che un minore di anni 14, munito di passaporto individuale, viaggi all\u2019estero accompagnato da una persona diversa dai genitori o affidato a personale di una compagnia aerea, \u00e8 necessario che l&#8217;Ufficio Consolare rilasci un\u2019attestazione di accompagnamento nella quale venga indicato il nome della persona, dell\u2019Ente o della compagnia di trasporto a cui il minore stesso viene affidato. Per il rilascio dell\u2019attestazione di accompagnamento, gli esercenti la responsabilit\u00e0 genitoriale o tutoria devono consegnare un\u2019apposita <strong>dichiarazione di accompagnamento per minori<\/strong> debitamente compilata e sottoscritta, e almeno uno dei due genitori dovr\u00e0 presentarsi presso l\u2019Ufficio Passaporti previo appuntamento. Di seguito la documentazione a corredo della domanda:<\/p>\n<ul style=\"text-align: justify;\">\n<li>documento d\u2019identit\u00e0 dei genitori richiedenti;<\/li>\n<li>documento d\u2019identit\u00e0 dell\u2019accompagnatore o, nel caso in cui il minore sia affidato ad una compagnia aerea, la documentazione attestante il volo;<\/li>\n<li>il passaporto con cui il minore viagger\u00e0.<\/li>\n<\/ul>\n<p style=\"text-align: justify;\">La firma del genitore o del tutore cittadino di un Paese non aderente all\u2019Unione Europea e non regolarmente residente in Italia, deve essere autenticata presso l\u2019Ufficio Consolare di questa Ambasciata o da un pubblico ufficiale. Si ricorda inoltre che ai sensi dell\u2019articolo 38, commi 1 e 3 del DPR 28 dicembre 2000, n. 445 le istanze alla pubblica amministrazione possono essere inoltrate anche per via telematica. E\u2019 rimessa alla valutazione degli uffici, di cui all\u2019art. 5 della L. 1185\/1967, la decisione se eventualmente richiedere, nel superiore interesse del minore, la presenza, al momento della consegna della dichiarazione e della firma della stessa, degli esercenti la responsabilit\u00e0 genitoriale. La dichiarazione di accompagnamento avr\u00e0 validit\u00e0 massima di 6 mesi, per un solo viaggio di Andata e\/o Ritorno con destinazione determinata. Il rilascio della dichiarazione \u00e8 esente dal pagamento di diritti consolari.<\/p>\n<p style=\"text-align: justify;\"><a href=\"https:\/\/www.esteri.it\/it\/servizi-consolari-e-visti\/italiani-all-estero\/documenti_di_viaggio\/passaporto\/\"><strong>VISITATE IL SITO DEL MAECI PER MAGGIORI INFORMAZIONI SULLA DISCIPLINA DEI PASSAPORTI<\/strong><\/a><\/p>\n<\/div>\n","protected":false},"excerpt":{"rendered":"Il passaporto \u00e8 un documento di viaggio e riconoscimento. Il suo rilascio\/estensione \u00e8 di competenza dell\u2019Ufficio Passaporti della Circoscrizione Consolare in cui il cittadino italiano \u00e8 residente. Per risiedere e viaggiare nei Paesi dell\u2019Unione Europea \u00e8 sufficiente la carta d\u2019identit\u00e0 valida per l\u2019espatrio, rilasciata dal Comune di iscrizione AIRE in Italia. E\u2019 tuttavia sempre consigliabile [&hellip;]","protected":false},"author":1,"featured_media":0,"parent":47,"menu_order":0,"comment_status":"closed","ping_status":"closed","template":"","meta":{"footnotes":""},"class_list":["post-49","page","type-page","status-publish","hentry"],"_links":{"self":[{"href":"https:\/\/ambbrazzaville.esteri.it\/it\/wp-json\/wp\/v2\/pages\/49","targetHints":{"allow":["GET"]}}],"collection":[{"href":"https:\/\/ambbrazzaville.esteri.it\/it\/wp-json\/wp\/v2\/pages"}],"about":[{"href":"https:\/\/ambbrazzaville.esteri.it\/it\/wp-json\/wp\/v2\/types\/page"}],"author":[{"embeddable":true,"href":"https:\/\/ambbrazzaville.esteri.it\/it\/wp-json\/wp\/v2\/users\/1"}],"replies":[{"embeddable":true,"href":"https:\/\/ambbrazzaville.esteri.it\/it\/wp-json\/wp\/v2\/comments?post=49"}],"version-history":[{"count":7,"href":"https:\/\/ambbrazzaville.esteri.it\/it\/wp-json\/wp\/v2\/pages\/49\/revisions"}],"predecessor-version":[{"id":1750,"href":"https:\/\/ambbrazzaville.esteri.it\/it\/wp-json\/wp\/v2\/pages\/49\/revisions\/1750"}],"up":[{"embeddable":true,"href":"https:\/\/ambbrazzaville.esteri.it\/it\/wp-json\/wp\/v2\/pages\/47"}],"wp:attachment":[{"href":"https:\/\/ambbrazzaville.esteri.it\/it\/wp-json\/wp\/v2\/media?parent=49"}],"curies":[{"name":"wp","href":"https:\/\/api.w.org\/{rel}","templated":true}]}}