{"id":71,"date":"2023-04-11T18:19:16","date_gmt":"2023-04-11T16:19:16","guid":{"rendered":"https:\/\/ambasciatapraga.esteri.it\/?page_id=71"},"modified":"2025-04-30T16:09:28","modified_gmt":"2025-04-30T15:09:28","slug":"servizi-notarili","status":"publish","type":"page","link":"https:\/\/ambbrazzaville.esteri.it\/it\/servizi-consolari-e-visti\/servizi-per-il-cittadino-italiano\/servizi-notarili\/","title":{"rendered":"Servizi notarili"},"content":{"rendered":"<p style=\"text-align: justify;\">L\u2019Ufficio Consolare esercita \u2013\u00a0<strong>esclusivamente nei confronti di cittadini italiani che si trovano all\u2019estero in via permanente o temporanea<\/strong> \u2013 alcune funzioni notarili previste dall&#8217;ordinamento italiano.<\/p>\n<p style=\"text-align: justify;\">I servizi notarili pi\u00f9 frequentemente richiesti ad un Ufficio Consolare sono:<\/p>\n<p style=\"text-align: justify;\">1. Procure<\/p>\n<p style=\"text-align: justify;\">2. Testamento Pubblico<\/p>\n<p style=\"text-align: justify;\">3. Atti Pubblici<\/p>\n<p style=\"text-align: justify;\">4. Attivit\u00e0 di Autenticazione<\/p>\n<p style=\"text-align: justify;\">Per avere efficacia in Italia tutti gli atti dovranno essere tradotti.<\/p>\n<p style=\"text-align: justify;\">Prendi appuntamento sul <a href=\"https:\/\/prenotami.esteri.it\/\" target=\"_blank\" rel=\"noopener\">portale Prenot@Mi<\/a><\/p>\n<p style=\"text-align: justify;\"><strong>1. PROCURE<\/strong><\/p>\n<p style=\"text-align: justify;\" align=\"justify\">La procura \u00e8 un atto con il quale si d\u00e0 la facolt\u00e0 ad un\u2019altra persona di agire in propria vece e rappresentanza ed a compiere gli atti necessari per raggiungere un determinato scopo (es. vendere, acquistare, amministrare, fare donazione, accettare donazione, costituire o sciogliere societ\u00e0, richiedere pubblicazioni di matrimonio, ecc.). Le procure si dividono in due categorie:<\/p>\n<ul style=\"text-align: justify;\">\n<li style=\"list-style-type: none;\">\n<ul>\n<li>procure generali: con questi atti l\u2019interessato affida al rappresentante la gestione di tutti i suoi affari, sia presenti sia futuri. La procura generale \u00e8 rilasciata a tempo indeterminato.<\/li>\n<li>procure speciali: con questi atti l\u2019interessato affida al rappresentante la gestione di una parte dei suoi affari. La procura speciale cessa di avere efficacia nel momento in cui l\u2019incarico particolare per il quale \u00e8 stata rilasciata si conclude.<\/li>\n<li>Qualora il mandante sia cittadino straniero l\u2019Ufficio consolare non pu\u00f2 ricevere la procura ma essa dovr\u00e0 essere predisposta da un notaio locale, legalizzata presso il Ministero degli Affari Esteri, tradotta in lingua italiana e, successivamente, presentata all\u2019Ambasciata per la legalizzazione e la certificazione di conformit\u00e0 della traduzione<\/li>\n<\/ul>\n<\/li>\n<\/ul>\n<p style=\"text-align: justify;\"><strong>2. TESTAMENTO PUBBLICO<\/strong><\/p>\n<p style=\"text-align: justify;\" align=\"justify\">Tra le attivit\u00e0 proprie dell\u2019Ufficio notarile presso L&#8217;Ufficio Consolare rientra la redazione di alcuni atti concernenti le dichiarazioni di ultima volont\u00e0 di soggetti che si trovano all\u2019estero.<br \/>\nIl testamento pubblico \u00e8 la dichiarazione di volont\u00e0 del testatore resa ad un funzionario delegato alle funzioni notarili in presenza di due testimoni e redatta in forma scritta.<\/p>\n<p style=\"text-align: justify;\" align=\"justify\">Nel testamento segreto, invece, le funzioni dell\u2019Ufficio Consolare si limitano al ricevimento formale dell\u2019atto (il cui contenuto rimane segreto) ed al suo deposito nell\u2019Ufficio.<\/p>\n<p style=\"text-align: justify;\" align=\"justify\">Il testamento olografo, infine, non necessita della stesura da parte di un funzionario dell\u2019Ufficio Consolare e pu\u00f2 essere depositato in ogni luogo e presso chiunque. Solitamente esso viene depositato presso l\u2019Ufficio al fine di evitare la possibilit\u00e0 di un suo smarrimento e per assicurarne l\u2019immediata pubblicazione alla morte del testatore.<\/p>\n<p style=\"text-align: justify;\"><strong>3. ATTI PUBBLICI<\/strong><\/p>\n<p style=\"text-align: justify;\" align=\"justify\">Si tratta di una tipologia di atti giuridici (come ad esempio l\u2019atto di donazione) per i quali la legge prevede la forma dell\u2019atto pubblico.<\/p>\n<p style=\"text-align: justify;\"><strong>4. ATTIVIT\u00c0 DI AUTENTICAZIONE<\/strong><\/p>\n<p style=\"text-align: justify;\">L\u2019attivit\u00e0 di autenticazione \u00e8 normalmente svolta da un pubblico funzionario dell\u2019Ufficio Consolare ma pu\u00f2 anche essere svolta da un funzionario delegato alle funzioni notarili. Trattasi in particolare di:<\/p>\n<ol style=\"text-align: justify;\">\n<li>AUTENTICA DI FIRMA: consiste nell\u2019attestazione da parte del pubblico funzionario della provenienza di un atto da parte del soggetto che lo ha firmato. Per procedere all\u2019autenticazione della firma, \u00e8 necessario presentarsi personalmente presso l\u2019Ufficio Consolare con un documento di riconoscimento ed il proprio codice fiscale;<\/li>\n<li>AUTENTICA DI FOTOGRAFIA: a tal fine \u00e8 necessario presentarsi personalmente presso l\u2019Ufficio Consolare con un documento di riconoscimento e tre fotografie uguali<\/li>\n<\/ol>\n<h3 style=\"text-align: justify;\"><\/h3>\n<h3 style=\"text-align: justify;\"><strong>AVVERTENZE<\/strong><\/h3>\n<ul style=\"text-align: justify;\">\n<li>\n<div align=\"left\">E\u2019 escluso che l\u2019Ufficio Consolare possa svolgere attivit\u00e0 di consulenza legale. Il suo consiglio, se richiesto, deve essere limitato al campo giuridico, con particolare riguardo alla validit\u00e0 degli atti che gli si domanda di ricevere. La sua assistenza deve limitarsi alla legalit\u00e0 degli atti prospettati e non alla loro utilit\u00e0 economica.<\/div>\n<\/li>\n<li>\n<div align=\"left\">Il capo dell&#8217;ufficio Consolare non pu\u00f2 svolgere funzioni di mandatario del cliente rispetto alla pubblicit\u00e0 e alla esecuzione di formalit\u00e0 relative agli atti da lui ricevuti.<\/div>\n<\/li>\n<li>\n<div align=\"left\">Tutti gli atti consolari sono soggetti unicamente alla tassa indicata nella Tariffa consolare.<\/div>\n<\/li>\n<\/ul>\n<p style=\"text-align: justify;\" align=\"left\">Il cittadino italiano all\u2019estero pu\u00f2, in alternativa, formalizzare l\u2019atto presso un pubblico notaio ufficialmente accreditato nel Paese di residenza. Successivamente, se il Paese ha aderito alla Convenzione dell\u2019Aja del 1961 per l\u2019abolizione della legalizzazione, deve provvedere a far apporre sul documento l\u2019\u00abapostille\u00bb da parte dell\u2019Autorit\u00e0 preposta nel Paese di residenza. Se il Paese non ha aderito alla Convenzione suddetta, dovr\u00e0 far legalizzare la firma del notaio a cura della Rappresentanza consolare italiana<\/p>\n","protected":false},"excerpt":{"rendered":"L\u2019Ufficio Consolare esercita \u2013\u00a0esclusivamente nei confronti di cittadini italiani che si trovano all\u2019estero in via permanente o temporanea \u2013 alcune funzioni notarili previste dall&#8217;ordinamento italiano. I servizi notarili pi\u00f9 frequentemente richiesti ad un Ufficio Consolare sono: 1. Procure 2. Testamento Pubblico 3. Atti Pubblici 4. Attivit\u00e0 di Autenticazione Per avere efficacia in Italia tutti gli [&hellip;]","protected":false},"author":1,"featured_media":0,"parent":47,"menu_order":10,"comment_status":"closed","ping_status":"closed","template":"","meta":{"footnotes":""},"class_list":["post-71","page","type-page","status-publish","hentry"],"_links":{"self":[{"href":"https:\/\/ambbrazzaville.esteri.it\/it\/wp-json\/wp\/v2\/pages\/71","targetHints":{"allow":["GET"]}}],"collection":[{"href":"https:\/\/ambbrazzaville.esteri.it\/it\/wp-json\/wp\/v2\/pages"}],"about":[{"href":"https:\/\/ambbrazzaville.esteri.it\/it\/wp-json\/wp\/v2\/types\/page"}],"author":[{"embeddable":true,"href":"https:\/\/ambbrazzaville.esteri.it\/it\/wp-json\/wp\/v2\/users\/1"}],"replies":[{"embeddable":true,"href":"https:\/\/ambbrazzaville.esteri.it\/it\/wp-json\/wp\/v2\/comments?post=71"}],"version-history":[{"count":6,"href":"https:\/\/ambbrazzaville.esteri.it\/it\/wp-json\/wp\/v2\/pages\/71\/revisions"}],"predecessor-version":[{"id":1772,"href":"https:\/\/ambbrazzaville.esteri.it\/it\/wp-json\/wp\/v2\/pages\/71\/revisions\/1772"}],"up":[{"embeddable":true,"href":"https:\/\/ambbrazzaville.esteri.it\/it\/wp-json\/wp\/v2\/pages\/47"}],"wp:attachment":[{"href":"https:\/\/ambbrazzaville.esteri.it\/it\/wp-json\/wp\/v2\/media?parent=71"}],"curies":[{"name":"wp","href":"https:\/\/api.w.org\/{rel}","templated":true}]}}