{"id":862,"date":"2023-12-19T17:53:11","date_gmt":"2023-12-19T16:53:11","guid":{"rendered":"https:\/\/ambbrazzaville.esteri.it\/?page_id=862"},"modified":"2025-04-30T15:43:56","modified_gmt":"2025-04-30T14:43:56","slug":"anagrafe-degli-italiani-residenti-allestero-aire","status":"publish","type":"page","link":"https:\/\/ambbrazzaville.esteri.it\/it\/servizi-consolari-e-visti\/servizi-per-il-cittadino-italiano\/anagrafe-degli-italiani-residenti-allestero-aire\/","title":{"rendered":"Anagrafe degli Italiani residenti all\u2019estero (AIRE)"},"content":{"rendered":"<p style=\"text-align: justify;\"><a href=\"https:\/\/www.esteri.it\/mae\/it\/servizi\/italiani-all-estero\/aire_0.html\">Informazioni generali sul sito del Ministero degli Affari Esteri e della Cooperazione Internazionale<\/a><\/p>\n<p style=\"text-align: justify;\"><strong>ISCRIZIONE ALL\u2019ANAGRAFE DEI RESIDENTI ALL\u2019ESTERO (A.I.R.E.)<\/strong><\/p>\n<p style=\"text-align: justify;\">L\u2019Anagrafe degli Italiani Residenti all\u2019Estero (A.I.R.E.) \u00e8 stata istituita con legge 27 ottobre 1988, n. 470 (<a href=\"https:\/\/www.normattiva.it\/uri-res\/N2Ls?urn:nir:stato:legge:1988-10-27;470!vig=\">LEGGE 27 ottobre 1988, n. 470 \u2013 Normattiva<\/a>). Essa \u00e8 gestita dai Comuni sulla base dei dati e delle informazioni provenienti dalle Rappresentanze consolari all\u2019estero. L\u2019esercizio concreto di molti diritti fondamentali previsti dalla nostra Costituzione dipende dall\u2019iscrizione anagrafica, che se non effettuata correttamente pu\u00f2 comportare conseguenze negative in relazione, ad esempio, ai diritti elettorali, sanitari, sociali e fiscali, civili e personali.<\/p>\n<p style=\"text-align: justify;\">Prendi appuntamento sul <a href=\"https:\/\/prenotami.esteri.it\/\" target=\"_blank\" rel=\"noopener\">portale Prenot@Mi<\/a><\/p>\n<p style=\"text-align: justify;\"><strong>Devono iscriversi all\u2019A.I.R.E.:<\/strong><\/p>\n<ul style=\"text-align: justify;\">\n<li>i cittadini che fissano all\u2019estero la dimora abituale;<\/li>\n<li>quelli che gi\u00e0 vi risiedono, sia perch\u00e9 nati all\u2019estero che per successivo acquisto della cittadinanza italiana a qualsiasi titolo.<\/li>\n<\/ul>\n<p style=\"text-align: justify;\"><strong>Non devono iscriversi all\u2019A.I.R.E.:<\/strong><\/p>\n<ul style=\"text-align: justify;\">\n<li>i cittadini che si recano all\u2019estero per un periodo di tempo inferiore ad un anno;<\/li>\n<li>i lavoratori stagionali;<\/li>\n<li>i dipendenti di ruolo dello Stato in servizio all\u2019estero, che siano notificati ai sensi delle Convenzioni di Vienna sulle relazioni diplomatiche e sulle relazioni consolari rispettivamente del 1961 e del 1963;<\/li>\n<li>i militari italiani in servizio presso gli uffici e le strutture della NATO dislocate all\u2019estero.<\/li>\n<\/ul>\n<p style=\"text-align: justify;\">La dichiarazione di trasferimento di residenza all\u2019estero deve essere resa dall\u2019interessato all\u2019Ufficio Consolare <strong>entro 90 giorni<\/strong> dalla data dell\u2019espatrio e comporta la contestuale cancellazione dall\u2019Anagrafe della Popolazione Residente (A.P.R.) del Comune di provenienza. \u00c8 tuttavia possibile regolarizzare la propria posizione anche in seguito. I connazionali gi\u00e0 iscritti nello schedario consolare devono inoltre tempestivamente comunicare eventuali <strong>cambi di indirizzo<\/strong>.<\/p>\n<p style=\"text-align: justify;\"><strong>Attenzione<\/strong>: L\u2019iscrizione all\u2019AIRE, oltre ad essere un obbligo di legge, \u00e8 necessaria\u00a0per poter fruire dei servizi consolari\u00a0(ad es.\u00a0rilascio di documenti d\u2019identit\u00e0, di dichiarazioni, ecc.), votare nella Circoscrizione estero, ricevere le comunicazioni delle Autorit\u00e0 italiane. Conseguenze dell\u2019iscrizione all\u2019AIRE sono la cancellazione dal Servizio Sanitario Nazionale e il trasferimento della competenza in materia di copertura sanitaria alle autorit\u00e0 sanitarie locali.<\/p>\n<p style=\"text-align: justify;\">L\u2019iscrizione \u00e8 <strong>GRATUITA\u00a0<\/strong>e non \u00e8 necessaria la presenza degli interessati. Si pu\u00f2 richiedere esclusivamente <strong>tramite il portale\u00a0<\/strong><strong><a href=\"https:\/\/serviziconsolarionline.esteri.it\/ScoFE\/index.sco\">Fast\u00a0It<\/a><\/strong>, previa registrazione dell\u2019utente nel sistema. Questa procedura, permette al cittadino di chiedere l\u2019iscrizione AIRE compilando on-line il modulo di iscrizione ed allegando il documento d\u2019identit\u00e0 e la prova di residenza direttamente in formato elettronico. Si sottolinea che dopo la registrazione al portale e dopo aver attivato il proprio account, \u00e8 necessario accedere nuovamente al portale e procedere con l\u2019iscrizione selezionando \u201cAnagrafe Consolare e aire\u201d tra i servizi disponibili.\u00a0L\u2019iscrizione decorre dalla data di inserimento della domanda sul Fast It. La notifica dell\u2019avvenuta iscrizione spetta al Comune italiano che avverte direttamente il cittadino all\u2019estero.<\/p>\n<p style=\"text-align: justify;\"><strong>Cosa accade se non ci si iscrive all\u2019A.I.R.E.:<\/strong><\/p>\n<p style=\"text-align: justify;\">Chiunque, avendo obblighi anagrafici, contravviene alle disposizioni della Legge 24 dicembre 1954, n. 1228, della Legge 27 ottobre 1988, n. 470, e dei regolamenti di esecuzione delle predette leggi <strong>\u00e8 soggetto a sanzioni pecuniarie amministrative<\/strong>, cos\u00ec come previsto dalla Legge 30 dicembre 2023, n. 213. L\u2019Autorit\u00e0 competente all\u2019accertamento e all\u2019irrogazione della sanzione \u00e8 il Comune nella cui anagrafe \u00e8 iscritto il trasgressore.<\/p>\n<p style=\"text-align: justify;\">Il procedimento accertativo e sanzionatorio in capo ai Comuni \u00e8 disciplinato dalla L. 24 novembre 1981, n. 689, il cui art. 1 prevede che \u201cNessuno pu\u00f2 essere assoggettato a sanzioni amministrative se non in forza di una legge che sia entrata in vigore prima della commissione della violazione\u201d.<\/p>\n<div class=\"col-lg-8\" style=\"text-align: justify;\">\n<article id=\"post-830\" class=\"post-830 page type-page status-publish hentry\">\n<div class=\"entry-content\">\n<p>&nbsp;<\/p>\n<p><strong>ISCRIZIONE DI MINORENNI<br \/>\n<\/strong><\/p>\n<p>L\u2019iscrizione in AIRE del minore italiano nato in Repubblica del Congo, i cui genitori risiedono all\u2019estero, viene fatta contestualmente alla trascrizione dell\u2019atto di nascita. L\u2019iscrizione in AIRE del minore italiano nato in Italia, i cui genitori risiedono all\u2019estero, viene fatta direttamente dall\u2019Ufficiale d\u2019Anagrafe in Italia contestualmente alla denuncia della nascita. Il Comune provveder\u00e0 ad informare l\u2019Ufficio Consolare per l\u2019aggiornamento dell\u2019anagrafe consolare.<\/p>\n<p><strong>Iscrizione AIRE di minorenni conviventi con un solo genitore<\/strong><\/p>\n<p>L\u2019iscrizione all\u2019AIRE dei minori italiani o doppi cittadini \u00e8 obbligatoria, sia che essi convivano con il solo genitore italiano, sia che convivano con il solo genitore straniero. In questo ultimo caso (minori italiani o doppi cittadini conviventi con il solo genitore straniero), la richiesta di iscrizione all\u2019AIRE pu\u00f2 essere presentata sia dal genitore italiano non convivente sia dal genitore straniero convivente, preferibilmente a ci\u00f2 delegato dall\u2019altro. Si precisa che l\u2019iscrizione AIRE di un minorenne ha come unico scopo quello di attestare l\u2019effettiva residenza (ovvero l\u2019abituale dimora) del cittadino all\u2019estero e pertanto prescinde da eventuali contestazioni derivanti da provvedimenti dell\u2019Autorit\u00e0 Giudiziaria italiana o locale.<\/p>\n<\/div>\n<\/article>\n<\/div>\n<p style=\"text-align: justify;\">\n<p style=\"text-align: justify;\"><strong>CAMBIO DI INDIRIZZO E RIMPATRIO<\/strong><\/p>\n<p style=\"text-align: justify;\">La comunicazione del cambiamento dell\u2019indirizzo della propria residenza all\u2019interno della circoscrizione, va fatta utilizzando il portale dei servizi consolari online chiamato <a href=\"https:\/\/serviziconsolarionline.esteri.it\/ScoFE\/index.sco\"><strong>Fast It<\/strong><\/a>.<br \/>\nTramite il portale\u00a0<a href=\"https:\/\/serviziconsolarionline.esteri.it\/ScoFE\/index.sco\"><strong>Fast It<\/strong><\/a>\u00a0\u00e8 possibile anche\u00a0verificare la propria scheda anagrafica.<\/p>\n<p style=\"text-align: justify;\">I cittadini iscritti all\u2019AIRE che rientrano definitivamente in Italia dovranno dichiarare il proprio rimpatrio direttamente al Comune Italiano che dovr\u00e0 comunicare ufficialmente all&#8217;Ufficio Consolare la data di decorrenza del rimpatrio. Ne conseguir\u00e0 la cancellazione dall\u2019anagrafe consolare e l\u2019iscrizione in APR (Anagrafe Popolazione Residente) del Comune Italiano.<\/p>\n<p style=\"text-align: justify;\">Qualora i cittadini gi\u00e0 iscritti all\u2019AIRE e residenti nella circoscrizione di Brazzaville si trasferiscano nella circoscrizione di un altro Consolato Italiano potranno aggiornare direttamente tramite il portale FAST-IT il \u201ccambio circoscrizione consolare\u201d. Sar\u00e0 cura del Consolato \u201cricevente\u201d darne comunicazione al Comune AIRE in Italia ed all&#8217;Ufficio Consolare in Repubblica del Congo.<\/p>\n<p style=\"text-align: justify;\">\n<header class=\"entry-header\"><strong>TRASFERIMENTO AD AIRE DI UN ALTRO COMUNE<\/strong><\/header>\n<div class=\"entry-content\" style=\"text-align: justify;\">\n<p>Il cittadino residente all\u2019Estero pu\u00f2 trasferire la propria iscrizione Aire da un Comune italiano ad un altro Comune italiano diverso da quello attuale solo ed esclusivamente per i seguenti motivi:<\/p>\n<ol>\n<li>quando ha membri del suo nucleo familiare (marito\/moglie, figli, genitori \u2013 figli solo minorenni) residenti o iscritti all\u2019Aire nel Comune in cui ci si vuole trasferire;<\/li>\n<li>a seguito della registrazione presso lo Stato civile del\u00a0Comune in cui ci si vuole trasferire dell\u2019atto di nascita avvenuto all\u2019estero;<\/li>\n<li>per acquisizione della cittadinanza italiana.<\/li>\n<\/ol>\n<\/div>\n<p style=\"text-align: justify;\">\n<p style=\"text-align: justify;\"><strong>ANPR \u2013 POSSIBILIT\u00c0 DI SCARICARE GRATUITAMENTE CERTIFICATI ANAGRAFICI<\/strong><\/p>\n<p style=\"text-align: justify;\">A partire dal 15 novembre 2021 i certificati anagrafici personali (quali, ad esempio: residenza, cittadinanza, esistenza in vita) possono essere scaricati online gratuitamente direttamente dagli interessati, mediante il nuovo\u00a0<a href=\"https:\/\/www.anagrafenazionale.interno.it\/\">servizio dell\u2019Anagrafe Nazionale della Popolazione Residente (ANPR)<\/a> (in lingua italiana). In particolare, dal sito Internet \u00e8 possibile scaricare 14 certificati per proprio conto o per un componente della propria famiglia, direttamente dal proprio domicilio e senza necessit\u00e0 di recarsi presso un ufficio pubblico. I certificati possono, inoltre, essere rilasciati anche in forma contestuale (ad esempio cittadinanza, esistenza in vita e residenza possono essere richiesti in un unico certificato).<\/p>\n<p style=\"text-align: justify;\">Al portale si accede con la propria identit\u00e0 digitale (SPID, Carta d\u2019Identit\u00e0 Elettronica, Carta Nazionale dei Servizi); se la richiesta \u00e8 per un familiare sar\u00e0 mostrato l\u2019elenco dei componenti della famiglia per cui \u00e8 possibile richiedere un certificato. Il servizio consente, altres\u00ec, la visione dell\u2019anteprima del documento per verificare la correttezza dei dati, e di poterlo scaricare in formato PDF o riceverlo via e-mail.<\/p>\n<p style=\"text-align: justify;\">I certificati che \u00e8 possibile richiedere sono:<br \/>\n\u2013 Anagrafico di nascita;<br \/>\n\u2013 Anagrafico di matrimonio;<br \/>\n\u2013 Di cittadinanza;<br \/>\n\u2013 Di esistenza in vita;<br \/>\n\u2013 Di residenza;<br \/>\n\u2013 Di residenza AIRE;<br \/>\n\u2013 Di stato civile;<br \/>\n\u2013 Di stato di famiglia;<br \/>\n\u2013 Di residenza in convivenza;<br \/>\n\u2013 Di stato di famiglia AIRE;<br \/>\n\u2013 Di stato di famiglia con rapporti di parentela;<br \/>\n\u2013 Di stato libero;<br \/>\n\u2013 Anagrafico di unione civile;<br \/>\n\u2013 Di contratto di convivenza.<\/p>\n<p style=\"text-align: justify;\">Si ricorda che, in via generale, agli organi della Pubblica Amministrazione italiana e ai gestori di pubblici servizi italiani vanno presentate le autocertificazioni al posto dei certificati.<\/p>\n<p style=\"text-align: justify;\">\n","protected":false},"excerpt":{"rendered":"Informazioni generali sul sito del Ministero degli Affari Esteri e della Cooperazione Internazionale ISCRIZIONE ALL\u2019ANAGRAFE DEI RESIDENTI ALL\u2019ESTERO (A.I.R.E.) L\u2019Anagrafe degli Italiani Residenti all\u2019Estero (A.I.R.E.) \u00e8 stata istituita con legge 27 ottobre 1988, n. 470 (LEGGE 27 ottobre 1988, n. 470 \u2013 Normattiva). Essa \u00e8 gestita dai Comuni sulla base dei dati e delle informazioni [&hellip;]","protected":false},"author":4,"featured_media":0,"parent":47,"menu_order":2,"comment_status":"closed","ping_status":"closed","template":"","meta":{"footnotes":""},"class_list":["post-862","page","type-page","status-publish","hentry"],"_links":{"self":[{"href":"https:\/\/ambbrazzaville.esteri.it\/it\/wp-json\/wp\/v2\/pages\/862","targetHints":{"allow":["GET"]}}],"collection":[{"href":"https:\/\/ambbrazzaville.esteri.it\/it\/wp-json\/wp\/v2\/pages"}],"about":[{"href":"https:\/\/ambbrazzaville.esteri.it\/it\/wp-json\/wp\/v2\/types\/page"}],"author":[{"embeddable":true,"href":"https:\/\/ambbrazzaville.esteri.it\/it\/wp-json\/wp\/v2\/users\/4"}],"replies":[{"embeddable":true,"href":"https:\/\/ambbrazzaville.esteri.it\/it\/wp-json\/wp\/v2\/comments?post=862"}],"version-history":[{"count":7,"href":"https:\/\/ambbrazzaville.esteri.it\/it\/wp-json\/wp\/v2\/pages\/862\/revisions"}],"predecessor-version":[{"id":1752,"href":"https:\/\/ambbrazzaville.esteri.it\/it\/wp-json\/wp\/v2\/pages\/862\/revisions\/1752"}],"up":[{"embeddable":true,"href":"https:\/\/ambbrazzaville.esteri.it\/it\/wp-json\/wp\/v2\/pages\/47"}],"wp:attachment":[{"href":"https:\/\/ambbrazzaville.esteri.it\/it\/wp-json\/wp\/v2\/media?parent=862"}],"curies":[{"name":"wp","href":"https:\/\/api.w.org\/{rel}","templated":true}]}}