{"id":89,"date":"2023-04-11T18:22:07","date_gmt":"2023-04-11T16:22:07","guid":{"rendered":"https:\/\/ambasciatapraga.esteri.it\/?page_id=89"},"modified":"2024-12-20T13:34:24","modified_gmt":"2024-12-20T12:34:24","slug":"visti","status":"publish","type":"page","link":"https:\/\/ambbrazzaville.esteri.it\/it\/servizi-consolari-e-visti\/servizi-per-il-cittadino-straniero\/visti\/","title":{"rendered":"Visti"},"content":{"rendered":"<p><strong>HAI BISOGNO DI UN VISTO?<\/strong><\/p>\n<p>Scopri qual \u00e8 il visto corretto in base alle tue esigenze. Informati su quali documenti preparare e dove poter presentare domanda di visto. Scopri come usare correttamente i differenti tipi di visto.<\/p>\n<p><a href=\"https:\/\/ambbrazzaville.esteri.it\/servizi-consolari-e-visti\/servizi-per-il-cittadino-straniero\/visti\/turismo\/\"><strong>Turismo<\/strong><\/a><\/p>\n<p><a href=\"https:\/\/ambbrazzaville.esteri.it\/servizi-consolari-e-visti\/servizi-per-il-cittadino-straniero\/visti\/affari\/\"><strong>Affari\u00a0<\/strong><\/a><\/p>\n<p><a href=\"https:\/\/ambbrazzaville.esteri.it\/servizi-consolari-e-visti\/servizi-per-il-cittadino-straniero\/visti\/studio\/\"><strong>Studio\u00a0<\/strong><\/a><\/p>\n<p><a href=\"https:\/\/ambbrazzaville.esteri.it\/servizi-consolari-e-visti\/servizi-per-il-cittadino-straniero\/visti\/ricongiungimento-familiare\/\"><strong>Ricongiungimento familiare<\/strong><\/a><\/p>\n<p><a href=\"https:\/\/ambbrazzaville.esteri.it\/servizi-consolari-e-visti\/servizi-per-il-cittadino-straniero\/visti\/cure-mediche\/\"><strong>Cure mediche\u00a0<\/strong><\/a><\/p>\n<p><a href=\"https:\/\/ambbrazzaville.esteri.it\/servizi-consolari-e-visti\/servizi-per-il-cittadino-straniero\/visti\/missione\/\"><strong>Missione<\/strong><\/a><\/p>\n<p><strong><a href=\"https:\/\/ambbrazzaville.esteri.it\/it\/servizi-consolari-e-visti\/servizi-per-il-cittadino-straniero\/visti\/invito\/\">Invito<\/a>\u00a0<\/strong><\/p>\n<p>Non trovi il tuo visto? Vai su <a href=\"http:\/\/vistoperitalia.esteri.it\/home.aspx\">http:\/\/vistoperitalia.esteri.it\/home.aspx<\/a> per tutte le tipologie di visto o scrivi a visti.brazzaville@esteri.it<\/p>\n<p><strong>CHI PU\u00d2 FARE DOMANDA DI VISTO<\/strong><\/p>\n<p>Possono presentare domanda di visto <u>NAZIONALE<\/u> tutti i coloro che sono regolarmente residenti nella <strong>REPUBBLICA DEL CONGO<\/strong> e nella <strong>REPUBBLICA DEMOCRATICA DEL CONGO<\/strong>.<\/p>\n<p>Possono presentare domanda di visto <u>SCHENGEN <\/u>i cittadini di quei Paesi per cui \u00e8 previsto l\u2019obbligo di visto (<a href=\"https:\/\/vistoperitalia.esteri.it\/home.aspx\">https:\/\/vistoperitalia.esteri.it\/home.aspx<\/a> ) e che siano regolarmente residenti nella <strong>REPUBBLICA DEL CONGO<\/strong>. Possono inoltre presentare domanda di visto Schengen gli stranieri provenienti da Paesi soggetti a obbligo di visto che siano legalmente presenti nella Repubblica del Congo su base temporanea, e che abbiano giustificati motivi per presentare domanda di visto a Brazzaville anzich\u00e9 nel Paese di stabile residenza. L\u2019Ufficio Visti si riserva di valutare i giustificati motivi prima di dichiarare ricevibile la domanda.<\/p>\n<p><strong>Familiari di cittadini dell\u2019Unione Europea\/EEA<\/strong><\/p>\n<p>La normativa (Direttiva 2004\/38\/CE e D. Lgs. 30\/2007 disponibile al\u00a0<a href=\"https:\/\/eur-lex.europa.eu\/legal-content\/EN\/TXT\/?uri=CELEX%3A02004L0038-20110616\"><strong>link<\/strong><\/a>\u00a0prevede agevolazioni per i familiari dei cittadini dell\u2019UE\/EEA.<\/p>\n<p><strong>DOVE FARE DOMANDA DI VISTO<\/strong><\/p>\n<p>La domanda di visto pu\u00f2 essere presentata allo sportello visti dell&#8217;Ambasciata d&#8217;Italia presso la Repubblica del Congo (2, Av. Auxence Ickonga, Brazzaville). Lingue parlate: italiano e francese.<\/p>\n<p>Lo sportello \u00e8 aperto al pubblico dal luned\u00ec al venerd\u00ec, dalle ore 09.00 alle ore 13.00.<\/p>\n<p>Per richiedere un appuntamento si prega di utilizzare il portale <a href=\"https:\/\/prenotami.esteri.it\/\">Prenot@Mi<\/a>.<\/p>\n<p>Per informazioni si prega di scrivere a visti.brazzaville@esteri.it.<\/p>\n<p><strong>ATTENZIONE<\/strong>:\u00a0 Il portale <a href=\"https:\/\/prenotami.esteri.it\/\">Prenot@Mi<\/a> \u00e8 l&#8217;unica procedura per la prenotazione dell\u2019appuntamento. Si raccomanda di diffidare di chiunque millanti di offrire \u201ccanali preferenziali\u201d in maniera fraudolenta e a pagamento.<\/p>\n<p><strong>QUANDO CHIEDERE UN VISTO SCHENGEN PER L\u2019ITALIA?<\/strong><\/p>\n<p>I richiedenti visto Schengen possono fare richiesta all\u2019Ambasciata d\u2019Italia:<\/p>\n<ul>\n<li>quando l\u2019Italia \u00e8 l\u2019unico Paese destinazione del viaggio;<\/li>\n<li>qualora il viaggio interessi pi\u00f9 di un Paese Schengen e l\u2019Italia sia la destinazione principale del viaggio in termini di durata o di finalit\u00e0 del soggiorno;<\/li>\n<li>se la destinazione principale non pu\u00f2 essere determinata in base ai criteri dei punti a) e b), quando l\u2019Italia \u00e8 il Paese attraverso le cui frontiere esterne il richiedente intende entrare in area Schengen;<\/li>\n<li><u>da 6 mesi e fino a 15 giorni<\/u> prima la data di partenza.<\/li>\n<\/ul>\n<p><strong>QUANTO COSTA UN VISTO?<\/strong><\/p>\n<p><strong>Visti nazionali<\/strong><\/p>\n<p>Visti nazionali D (lunga durata): 116 euro \u2013 80.000 FCFA<\/p>\n<p>Visti nazionali D per studio (lunga durata): 50 euro \u2013 35.000 FCFA<\/p>\n<p><strong>Visti Schengen<\/strong><\/p>\n<p>Visti Schengen C: 90 euro \u2013 60.000 FCFA<\/p>\n<p>Visti Schengen C per i minori tra 6 e 12 anni: 40 euro \u2013 30.000 FCFA<\/p>\n<p>I visti sono gratuiti per i richiedenti appartenenti a una delle categorie seguenti:<\/p>\n<ul>\n<li>minori di et\u00e0 inferiore ai sei anni;<\/li>\n<li>alunni, studenti, studenti gi\u00e0 laureati e insegnanti accompagnatori che intraprendono soggiorni di breve periodo per motivi di studio o formazione pedagogica;<\/li>\n<li>ricercatori di paesi terzi che si spostano a fini di ricerca scientifica ai sensi della raccomandazione 2005\/761\/CE del Parlamento europeo e del Consiglio, del 28 settembre 2005, diretta a facilitare il rilascio, da parte degli Stati membri, di visti uniformi di soggiorno di breve durata per i ricercatori di paesi terzi che si spostano nella Comunit\u00e0 a fini di ricerca scientifica;<\/li>\n<li>rappresentanti di organizzazioni senza fini di lucro di et\u00e0 non superiore ai venticinque anni che partecipano a seminari, conferenze, manifestazioni sportive, culturali o educative organizzati da organizzazioni senza fini di lucro;<\/li>\n<li>titolari di passaporto diplomatico;<\/li>\n<li>i seguenti familiari di cittadini UE\/EEA, quando accompagnano o raggiungono il cittadino UE\/EEA, cos\u00ec come identificati dalla Direttiva 2004\/38\/CE e dal D Lgs 30\/2007:<\/li>\n<\/ul>\n<ol>\n<li style=\"list-style-type: none;\">\n<ol>\n<li>il coniuge;<\/li>\n<li>il partner che abbia contratto con il cittadino dell&#8217;Unione un&#8217;unione registrata sulla base della legislazione di uno Stato membro, qualora la legislazione dello Stato membro ospitante equipari l&#8217;unione registrata al matrimonio e nel rispetto delle condizioni previste dalla pertinente legislazione dello Stato membro ospitante;<\/li>\n<li>i discendenti diretti di et\u00e0 inferiore a 21 anni o a carico e quelli del coniuge o partner;<\/li>\n<li>gli ascendenti diretti a carico e quelli del coniuge o partner.<\/li>\n<\/ol>\n<\/li>\n<\/ol>\n<p><strong>DATI BIOMETRICI (VISA INFORMATION SYSTEM)<\/strong><\/p>\n<p>A partire dal 12 ottobre 2015 tutti i richiedenti visto dovranno fornire i loro dati biometrici (le impronte digitali delle dieci dita delle mani e una foto) al momento della richiesta di visto SCHENGEN, presentandosi di persona al momento della domanda di visto. Le informazioni sui dati biometrici saranno conservate per 59 mesi (quasi 5 anni). Per eventuali successive richieste di visto entro tale periodo di tempo non si dovranno prelevare nuovamente le impronte.<\/p>\n<p>L\u2019esenzione dall&#8217;obbligo di raccolta delle impronte digitali \u00e8 prevista per: bambini di et\u00e0 inferiore ai 12 anni e persone per le quali la raccolta delle impronte digitali \u00e8 fisicamente impossibile. Sono altres\u00ec esentati, in occasione di visite ufficiali, i Capi di Stato e i membri del Governo, assieme ai componenti della delegazione al seguito e ai coniugi.<\/p>\n<p>Per i visti NAZIONALI non \u00e8 richiesta la raccolta dei dati biometrici.<\/p>\n<p><strong>TEMPISTICHE DI LAVORAZIONE DELLE DOMANDE DI VISTO<\/strong><\/p>\n<p>L&#8217;Ufficio Visti lavora le domande di visto nazionale entro 90 giorni, ridotti a 30 giorni per i visti per motivi familiari e a 30 giorni per i visti per lavoro subordinato all\u2019interno delle quote, ed estesi sino ai 120 giorni per lavoro autonomo.<\/p>\n<p>Per le domande di visti Schengen, l&#8217;Ufficio Visti prevede un tempo massimo di trattazione di 15 giorni, estendibile a 45 giorni qualora necessario, dalla consegna del passaporto in Ambasciata. In singoli casi d&#8217;urgenza giustificati la trattazione potr\u00e0 essere immediata.<\/p>\n<p><strong>COSA SUCCEDE IN CASO DI RIFIUTO DEL VISTO<\/strong><\/p>\n<p>Eventuali decisioni negative relative alle domande di visto saranno notificate al richiedente. Nel provvedimento di rifiuto del visto sono indicati i motivi del rifiuto. Il richiedente la cui domanda \u00e8 stata rifiutata ha diritto di presentare nuova domanda di visto, integrando eventuali documenti mancanti, ovvero di proporre ricorso. Eventuali ricorsi devono essere presentati al Tribunale Amministrativo Regionale del Lazio, con l\u2019assistenza di un legale, entro 60 giorni dalla notifica del provvedimento di rifiuto. Il ricorso deve essere notificato, a pena di nullit\u00e0 (in base all\u2019art. 144 del C.P.C. e all\u2019art. 11 del R.D. n. 1611 del 1933), all&#8217;Avvocatura dello Stato.<\/p>\n<p>Solo per i visti per motivi familiari il ricorso va presentato al Tribunale ordinario del luogo di residenza del richiedente in Italia.<\/p>\n<p><strong>UTILIZZARE CORRETTAMENTE UN VISTO NAZIONALE ITALIANO<\/strong><\/p>\n<p>Una volta giunti in Italia con un visto nazionale italiano, \u00e8 necessario recarsi entro 8 giorni lavorativi presso la competente Questura della Provincia ove si intende risiedere per fare richiesta di Permesso di soggiorno. La durata del Permesso di soggiorno sar\u00e0 corrispondente a quella indicata sul visto. Il Permesso di soggiorno dovr\u00e0 essere rinnovato direttamente in Italia.<\/p>\n<p><strong>UTILIZZARE CORRETTAMENTE UN VISTO SCHENGEN<\/strong><\/p>\n<p>L\u2019ottenimento del visto non d\u00e0 automaticamente diritto all\u2019ingresso dell\u2019area Schengen. Ai titolari di un visto possono essere richieste, una volta arrivati alla frontiera esterna dell\u2019area Schengen o in occasione di altri controlli, informazioni sui mezzi di sostentamento, sulla durata del soggiorno previsto in area Schengen e sullo scopo del viaggio. Si raccomanda di portare con s\u00e9 copia dei documenti presentati in fase di domanda di visto (quali ad esempio, lettere di invito, prenotazioni alberghiere e aeree o altri documenti atti a dimostrare lo scopo del viaggio).<\/p>\n<p>Il visto Schengen d\u00e0 diritto a circolare nei Paesi dell\u2019area Schengen. \u00c8 possibile rimanere in area Schengen solamente per il numero di giorni indicati sul visto, che va utilizzato esclusivamente nel lasso temporale indicato \u201cdal\u201d \u201cal\u201d. La dicitura \u201cDurata del soggiorno \u2026 giorni\u201d indica il numero di giorni che \u00e8 possibile trascorrere nell\u2019area Schengen, a partire dalla data in cui si fa ingresso nel territorio Schengen (da contare sulla base dei timbri di ingresso e uscita). Il lasso temporale indicato \u201cDa\u2026a\u201d pu\u00f2 essere pi\u00f9 lungo rispetto alla \u201cDurata del soggiorno\u201d al fine di consentire una certa flessibilit\u00e0. Tuttavia non \u00e8 possibile rimanere in area Schengen pi\u00f9 giorni rispetto a quelli indicati sotto la voce \u201cDurata del soggiorno\u2026giorni\u201d. Inoltre non \u00e8 possibile soggiornare oltre la data indicata alla voce \u201cFino al\u201d.<\/p>\n<p>Il numero di ingressi concessi pu\u00f2 essere: uno, due o multipli. Quanti hanno necessit\u00e0 di recarsi frequentemente in area Schengen possono richiedere visti ad ingressi multipli pluriennali fino ad un massimo di 5 anni. In caso di visti ad ingressi multipli \u00e8 possibile rimanere all\u2019interno dell\u2019area Schengen per un massimo di 90 giorni ogni 180 giorni.<\/p>\n<p><strong>ULTIRIORI INFORMAZIONI<\/strong><\/p>\n<p>Per ogni ulteriore informazione \u00e8 possibile consultare direttamente il sito del Ministero degli Esteri e della Cooperazione Internazionale (<a href=\"https:\/\/www.esteri.it\/it\/\">https:\/\/www.esteri.it\/it\/<\/a>\u00a0) e il sito della Commissione europea (<a href=\"https:\/\/home-affairs.ec.europa.eu\/policies\/schengen-borders-and-visa_en\">https:\/\/home-affairs.ec.europa.eu\/policies\/schengen-borders-and-visa_en<\/a>\u00a0).<\/p>\n<p><strong>Protezione delle persone fisiche con riguardo al trattamento dei dati personali ai fini del rilascio di un visto d\u2019ingresso in Italia e nell\u2019area Schengen<\/strong><\/p>\n<p><a href=\"https:\/\/eur-lex.europa.eu\/legal-content\/EN\/TXT\/?uri=CELEX%3A02016R0679-20160504\">Regolamento Generale sulla Protezione dei Dati (UE) 2016\/679<\/a><\/p>\n","protected":false},"excerpt":{"rendered":"HAI BISOGNO DI UN VISTO? Scopri qual \u00e8 il visto corretto in base alle tue esigenze. Informati su quali documenti preparare e dove poter presentare domanda di visto. Scopri come usare correttamente i differenti tipi di visto. Turismo Affari\u00a0 Studio\u00a0 Ricongiungimento familiare Cure mediche\u00a0 Missione Invito\u00a0 Non trovi il tuo visto? Vai su http:\/\/vistoperitalia.esteri.it\/home.aspx per [&hellip;]","protected":false},"author":1,"featured_media":0,"parent":48,"menu_order":0,"comment_status":"closed","ping_status":"closed","template":"","meta":{"footnotes":""},"class_list":["post-89","page","type-page","status-publish","hentry"],"_links":{"self":[{"href":"https:\/\/ambbrazzaville.esteri.it\/it\/wp-json\/wp\/v2\/pages\/89","targetHints":{"allow":["GET"]}}],"collection":[{"href":"https:\/\/ambbrazzaville.esteri.it\/it\/wp-json\/wp\/v2\/pages"}],"about":[{"href":"https:\/\/ambbrazzaville.esteri.it\/it\/wp-json\/wp\/v2\/types\/page"}],"author":[{"embeddable":true,"href":"https:\/\/ambbrazzaville.esteri.it\/it\/wp-json\/wp\/v2\/users\/1"}],"replies":[{"embeddable":true,"href":"https:\/\/ambbrazzaville.esteri.it\/it\/wp-json\/wp\/v2\/comments?post=89"}],"version-history":[{"count":7,"href":"https:\/\/ambbrazzaville.esteri.it\/it\/wp-json\/wp\/v2\/pages\/89\/revisions"}],"predecessor-version":[{"id":1443,"href":"https:\/\/ambbrazzaville.esteri.it\/it\/wp-json\/wp\/v2\/pages\/89\/revisions\/1443"}],"up":[{"embeddable":true,"href":"https:\/\/ambbrazzaville.esteri.it\/it\/wp-json\/wp\/v2\/pages\/48"}],"wp:attachment":[{"href":"https:\/\/ambbrazzaville.esteri.it\/it\/wp-json\/wp\/v2\/media?parent=89"}],"curies":[{"name":"wp","href":"https:\/\/api.w.org\/{rel}","templated":true}]}}